{"id":56206,"date":"2023-02-20T10:17:49","date_gmt":"2023-02-20T10:17:49","guid":{"rendered":"https:\/\/www.binomiumproperties.com\/riomar-luxury-villas\/"},"modified":"2023-03-03T14:53:24","modified_gmt":"2023-03-03T14:53:24","slug":"riomar-luxury-villas","status":"publish","type":"page","link":"https:\/\/www.binomiumproperties.com\/en\/riomar-luxury-villas\/","title":{"rendered":"Riomar Luxury Villas"},"content":{"rendered":"<section class=\"wpb-content-wrapper\"><p>[vc_row margin_top=&#8221;20&#8243; margin_bottom=&#8221;20&#8243;][vc_column width=&#8221;2\/3&#8243;][vc_single_image image=&#8221;56038&#8243; img_size=&#8221;full&#8221; image_hovers=&#8221;false&#8221; css=&#8221;.vc_custom_1676889138839{margin-bottom: 20px !important;}&#8221;]<div class=\"dt-photos-shortcode slider-wrapper owl-carousel dt-owl-carousel-init  shortcode-instagram dt-gallery-container arrows-light enable-mobile-arrows\" data-padding-side=\"10\" data-autoslide=\"true\" data-delay=\"3000\" data-loop=\"false\" data-arrows=\"true\" data-pretty-share=\"facebook,twitter,pinterest,google,linkedin\">\n<article class=\"post post-56039 attachment type-attachment status-inherit hentry no-img description-off\">\n\n\t<figure class=\"rollover-project links-hovers-disabled\">\n\t<a href=\"https:\/\/www.binomiumproperties.com\/wp-content\/uploads\/2023\/02\/1.-RIOMAR.PISCINA.jpg\" class=\"rollover rollover-zoom dt-pswp-item layzr-bg\" title=\"1.-RIOMAR.PISCINA\" data-dt-img-description=\"\"  data-large_image_width=\"2000\" data-large_image_height = \"1125\"  data-dt-location=\"https:\/\/www.binomiumproperties.com\/en\/riomar-luxury-villas\/1-riomar-piscina-2\/\" ><img class=\"preload-me lazy-load aspect\" src=\"data:image\/svg+xml,%3Csvg%20xmlns%3D&#39;http%3A%2F%2Fwww.w3.org%2F2000%2Fsvg&#39;%20viewBox%3D&#39;0%200%20100%20100&#39;%2F%3E\" data-src=\"https:\/\/www.binomiumproperties.com\/wp-content\/uploads\/2023\/02\/1.-RIOMAR.PISCINA-100x100.jpg\" data-srcset=\"https:\/\/www.binomiumproperties.com\/wp-content\/uploads\/2023\/02\/1.-RIOMAR.PISCINA-100x100.jpg 100w, https:\/\/www.binomiumproperties.com\/wp-content\/uploads\/2023\/02\/1.-RIOMAR.PISCINA-200x200.jpg 200w\" loading=\"eager\" style=\"--ratio: 100 \/ 100;\" sizes=\"(max-width: 100px) 100vw, 100px\" alt=\"\" width=\"100\" height=\"100\"  \/><\/a>\t<\/figure>\n<\/article>\n\n\n<article class=\"post post-56051 attachment type-attachment status-inherit hentry no-img description-off\">\n\n\t<figure class=\"rollover-project links-hovers-disabled\">\n\t<a href=\"https:\/\/www.binomiumproperties.com\/wp-content\/uploads\/2023\/02\/2.-RIOMAR.jpg\" class=\"rollover rollover-zoom dt-pswp-item layzr-bg\" title=\"2.-RIOMAR\" data-dt-img-description=\"\"  data-large_image_width=\"2000\" data-large_image_height = \"1125\"  data-dt-location=\"https:\/\/www.binomiumproperties.com\/en\/2-riomar-2\/\" ><img class=\"preload-me lazy-load aspect\" src=\"data:image\/svg+xml,%3Csvg%20xmlns%3D&#39;http%3A%2F%2Fwww.w3.org%2F2000%2Fsvg&#39;%20viewBox%3D&#39;0%200%20100%20100&#39;%2F%3E\" data-src=\"https:\/\/www.binomiumproperties.com\/wp-content\/uploads\/2023\/02\/2.-RIOMAR-100x100.jpg\" data-srcset=\"https:\/\/www.binomiumproperties.com\/wp-content\/uploads\/2023\/02\/2.-RIOMAR-100x100.jpg 100w, https:\/\/www.binomiumproperties.com\/wp-content\/uploads\/2023\/02\/2.-RIOMAR-200x200.jpg 200w\" loading=\"eager\" style=\"--ratio: 100 \/ 100;\" sizes=\"(max-width: 100px) 100vw, 100px\" alt=\"\" width=\"100\" height=\"100\"  \/><\/a>\t<\/figure>\n<\/article>\n\n\n<article class=\"post post-56054 attachment type-attachment status-inherit hentry no-img description-off\">\n\n\t<figure class=\"rollover-project links-hovers-disabled\">\n\t<a href=\"https:\/\/www.binomiumproperties.com\/wp-content\/uploads\/2023\/02\/3.-RIOMAR-INTERIOR.jpg\" class=\"rollover rollover-zoom dt-pswp-item layzr-bg\" title=\"3.-RIOMAR-INTERIOR\" data-dt-img-description=\"\"  data-large_image_width=\"2000\" data-large_image_height = \"1125\"  data-dt-location=\"https:\/\/www.binomiumproperties.com\/en\/3-riomar-interior-2\/\" ><img class=\"preload-me lazy-load aspect\" src=\"data:image\/svg+xml,%3Csvg%20xmlns%3D&#39;http%3A%2F%2Fwww.w3.org%2F2000%2Fsvg&#39;%20viewBox%3D&#39;0%200%20100%20100&#39;%2F%3E\" data-src=\"https:\/\/www.binomiumproperties.com\/wp-content\/uploads\/2023\/02\/3.-RIOMAR-INTERIOR-100x100.jpg\" data-srcset=\"https:\/\/www.binomiumproperties.com\/wp-content\/uploads\/2023\/02\/3.-RIOMAR-INTERIOR-100x100.jpg 100w, https:\/\/www.binomiumproperties.com\/wp-content\/uploads\/2023\/02\/3.-RIOMAR-INTERIOR-200x200.jpg 200w\" loading=\"eager\" style=\"--ratio: 100 \/ 100;\" sizes=\"(max-width: 100px) 100vw, 100px\" alt=\"\" width=\"100\" height=\"100\"  \/><\/a>\t<\/figure>\n<\/article>\n\n\n<article class=\"post post-56057 attachment type-attachment status-inherit hentry no-img description-off\">\n\n\t<figure class=\"rollover-project links-hovers-disabled\">\n\t<a href=\"https:\/\/www.binomiumproperties.com\/wp-content\/uploads\/2023\/02\/4.-RIOMAR-INTERIOR.jpg\" class=\"rollover rollover-zoom dt-pswp-item layzr-bg\" title=\"4.-RIOMAR-INTERIOR\" data-dt-img-description=\"\"  data-large_image_width=\"2000\" data-large_image_height = \"1125\"  data-dt-location=\"https:\/\/www.binomiumproperties.com\/en\/4-riomar-interior-2\/\" ><img class=\"preload-me lazy-load aspect\" src=\"data:image\/svg+xml,%3Csvg%20xmlns%3D&#39;http%3A%2F%2Fwww.w3.org%2F2000%2Fsvg&#39;%20viewBox%3D&#39;0%200%20100%20100&#39;%2F%3E\" data-src=\"https:\/\/www.binomiumproperties.com\/wp-content\/uploads\/2023\/02\/4.-RIOMAR-INTERIOR-100x100.jpg\" data-srcset=\"https:\/\/www.binomiumproperties.com\/wp-content\/uploads\/2023\/02\/4.-RIOMAR-INTERIOR-100x100.jpg 100w, https:\/\/www.binomiumproperties.com\/wp-content\/uploads\/2023\/02\/4.-RIOMAR-INTERIOR-200x200.jpg 200w\" loading=\"eager\" style=\"--ratio: 100 \/ 100;\" sizes=\"(max-width: 100px) 100vw, 100px\" alt=\"\" width=\"100\" height=\"100\"  \/><\/a>\t<\/figure>\n<\/article>\n\n\n<article class=\"post post-56048 attachment type-attachment status-inherit hentry no-img description-off\">\n\n\t<figure class=\"rollover-project links-hovers-disabled\">\n\t<a href=\"https:\/\/www.binomiumproperties.com\/wp-content\/uploads\/2023\/02\/0.-ORTO-.jpg\" class=\"rollover rollover-zoom dt-pswp-item layzr-bg\" title=\"0.-ORTO\" data-dt-img-description=\"\"  data-large_image_width=\"2000\" data-large_image_height = \"1125\"  data-dt-location=\"https:\/\/www.binomiumproperties.com\/en\/0-orto-2\/\" ><img class=\"preload-me lazy-load aspect\" src=\"data:image\/svg+xml,%3Csvg%20xmlns%3D&#39;http%3A%2F%2Fwww.w3.org%2F2000%2Fsvg&#39;%20viewBox%3D&#39;0%200%20100%20100&#39;%2F%3E\" data-src=\"https:\/\/www.binomiumproperties.com\/wp-content\/uploads\/2023\/02\/0.-ORTO--100x100.jpg\" data-srcset=\"https:\/\/www.binomiumproperties.com\/wp-content\/uploads\/2023\/02\/0.-ORTO--100x100.jpg 100w, https:\/\/www.binomiumproperties.com\/wp-content\/uploads\/2023\/02\/0.-ORTO--200x200.jpg 200w\" loading=\"eager\" style=\"--ratio: 100 \/ 100;\" sizes=\"(max-width: 100px) 100vw, 100px\" alt=\"\" width=\"100\" height=\"100\"  \/><\/a>\t<\/figure>\n<\/article>\n\n<\/div>[\/vc_column][vc_column width=&#8221;1\/3&#8243;][vc_column_text css=&#8221;.vc_custom_1676888155088{margin-bottom: 20px !important;}&#8221;]<\/p>\n<h3><strong><span class=\"selectable-text1\">Riomar Luxury Villas<\/span><\/strong><\/h3>\n<p>[\/vc_column_text]<div class=\"standard-arrow list-divider bullet-top\"><ul>\n<li><span style=\"color: #333333;\">SITUATION:<br \/>\n<\/span><span style=\"color: #000000;\"><strong><span class=\"selectable-text1\">Urbanizaci\u00f3n RioMar en Mil Palmeras (Torre de la Horadada)<\/span><br \/>\n<span class=\"selectable-text1\">A 800 m de la playa<\/span><br \/>\n<\/strong><\/span><\/li>\n<li>TYPE OF PROPERTY:<br \/>\n<strong><span class=\"selectable-text1\">Apartments with garden, pool and solarium<\/span><\/strong><\/li>\n<\/ul>\n<\/div>[vc_column_text]<strong>Riomar Luxury Villas<\/strong> es un residencial concebido para disfrutar del clima mediterr\u00e1neo. Para ello cada villa dispone de magn\u00edficas terrazas, sol\u00e1rium y un preciosos jard\u00edn con piscina de dise\u00f1o. Con una orientaci\u00f3n inmejorable, cerca de la playa y dentro de una urbanizaci\u00f3n consolidada que cuenta con instalaciones deportivas y zonas de ocio.<\/p>\n<p>Las viviendas cuentan con amplias estancias distribuidas en 2 plantas. En la planta baja, vinculada al jard\u00edn, nos encontramos con un luminoso sal\u00f3n-comedor m\u00e1s cocina as\u00ed como dormitorio de matrimonio y ba\u00f1o. En la planta primera hay otros 2 dormitorios dobles cada uno con su propio ba\u00f1o. Un fant\u00e1stico sol\u00e1rium remata el conjunto en la planta cubierta.<\/p>\n<p>Riomar \u2013 Mil Palmeras est\u00e1 situada en una zona privilegiada de Torre de la Horadada. Su tranquilidad as\u00ed como la cercan\u00eda a la playa y a todo tipo de servicios hace de ella un enclave inmejorable.[\/vc_column_text][\/vc_column][\/vc_row][vc_row][vc_column][vc_gmaps link=&#8221;#E-8_JTNDaWZyYW1lJTIwc3JjJTNEJTIyaHR0cHMlM0ElMkYlMkZ3d3cuZ29vZ2xlLmNvbSUyRm1hcHMlMkZlbWJlZCUzRnBiJTNEJTIxMW0xNyUyMTFtMTIlMjExbTMlMjExZDE1NzQuNDY1MzAxMzAzMzA2MiUyMTJkLTAuNzYzMzA1NTk5OTk5OTk5OSUyMTNkMzcuODg1MzA1NTk5OTk5OTk1JTIxMm0zJTIxMWYwJTIxMmYwJTIxM2YwJTIxM20yJTIxMWkxMDI0JTIxMmk3NjglMjE0ZjEzLjElMjEzbTIlMjExbTElMjEyek16ZkNzRFV6SnpBM0xqRWlUaUF3d3JBME5TYzBOeTQ1SWxjJTIxNWUwJTIxM20yJTIxMXNlcyUyMTJzZXMlMjE0djE2NzY4ODkzNDk3OTIlMjE1bTIlMjExc2VzJTIxMnNlcyUyMiUyMHdpZHRoJTNEJTIyNjAwJTIyJTIwaGVpZ2h0JTNEJTIyNDUwJTIyJTIwZnJhbWVib3JkZXIlM0QlMjIwJTIyJTIwc3R5bGUlM0QlMjJib3JkZXIlM0EwJTIyJTIwYWxsb3dmdWxsc2NyZWVuJTIwbG9hZGluZyUzRCUyMmxhenklMjIlM0UlM0MlMkZpZnJhbWUlM0U=&#8221; title=&#8221;Situation&#8221; css=&#8221;.vc_custom_1677854919071{margin-top: 20px !important;}&#8221;][\/vc_column][\/vc_row][vc_row type=&#8221;2&#8243; padding_top=&#8221;30px&#8221; padding_bottom=&#8221;30px&#8221; bg_color=&#8221;#333333&#8243; css=&#8221;.vc_custom_1518112293780{background-color: #4c4c4c !important;}&#8221;][vc_column width=&#8221;1\/4&#8243;][vc_column_text]<\/p>\n<h2>Are you interested?<\/h2>\n<p style=\"text-align: left;\" align=\"justify\">If you are interested in Riomar Luxury Villas, please do not hesitate to contact us through this web form. We will contact you as soon as possible to carry out an inspection visit and check these homes located in Urbanization RioMar en Mil Palmeras (Torre de la Horadada).<\/p>\n<p>[\/vc_column_text][\/vc_column][vc_column width=&#8221;3\/4&#8243;]<form class=\"dt-contact-form dt-form\" method=\"post\"><input type=\"hidden\" name=\"widget_id\" value=\"presscore-contact-form-widget--1\" \/><input type=\"hidden\" name=\"send_message\" value=\"\" \/><input type=\"hidden\" name=\"security_token\" value=\"a426d491c70fec8c8996\"\/><div class=\"form-fields\"><span class=\"form-name\"><label class=\"assistive-text\">Name *<\/label><input type=\"text\" class=\"validate[required]\" placeholder=\"Name *\" name=\"name\" value=\"\" aria-required=\"true\">\n<\/span><span class=\"form-mail\"><label class=\"assistive-text\">E-mail *<\/label><input type=\"text\" class=\"validate[required,custom[email]]\" placeholder=\"E-mail *\" name=\"email\" value=\"\" aria-required=\"true\">\n<\/span><span class=\"form-telephone\"><label class=\"assistive-text\">Telephone *<\/label><input type=\"text\" class=\"validate[required,custom[phone]]\" placeholder=\"Telephone *\" name=\"telephone\" value=\"\" aria-required=\"true\">\n<\/span><span class=\"form-country\"><label class=\"assistive-text\">Country<\/label><input type=\"text\" placeholder=\"Country\" name=\"country\" value=\"\" aria-required=\"false\">\n<\/span><span class=\"form-city\"><label class=\"assistive-text\">City<\/label><input type=\"text\" placeholder=\"City\" name=\"city\" value=\"\" aria-required=\"false\">\n<\/span><\/div><span class=\"form-message\"><label class=\"assistive-text\">Message *<\/label><textarea class=\"validate[required]\" placeholder=\"Message *\" name=\"message\" rows=\"6\" aria-required=\"true\"><\/textarea>\n<\/span><p><a href=\"#\" class=\"dt-btn dt-btn-m dt-btn-submit\" rel=\"nofollow\"><span>ENVIAR<\/span><\/a><input class=\"assistive-text\" type=\"submit\" value=\"submit\"><\/p><\/form>\n[\/vc_column][\/vc_row][vc_row margin_top=&#8221;50px&#8221; full_width_row=&#8221;true&#8221;][vc_column][vc_column_text]<\/p>\n<h3 style=\"text-align: center;\">OTHER PROMOTIONS<\/h3>\n<p>[\/vc_column_text][vc_row_inner][vc_column_inner width=&#8221;1\/3&#8243;][vc_single_image image=&#8221;55592&#8243; img_size=&#8221;full&#8221; alignment=&#8221;center&#8221; onclick=&#8221;custom_link&#8221; image_hovers=&#8221;false&#8221; link=&#8221;https:\/\/www.binomiumproperties.com\/en\/alyssa-phase-iv\/&#8221; css=&#8221;.vc_custom_1677855078404{margin-top: 20px !important;margin-right: 20px !important;margin-bottom: 20px !important;margin-left: 20px !important;}&#8221;][\/vc_column_inner][vc_column_inner width=&#8221;1\/3&#8243;][vc_single_image image=&#8221;53993&#8243; img_size=&#8221;full&#8221; alignment=&#8221;center&#8221; onclick=&#8221;custom_link&#8221; image_hovers=&#8221;false&#8221; link=&#8221;https:\/\/www.binomiumproperties.com\/en\/villas-roda-golf\/&#8221; css=&#8221;.vc_custom_1677855097951{margin-top: 20px !important;margin-right: 20px !important;margin-bottom: 20px !important;margin-left: 20px !important;}&#8221;][\/vc_column_inner][vc_column_inner width=&#8221;1\/3&#8243;][vc_single_image image=&#8221;54154&#8243; img_size=&#8221;full&#8221; alignment=&#8221;center&#8221; onclick=&#8221;custom_link&#8221; image_hovers=&#8221;false&#8221; link=&#8221;http:\/\/www.binomiumproperties.com\/en\/residential-bianca\/&#8221; css=&#8221;.vc_custom_1677855104299{margin-top: 20px !important;margin-right: 20px !important;margin-bottom: 20px !important;margin-left: 20px !important;}&#8221;][\/vc_column_inner][\/vc_row_inner][\/vc_column][\/vc_row]<\/p>\n<\/section>","protected":false},"excerpt":{"rendered":"<p>[vc_row margin_top=&#8221;20&#8243; margin_bottom=&#8221;20&#8243;][vc_column width=&#8221;2\/3&#8243;][vc_single_image image=&#8221;56038&#8243; img_size=&#8221;full&#8221; image_hovers=&#8221;false&#8221; css=&#8221;.vc_custom_1676889138839{margin-bottom: 20px !important;}&#8221;][\/vc_column][vc_column width=&#8221;1\/3&#8243;][vc_column_text css=&#8221;.vc_custom_1676888155088{margin-bottom: 20px !important;}&#8221;] Riomar Luxury Villas [\/vc_column_text][vc_column_text]Riomar Luxury Villas es un residencial concebido para disfrutar del clima mediterr\u00e1neo. Para ello cada villa dispone de magn\u00edficas terrazas, sol\u00e1rium y un preciosos jard\u00edn con piscina de dise\u00f1o. Con una orientaci\u00f3n inmejorable, cerca de la playa y&hellip;<\/p>\n","protected":false},"author":1,"featured_media":0,"parent":0,"menu_order":0,"comment_status":"closed","ping_status":"closed","template":"","meta":{"_seopress_robots_primary_cat":""},"_links":{"self":[{"href":"https:\/\/www.binomiumproperties.com\/en\/wp-json\/wp\/v2\/pages\/56206"}],"collection":[{"href":"https:\/\/www.binomiumproperties.com\/en\/wp-json\/wp\/v2\/pages"}],"about":[{"href":"https:\/\/www.binomiumproperties.com\/en\/wp-json\/wp\/v2\/types\/page"}],"author":[{"embeddable":true,"href":"https:\/\/www.binomiumproperties.com\/en\/wp-json\/wp\/v2\/users\/1"}],"replies":[{"embeddable":true,"href":"https:\/\/www.binomiumproperties.com\/en\/wp-json\/wp\/v2\/comments?post=56206"}],"version-history":[{"count":3,"href":"https:\/\/www.binomiumproperties.com\/en\/wp-json\/wp\/v2\/pages\/56206\/revisions"}],"predecessor-version":[{"id":56212,"href":"https:\/\/www.binomiumproperties.com\/en\/wp-json\/wp\/v2\/pages\/56206\/revisions\/56212"}],"wp:attachment":[{"href":"https:\/\/www.binomiumproperties.com\/en\/wp-json\/wp\/v2\/media?parent=56206"}],"curies":[{"name":"wp","href":"https:\/\/api.w.org\/{rel}","templated":true}]}}