{"id":54841,"date":"2018-02-08T11:18:35","date_gmt":"2018-02-08T11:18:35","guid":{"rendered":"http:\/\/www.binomiumproperties.com\/sobre-nosotros\/"},"modified":"2020-02-24T08:23:05","modified_gmt":"2020-02-24T08:23:05","slug":"a-propos-de-nous","status":"publish","type":"page","link":"https:\/\/www.binomiumproperties.com\/fr\/a-propos-de-nous\/","title":{"rendered":"A propos de nous"},"content":{"rendered":"<section class=\"wpb-content-wrapper\"><p>[vc_row type=\u00a0\u00bbvc_default\u00a0\u00bb equal_height=\u00a0\u00bbyes\u00a0\u00bb margin_bottom=\u00a0\u00bb10&Prime; css=\u00a0\u00bb.vc_custom_1476045119936{padding-top: 70px !important;padding-bottom: 25px !important;}\u00a0\u00bb][vc_column width=\u00a0\u00bb2\/3&Prime; css=\u00a0\u00bb.vc_custom_1521134505276{padding-right: 50px !important;padding-bottom: 50px !important;}\u00a0\u00bb][vc_column_text]<\/p>\n<h2>A propos de nous<\/h2>\n<p align=\"justify\"><span style=\"color: #333333;\"><strong>Binomium properties<\/strong> est un promoteur b\u00e9n\u00e9ficiant d\u2019une vaste exp\u00e9rience dans le monde de la construction et de la vente de <strong>r\u00e9sidences sur la c\u00f4te m\u00e9diterran\u00e9enne d\u2019Alicante (Costa Blanca) et Murcie<\/strong>.<br \/>\nNous construisons des maisons <strong>spacieuses et lumineuses situ\u00e9es dans des environnements exclusifs<\/strong>, qu\u2019ils soient entour\u00e9s de nature, en bord de mer, ou au c\u0153ur du golf et de ses espaces verts. Notre exp\u00e9rience dans la promotion immobili\u00e8re nous positionne parmi les meilleures options afin d\u2019acqu\u00e9rir votre maison de r\u00eave en Espagne.<\/span><\/p>\n<p align=\"justify\"><span style=\"color: #333333;\">Nous collaborons avec les meilleurs professionnels du monde de l\u2019architecture et de la promotion immobili\u00e8re. Amoureux de notre m\u00e9tier, nous mettons tout notre c\u0153ur dans chacune des propri\u00e9t\u00e9s con\u00e7ues, construites et commercialis\u00e9es.<\/span><\/p>\n<p align=\"justify\"><span style=\"color: #333333;\">Le secteur d\u2019activit\u00e9 de Binomium Properties est concentr\u00e9 sur le d\u00e9veloppement immobilier, suivant les diff\u00e9rentes phases de l\u2019\u00e9volution du projet : identification et pr\u00e9paration du terrain, obtention des licences de chantier, ex\u00e9cution du projet et finalisation des travaux, tout en procurant au client la documentation concernant les nouvelles constructions.<\/span><\/p>\n<p>[\/vc_column_text][\/vc_column][vc_column width=\u00a0\u00bb1\/3&Prime; css=\u00a0\u00bb.vc_custom_1475343010777{padding-bottom: 40px !important;}\u00a0\u00bb][vc_column_text css=\u00a0\u00bb.vc_custom_1521134660137{padding-bottom: 15px !important;}\u00a0\u00bb]<\/p>\n<h3>Pourquoi choisir Binomium properties?<\/h3>\n<p>[\/vc_column_text]<div class=\"standard-arrow list-divider bullet-top\"><ul style=\"text-align: justify;\">\n<li><span style=\"color: #333333;\">Conception de maisons sur mesure, adapt\u00e9es aux besoins du client.<\/span><\/li>\n<li><span style=\"color: #333333;\">Construction de maisons avec les meilleurs mat\u00e9riaux et qualit\u00e9s.<\/span><\/li>\n<li><span style=\"color: #333333;\">R\u00e9alisation de visites d\u2019inspection des propri\u00e9t\u00e9s disponibles et en construction.<\/span><\/li>\n<li><span style=\"color: #333333;\">Gestion, estimation, conservation et documentation de biens immobiliers.<\/span><\/li>\n<\/ul>\n<\/div>[\/vc_column][\/vc_row][vc_row type=\u00a0\u00bbvc_default\u00a0\u00bb equal_height=\u00a0\u00bbyes\u00a0\u00bb margin_bottom=\u00a0\u00bb10&Prime; bg_type=\u00a0\u00bbbg_color\u00a0\u00bb bg_override=\u00a0\u00bbex-full\u00a0\u00bb css=\u00a0\u00bb.vc_custom_1518091045458{padding-top: 30px !important;padding-bottom: 30px !important;}\u00a0\u00bb bg_color_value=\u00a0\u00bbrgba(170,170,170,0.1)\u00a0\u00bb][vc_column]<div id=\"ultimate-heading-611469f3bd5d35c78\" class=\"uvc-heading ult-adjust-bottom-margin ultimate-heading-611469f3bd5d35c78 uvc-9404 accent-border-color\" data-hspacer=\"no_spacer\"  data-halign=\"center\" style=\"text-align:center\"><div class=\"uvc-heading-spacer no_spacer\" style=\"top\"><\/div><div class=\"uvc-main-heading ult-responsive\"  data-ultimate-target='.uvc-heading.ultimate-heading-611469f3bd5d35c78 h2'  data-responsive-json-new='{\"font-size\":\"desktop:30px;\",\"line-height\":\"desktop:40px;\"}' ><h2 style=\"font-weight:bold;margin-bottom:15px;\">Avantages \u00e0 travailler avec nous<\/h2><\/div><div class=\"uvc-sub-heading ult-responsive\"  data-ultimate-target='.uvc-heading.ultimate-heading-611469f3bd5d35c78 .uvc-sub-heading '  data-responsive-json-new='{\"font-size\":\"\",\"line-height\":\"\"}'  style=\"font-weight:normal;margin-bottom:50px;\"><span style=\"color: #333333;\">Nous sommes conscients de l\u2019importance de choisir avec soin votre nouvelle propri\u00e9t\u00e9 pour votre bien-\u00eatre et celui de toute votre famille. Pour cette raison, nous mettons \u00e0 votre disposition notre \u00e9quipe commerciale, technique, juridique et financi\u00e8re.<\/span><\/div><\/div>[vc_row_inner equal_height=\u00a0\u00bbyes\u00a0\u00bb][vc_column_inner width=\u00a0\u00bb1\/2&Prime; css=\u00a0\u00bb.vc_custom_1475962872712{padding-bottom: 30px !important;}\u00a0\u00bb]<div class=\"aio-icon-component  vc_custom_1521133767362  accent-icon-bg style_1\"><div id=\"Info-box-wrap-5456\" class=\"aio-icon-box left-icon\" style=\"\"  ><div class=\"aio-icon-left\"><div class=\"ult-just-icon-wrapper  \"><div class=\"align-icon\" style=\"text-align:center;\">\n<div class=\"aio-icon-img \" style=\"font-size:80px;display:inline-block;\" data-animation=\"fadeInRight\" data-animation-delay=\"03\">\n\t<img class=\"img-icon\" alt=\"null\" src=\"https:\/\/www.binomiumproperties.com\/wp-content\/uploads\/2018\/02\/icono-comercial-binomium.png\"\/>\n<\/div><\/div><\/div><\/div><div class=\"aio-ibd-block\"><div class=\"aio-icon-header\" ><h3 class=\"aio-icon-title ult-responsive\"  data-ultimate-target='#Info-box-wrap-5456 .aio-icon-title'  data-responsive-json-new='{\"font-size\":\"desktop:18px;\",\"line-height\":\"desktop:26px;\"}'  style=\"font-weight:bold;\">D\u00e9partement commercial<\/h3><\/div> <!-- header --><div class=\"aio-icon-description ult-responsive\"  data-ultimate-target='#Info-box-wrap-5456 .aio-icon-description'  data-responsive-json-new='{\"font-size\":\"\",\"line-height\":\"\"}'  style=\"\"><span style=\"color: #333333;\">Notre d\u00e9partement commercial vous conseillera dans la recherche de votre propri\u00e9t\u00e9 de r\u00eave.<\/span><\/div> <!-- description --><\/div> <!-- aio-ibd-block --><\/div> <!-- aio-icon-box --><\/div> <!-- aio-icon-component -->[\/vc_column_inner][vc_column_inner width=\u00a0\u00bb1\/2&Prime; css=\u00a0\u00bb.vc_custom_1475962899656{padding-bottom: 30px !important;}\u00a0\u00bb]<div class=\"aio-icon-component  vc_custom_1521133789321  accent-icon-bg style_1\"><div id=\"Info-box-wrap-8406\" class=\"aio-icon-box left-icon\" style=\"\"  ><div class=\"aio-icon-left\"><div class=\"ult-just-icon-wrapper  \"><div class=\"align-icon\" style=\"text-align:center;\">\n<div class=\"aio-icon-img \" style=\"font-size:80px;display:inline-block;\" data-animation=\"fadeInLeft\" data-animation-delay=\"03\">\n\t<img class=\"img-icon\" alt=\"null\" src=\"https:\/\/www.binomiumproperties.com\/wp-content\/uploads\/2018\/02\/icono-tecnico-binomium.png\"\/>\n<\/div><\/div><\/div><\/div><div class=\"aio-ibd-block\"><div class=\"aio-icon-header\" ><h3 class=\"aio-icon-title ult-responsive\"  data-ultimate-target='#Info-box-wrap-8406 .aio-icon-title'  data-responsive-json-new='{\"font-size\":\"desktop:18px;\",\"line-height\":\"desktop:26px;\"}'  style=\"font-weight:bold;\">D\u00e9partement technique<\/h3><\/div> <!-- header --><div class=\"aio-icon-description ult-responsive\"  data-ultimate-target='#Info-box-wrap-8406 .aio-icon-description'  data-responsive-json-new='{\"font-size\":\"\",\"line-height\":\"\"}'  style=\"\"><span style=\"color: #333333;\">Notre d\u00e9partement technique personnalisera votre maison comme vous le d\u00e9sirez.<\/span><\/div> <!-- description --><\/div> <!-- aio-ibd-block --><\/div> <!-- aio-icon-box --><\/div> <!-- aio-icon-component -->[\/vc_column_inner][vc_column_inner width=\u00a0\u00bb1\/2&Prime; css=\u00a0\u00bb.vc_custom_1475962885437{padding-bottom: 30px !important;}\u00a0\u00bb]<div class=\"aio-icon-component  vc_custom_1543332647130  accent-icon-bg style_1\"><div id=\"Info-box-wrap-7119\" class=\"aio-icon-box left-icon\" style=\"\"  ><div class=\"aio-icon-left\"><div class=\"ult-just-icon-wrapper  \"><div class=\"align-icon\" style=\"text-align:center;\">\n<div class=\"aio-icon-img \" style=\"font-size:80px;display:inline-block;\" data-animation=\"fadeInLeft\" data-animation-delay=\"03\">\n\t<img class=\"img-icon\" alt=\"null\" src=\"https:\/\/www.binomiumproperties.com\/wp-content\/uploads\/2018\/02\/icono-judicial-binomium.png\"\/>\n<\/div><\/div><\/div><\/div><div class=\"aio-ibd-block\"><div class=\"aio-icon-header\" ><h3 class=\"aio-icon-title ult-responsive\"  data-ultimate-target='#Info-box-wrap-7119 .aio-icon-title'  data-responsive-json-new='{\"font-size\":\"desktop:18px;\",\"line-height\":\"desktop:26px;\"}'  style=\"font-weight:bold;\">D\u00e9partement juridique<\/h3><\/div> <!-- header --><div class=\"aio-icon-description ult-responsive\"  data-ultimate-target='#Info-box-wrap-7119 .aio-icon-description'  data-responsive-json-new='{\"font-size\":\"\",\"line-height\":\"\"}'  style=\"\"><span style=\"color: #000000;\">Notre d\u00e9partement juridique vous conseillera \u00e0 chaque \u00e9tape n\u00e9cessaire dans l\u2019achat de votre maison.<\/span><\/div> <!-- description --><\/div> <!-- aio-ibd-block --><\/div> <!-- aio-icon-box --><\/div> <!-- aio-icon-component -->[\/vc_column_inner][vc_column_inner width=\u00a0\u00bb1\/2&Prime; css=\u00a0\u00bb.vc_custom_1475962906528{padding-bottom: 30px !important;}\u00a0\u00bb]<div class=\"aio-icon-component  vc_custom_1521133797570  accent-icon-bg style_1\"><div id=\"Info-box-wrap-3833\" class=\"aio-icon-box left-icon\" style=\"\"  ><div class=\"aio-icon-left\"><div class=\"ult-just-icon-wrapper  \"><div class=\"align-icon\" style=\"text-align:center;\">\n<div class=\"aio-icon-img \" style=\"font-size:80px;display:inline-block;\" data-animation=\"fadeInLeft\" data-animation-delay=\"03\">\n\t<img class=\"img-icon\" alt=\"null\" src=\"https:\/\/www.binomiumproperties.com\/wp-content\/uploads\/2018\/02\/icono-financiero-binomium.png\"\/>\n<\/div><\/div><\/div><\/div><div class=\"aio-ibd-block\"><div class=\"aio-icon-header\" ><h3 class=\"aio-icon-title ult-responsive\"  data-ultimate-target='#Info-box-wrap-3833 .aio-icon-title'  data-responsive-json-new='{\"font-size\":\"desktop:18px;\",\"line-height\":\"desktop:26px;\"}'  style=\"font-weight:bold;\">D\u00e9partement financier<\/h3><\/div> <!-- header --><div class=\"aio-icon-description ult-responsive\"  data-ultimate-target='#Info-box-wrap-3833 .aio-icon-description'  data-responsive-json-new='{\"font-size\":\"\",\"line-height\":\"\"}'  style=\"\"><span style=\"color: #333333;\">Si vous avez besoin d\u2019un plan financier, nous le g\u00e9rerons via une entit\u00e9 bancaire sans co\u00fbts suppl\u00e9mentaires.<\/span><\/div> <!-- description --><\/div> <!-- aio-ibd-block --><\/div> <!-- aio-icon-box --><\/div> <!-- aio-icon-component -->[\/vc_column_inner][\/vc_row_inner][\/vc_column][\/vc_row]<\/p>\n<\/section>","protected":false},"excerpt":{"rendered":"<p>[vc_row type=\u00a0\u00bbvc_default\u00a0\u00bb equal_height=\u00a0\u00bbyes\u00a0\u00bb margin_bottom=\u00a0\u00bb10&Prime; css=\u00a0\u00bb.vc_custom_1476045119936{padding-top: 70px !important;padding-bottom: 25px !important;}\u00a0\u00bb][vc_column width=\u00a0\u00bb2\/3&Prime; css=\u00a0\u00bb.vc_custom_1521134505276{padding-right: 50px !important;padding-bottom: 50px !important;}\u00a0\u00bb][vc_column_text] A propos de nous Binomium properties est un promoteur b\u00e9n\u00e9ficiant d\u2019une vaste exp\u00e9rience dans le monde de la construction et de la vente de r\u00e9sidences sur la c\u00f4te m\u00e9diterran\u00e9enne d\u2019Alicante (Costa Blanca) et Murcie. Nous construisons des maisons spacieuses et&hellip;<\/p>\n","protected":false},"author":1,"featured_media":0,"parent":0,"menu_order":30,"comment_status":"closed","ping_status":"closed","template":"","meta":{"_seopress_robots_primary_cat":""},"_links":{"self":[{"href":"https:\/\/www.binomiumproperties.com\/fr\/wp-json\/wp\/v2\/pages\/54841"}],"collection":[{"href":"https:\/\/www.binomiumproperties.com\/fr\/wp-json\/wp\/v2\/pages"}],"about":[{"href":"https:\/\/www.binomiumproperties.com\/fr\/wp-json\/wp\/v2\/types\/page"}],"author":[{"embeddable":true,"href":"https:\/\/www.binomiumproperties.com\/fr\/wp-json\/wp\/v2\/users\/1"}],"replies":[{"embeddable":true,"href":"https:\/\/www.binomiumproperties.com\/fr\/wp-json\/wp\/v2\/comments?post=54841"}],"version-history":[{"count":4,"href":"https:\/\/www.binomiumproperties.com\/fr\/wp-json\/wp\/v2\/pages\/54841\/revisions"}],"predecessor-version":[{"id":54848,"href":"https:\/\/www.binomiumproperties.com\/fr\/wp-json\/wp\/v2\/pages\/54841\/revisions\/54848"}],"wp:attachment":[{"href":"https:\/\/www.binomiumproperties.com\/fr\/wp-json\/wp\/v2\/media?parent=54841"}],"curies":[{"name":"wp","href":"https:\/\/api.w.org\/{rel}","templated":true}]}}