{"id":54862,"date":"2019-05-17T08:56:30","date_gmt":"2019-05-17T08:56:30","guid":{"rendered":"http:\/\/www.binomiumproperties.com\/?page_id=54862"},"modified":"2020-07-13T17:01:42","modified_gmt":"2020-07-13T17:01:42","slug":"contact","status":"publish","type":"page","link":"https:\/\/www.binomiumproperties.com\/fr\/contact\/","title":{"rendered":"Contact"},"content":{"rendered":"<section class=\"wpb-content-wrapper\"><p>[vc_row type=\u00a0\u00bb5&Prime; margin_top=\u00a0\u00bb50px\u00a0\u00bb margin_bottom=\u00a0\u00bb50px\u00a0\u00bb css=\u00a0\u00bb.vc_custom_1518094484123{margin-top: 60px !important;margin-bottom: 10px !important;}\u00a0\u00bb][vc_column offset=\u00a0\u00bbvc_col-lg-6 vc_col-md-5 vc_col-xs-12&Prime; css=\u00a0\u00bb.vc_custom_1475919773120{padding-bottom: 50px !important;}\u00a0\u00bb]<div id=\"ultimate-heading-422269eb90c52dc0a\" class=\"uvc-heading ult-adjust-bottom-margin ultimate-heading-422269eb90c52dc0a uvc-394 accent-border-color\" data-hspacer=\"line_only\"  data-halign=\"left\" style=\"text-align:left\"><div class=\"uvc-main-heading ult-responsive\"  data-ultimate-target='.uvc-heading.ultimate-heading-422269eb90c52dc0a h2'  data-responsive-json-new='{\"font-size\":\"desktop:22px;\",\"line-height\":\"desktop:32px;\"}' ><h2 style=\"font-weight:bold;margin-bottom:7px;\">Envoyez-nous un message<\/h2><\/div><div class=\"uvc-heading-spacer line_only\" style=\"margin-bottom:35px;height:3px;\"><span class=\"uvc-headings-line\" style=\"border-style:solid;border-bottom-width:3px;border-color:#ccc;width:70px;\"><\/span><\/div><\/div>[vc_column_text css=\u00a0\u00bb.vc_custom_1521127927501{padding-bottom: 20px !important;}\u00a0\u00bb]<\/p>\n<p>Remplissez ce formulaire si vous souhaitez en savoir plus ou obtenir des informations \u00e0 propos des projets r\u00e9alis\u00e9s par Binomium properties, son activit\u00e9, ses propri\u00e9t\u00e9s (caract\u00e9ristiques, prix, localisations). Si vous souhaitez simplement nous \u00a0faire parvenir un commentaire ou une suggestion, nous serions enchant\u00e9s de la recevoir et nous y r\u00e9pondront dans les meilleurs d\u00e9lais.<\/p>\n<p>[\/vc_column_text]<form class=\"dt-contact-form dt-form\" method=\"post\"><input type=\"hidden\" name=\"widget_id\" value=\"presscore-contact-form-widget--1\" \/><input type=\"hidden\" name=\"send_message\" value=\"\" \/><input type=\"hidden\" name=\"security_token\" value=\"a426d491c70fec8c8996\"\/><div class=\"form-fields\"><span class=\"form-name\"><label class=\"assistive-text\">Nom *<\/label><input type=\"text\" class=\"validate[required]\" placeholder=\"Nom *\" name=\"name\" value=\"\" aria-required=\"true\">\n<\/span><span class=\"form-mail\"><label class=\"assistive-text\">E-mail *<\/label><input type=\"text\" class=\"validate[required,custom[email]]\" placeholder=\"E-mail *\" name=\"email\" value=\"\" aria-required=\"true\">\n<\/span><span class=\"form-telephone\"><label class=\"assistive-text\">T\u00e9l\u00e9phone *<\/label><input type=\"text\" class=\"validate[required,custom[phone]]\" placeholder=\"T\u00e9l\u00e9phone *\" name=\"telephone\" value=\"\" aria-required=\"true\">\n<\/span><span class=\"form-company\"><label class=\"assistive-text\">Entreprise<\/label><input type=\"text\" placeholder=\"Entreprise\" name=\"company\" value=\"\" aria-required=\"false\">\n<\/span><\/div><span class=\"form-message\"><label class=\"assistive-text\">Message *<\/label><textarea class=\"validate[required]\" placeholder=\"Message *\" name=\"message\" rows=\"8\" aria-required=\"true\"><\/textarea>\n<\/span><p><a href=\"#\" class=\"dt-btn dt-btn-m dt-btn-submit\" rel=\"nofollow\"><span>ENVOYER<\/span><\/a><input class=\"assistive-text\" type=\"submit\" value=\"envoyer\"><\/p><\/form>\n[\/vc_column][vc_column offset=\u00a0\u00bbvc_col-lg-6 vc_col-md-7 vc_col-xs-12&Prime; css=\u00a0\u00bb.vc_custom_1475919834998{padding-bottom: 40px !important;}\u00a0\u00bb]<div id=\"ultimate-heading-450169eb90c52ddb2\" class=\"uvc-heading ult-adjust-bottom-margin ultimate-heading-450169eb90c52ddb2 uvc-9951 accent-border-color\" data-hspacer=\"line_only\"  data-halign=\"left\" style=\"text-align:left\"><div class=\"uvc-main-heading ult-responsive\"  data-ultimate-target='.uvc-heading.ultimate-heading-450169eb90c52ddb2 h2'  data-responsive-json-new='{\"font-size\":\"desktop:22px;\",\"line-height\":\"desktop:32px;\"}' ><h2 style=\"font-weight:bold;margin-bottom:7px;\">Contact<\/h2><\/div><div class=\"uvc-heading-spacer line_only\" style=\"margin-bottom:40px;height:3px;\"><span class=\"uvc-headings-line\" style=\"border-style:solid;border-bottom-width:3px;border-color:#ccc;width:70px;\"><\/span><\/div><\/div>[vc_column_text css=\u00a0\u00bb.vc_custom_1540483633889{padding-bottom: 20px !important;}\u00a0\u00bb]<\/p>\n<p align=\"justify\"><strong>Avez-vous encore des questions \u00a0\u00e0 propos de nos promotions ou maisons sur mesure?<\/strong><\/p>\n<p>Nous sommes fid\u00e8les aux principes d\u2019attention personnalis\u00e9e et exigeants quant au travail bien fait, nous vous offrons le maximum d\u2019engagement, ainsi que de la part de notre \u00e9quipe de professionnels .<\/p>\n<p>Contactez-nous par t\u00e9l\u00e9phone, courrier \u00e9lectronique, page Facebook ou dirigez-vous vers notre bureau en plein c\u0153ur de Murcia, o\u00f9 nous serons enchant\u00e9s de vous recevoir \u00e0 tout moment.<\/p>\n<p>[\/vc_column_text][vc_row_inner equal_height=\u00a0\u00bbyes\u00a0\u00bb css=\u00a0\u00bb.vc_custom_1475919372387{padding-right: 15px !important;padding-left: 15px !important;}\u00a0\u00bb][vc_column_inner width=\u00a0\u00bb1\/2&Prime; css=\u00a0\u00bb.vc_custom_1475919323336{margin-top: 0px !important;margin-right: 0px !important;margin-bottom: 0px !important;margin-left: 0px !important;padding-top: 0px !important;padding-right: 10px !important;padding-bottom: 20px !important;padding-left: 10px !important;}\u00a0\u00bb]<div class=\"aio-icon-component  vc_custom_1521136776492   style_1\"><div id=\"Info-box-wrap-5839\" class=\"aio-icon-box left-icon\" style=\"\"  ><div class=\"aio-icon-left\"><div class=\"ult-just-icon-wrapper  \"><div class=\"align-icon\" style=\"text-align:center;\">\n<div class=\"aio-icon advanced \"  style=\"color:#ffffff;background:#000000;border-style:;border-color:#333333;border-width:1px;width:50px;height:50px;line-height:50px;border-radius:500px;font-size:25px;display:inline-block;\">\n\t<i class=\"icomoon-icomoonfree-16x16-office\"><\/i>\n<\/div><\/div><\/div><\/div><div class=\"aio-ibd-block\"><div class=\"aio-icon-description ult-responsive\"  data-ultimate-target='#Info-box-wrap-5839 .aio-icon-description'  data-responsive-json-new='{\"font-size\":\"\",\"line-height\":\"\"}'  style=\"\"><strong>C\/ Portillo San Antonio 6<\/strong><br \/>\n<strong>30005 Murcia<\/strong><\/div> <!-- description --><\/div> <!-- aio-ibd-block --><\/div> <!-- aio-icon-box --><\/div> <!-- aio-icon-component -->[\/vc_column_inner][vc_column_inner width=\u00a0\u00bb1\/2&Prime; css=\u00a0\u00bb.vc_custom_1475919331923{margin-top: 0px !important;margin-right: 0px !important;margin-bottom: 0px !important;margin-left: 0px !important;padding-top: 0px !important;padding-right: 10px !important;padding-bottom: 20px !important;padding-left: 10px !important;}\u00a0\u00bb]<div class=\"aio-icon-component  vc_custom_1540483961162   style_1\"><div id=\"Info-box-wrap-9125\" class=\"aio-icon-box left-icon\" style=\"\"  ><div class=\"aio-icon-left\"><div class=\"ult-just-icon-wrapper  \"><div class=\"align-icon\" style=\"text-align:center;\">\n<div class=\"aio-icon advanced \"  style=\"color:#ffffff;background:#000000;border-style:;border-color:#333333;border-width:1px;width:50px;height:50px;line-height:50px;border-radius:500px;font-size:25px;display:inline-block;\">\n\t<i class=\"icomoon-icomoonfree-16x16-mobile\"><\/i>\n<\/div><\/div><\/div><\/div><div class=\"aio-ibd-block\"><div class=\"aio-icon-description ult-responsive\"  data-ultimate-target='#Info-box-wrap-9125 .aio-icon-description'  data-responsive-json-new='{\"font-size\":\"\",\"line-height\":\"\"}'  style=\"\"><strong>(+34) 650 834 472<\/strong><\/p>\n<p><strong>(+34) 968 97 73 15<\/strong><\/div> <!-- description --><\/div> <!-- aio-ibd-block --><\/div> <!-- aio-icon-box --><\/div> <!-- aio-icon-component -->[\/vc_column_inner][vc_column_inner width=\u00a0\u00bb1\/2&Prime; css=\u00a0\u00bb.vc_custom_1475919340203{margin-top: 0px !important;margin-right: 0px !important;margin-bottom: 0px !important;margin-left: 0px !important;padding-top: 0px !important;padding-right: 10px !important;padding-bottom: 20px !important;padding-left: 10px !important;}\u00a0\u00bb]<div class=\"aio-icon-component  vc_custom_1524822973051   style_1\"><div id=\"Info-box-wrap-5886\" class=\"aio-icon-box left-icon\" style=\"\"  ><div class=\"aio-icon-left\"><div class=\"ult-just-icon-wrapper  \"><div class=\"align-icon\" style=\"text-align:center;\">\n<div class=\"aio-icon advanced \"  style=\"color:#ffffff;background:#000000;border-style:;border-color:#333333;border-width:1px;width:50px;height:50px;line-height:50px;border-radius:500px;font-size:25px;display:inline-block;\">\n\t<i class=\"icomoon-icomoonfree-16x16-pencil2\"><\/i>\n<\/div><\/div><\/div><\/div><div class=\"aio-ibd-block\"><div class=\"aio-icon-description ult-responsive\"  data-ultimate-target='#Info-box-wrap-5886 .aio-icon-description'  data-responsive-json-new='{\"font-size\":\"\",\"line-height\":\"\"}'  style=\"\"><strong>info@binomiumproperties.com<\/strong><\/div> <!-- description --><\/div> <!-- aio-ibd-block --><\/div> <!-- aio-icon-box --><\/div> <!-- aio-icon-component -->[\/vc_column_inner][vc_column_inner width=\u00a0\u00bb1\/2&Prime; css=\u00a0\u00bb.vc_custom_1475919464233{margin-top: 0px !important;margin-right: 0px !important;margin-bottom: 0px !important;margin-left: 0px !important;padding-top: 0px !important;padding-right: 10px !important;padding-bottom: 20px !important;padding-left: 10px !important;}\u00a0\u00bb]<div class=\"aio-icon-component  vc_custom_1518093532959   style_1\"><div id=\"Info-box-wrap-1334\" class=\"aio-icon-box left-icon\" style=\"\"  ><div class=\"aio-icon-left\"><div class=\"ult-just-icon-wrapper  \"><div class=\"align-icon\" style=\"text-align:center;\">\n<div class=\"aio-icon advanced \"  style=\"color:#ffffff;background:#000000;border-style:;border-color:#333333;border-width:1px;width:50px;height:50px;line-height:50px;border-radius:500px;font-size:25px;display:inline-block;\">\n\t<i class=\"Defaults-facebook-square\"><\/i>\n<\/div><\/div><\/div><\/div><div class=\"aio-ibd-block\"><div class=\"aio-icon-description ult-responsive\"  data-ultimate-target='#Info-box-wrap-1334 .aio-icon-description'  data-responsive-json-new='{\"font-size\":\"\",\"line-height\":\"\"}'  style=\"\"><strong><a href=\"https:\/\/www.facebook.com\/binomiumproperties\/\">Binomium Properties<\/a><\/strong><\/div> <!-- description --><\/div> <!-- aio-ibd-block --><\/div> <!-- aio-icon-box --><\/div> <!-- aio-icon-component -->[\/vc_column_inner][\/vc_row_inner][\/vc_column][\/vc_row][vc_row margin_top=\u00a0\u00bb0px\u00a0\u00bb margin_bottom=\u00a0\u00bb0&Prime; full_width_row=\u00a0\u00bbtrue\u00a0\u00bb padding_left=\u00a0\u00bb0px\u00a0\u00bb padding_right=\u00a0\u00bb0px\u00a0\u00bb css=\u00a0\u00bb.vc_custom_1541435358515{margin-bottom: 0px !important;}\u00a0\u00bb][vc_column css=\u00a0\u00bb.vc_custom_1518166300440{padding-top: 0px !important;padding-bottom: 0px !important;}\u00a0\u00bb][vc_gmaps link=\u00a0\u00bb#E-8_JTNDaWZyYW1lJTIwc3JjJTNEJTIyaHR0cHMlM0ElMkYlMkZ3d3cuZ29vZ2xlLmNvbSUyRm1hcHMlMkZlbWJlZCUzRnBiJTNEJTIxMW0xNCUyMTFtOCUyMTFtMyUyMTFkMjM5NjI4LjIzOTcxNDMwOTglMjEyZC0xLjA3NzYyNjQ5MDMxMzQ2OTYlMjEzZDM3Ljg5NTg2MTg2NjY3OTUlMjEzbTIlMjExaTEwMjQlMjEyaTc2OCUyMTRmMTMuMSUyMTNtMyUyMTFtMiUyMTFzMHgwJTI1M0EweDkzMjcwYTlmODFjY2UzYzAlMjEyc0JJTk9NSVVNJTJCUFJPUEVSVElFUyUyQlMuTCUyMTVlMCUyMTNtMiUyMTFzZXMlMjEyc2VzJTIxNHYxNTQxMTYxNDIzOTM4JTIyJTIwd2lkdGglM0QlMjI2MDAlMjIlMjBoZWlnaHQlM0QlMjI0NTAlMjIlMjBmcmFtZWJvcmRlciUzRCUyMjAlMjIlMjBzdHlsZSUzRCUyMmJvcmRlciUzQTAlMjIlMjBhbGxvd2Z1bGxzY3JlZW4lM0UlM0MlMkZpZnJhbWUlM0U=\u00a0\u00bb][\/vc_column][\/vc_row]<\/p>\n<\/section>","protected":false},"excerpt":{"rendered":"<p>[vc_row type=\u00a0\u00bb5&Prime; margin_top=\u00a0\u00bb50px\u00a0\u00bb margin_bottom=\u00a0\u00bb50px\u00a0\u00bb css=\u00a0\u00bb.vc_custom_1518094484123{margin-top: 60px !important;margin-bottom: 10px !important;}\u00a0\u00bb][vc_column offset=\u00a0\u00bbvc_col-lg-6 vc_col-md-5 vc_col-xs-12&Prime; css=\u00a0\u00bb.vc_custom_1475919773120{padding-bottom: 50px !important;}\u00a0\u00bb][vc_column_text css=\u00a0\u00bb.vc_custom_1521127927501{padding-bottom: 20px !important;}\u00a0\u00bb] Remplissez ce formulaire si vous souhaitez en savoir plus ou obtenir des informations \u00e0 propos des projets r\u00e9alis\u00e9s par Binomium properties, son activit\u00e9, ses propri\u00e9t\u00e9s (caract\u00e9ristiques, prix, localisations). Si vous souhaitez simplement nous \u00a0faire parvenir un commentaire&hellip;<\/p>\n","protected":false},"author":1,"featured_media":0,"parent":0,"menu_order":10,"comment_status":"closed","ping_status":"closed","template":"","meta":{"_seopress_robots_primary_cat":""},"_links":{"self":[{"href":"https:\/\/www.binomiumproperties.com\/fr\/wp-json\/wp\/v2\/pages\/54862"}],"collection":[{"href":"https:\/\/www.binomiumproperties.com\/fr\/wp-json\/wp\/v2\/pages"}],"about":[{"href":"https:\/\/www.binomiumproperties.com\/fr\/wp-json\/wp\/v2\/types\/page"}],"author":[{"embeddable":true,"href":"https:\/\/www.binomiumproperties.com\/fr\/wp-json\/wp\/v2\/users\/1"}],"replies":[{"embeddable":true,"href":"https:\/\/www.binomiumproperties.com\/fr\/wp-json\/wp\/v2\/comments?post=54862"}],"version-history":[{"count":2,"href":"https:\/\/www.binomiumproperties.com\/fr\/wp-json\/wp\/v2\/pages\/54862\/revisions"}],"predecessor-version":[{"id":55475,"href":"https:\/\/www.binomiumproperties.com\/fr\/wp-json\/wp\/v2\/pages\/54862\/revisions\/55475"}],"wp:attachment":[{"href":"https:\/\/www.binomiumproperties.com\/fr\/wp-json\/wp\/v2\/media?parent=54862"}],"curies":[{"name":"wp","href":"https:\/\/api.w.org\/{rel}","templated":true}]}}