{"id":54880,"date":"2019-05-17T09:09:06","date_gmt":"2019-05-17T09:09:06","guid":{"rendered":"http:\/\/www.binomiumproperties.com\/?page_id=54880"},"modified":"2020-07-13T16:59:45","modified_gmt":"2020-07-13T16:59:45","slug":"constructions-sur-mesure","status":"publish","type":"page","link":"https:\/\/www.binomiumproperties.com\/fr\/constructions-sur-mesure\/","title":{"rendered":"Constructions sur mesure"},"content":{"rendered":"<section class=\"wpb-content-wrapper\"><p>[vc_row][vc_column css=\u00a0\u00bb.vc_custom_1540201420836{margin-top: 30px !important;margin-bottom: 30px !important;}\u00a0\u00bb][vc_column_text]Si vous \u00eates de ceux qui ne d\u00e9sirez pas une maison cl\u00e9 sur porte, mais que vous pr\u00e9f\u00e9rez faire de votre maison un projet exclusif et sp\u00e9cial, n\u2019h\u00e9sitez pas \u00e0 contacter \u00a0Binomium Properties, o\u00f9 nous vous conseillerons, et concevrons votre propri\u00e9t\u00e9 sur mesure, en cr\u00e9ant une maison unique construite avec les meilleures qualit\u00e9s et finitions, et situ\u00e9e dans des environnements spectaculaires.<\/p>\n<p>Binomium properties vous offre la possibilit\u00e9 de concevoir votre nouvelle maison de mani\u00e8re personnalis\u00e9e, gr\u00e2ce a notre \u00e9quipe d\u2019architectes offrant un service int\u00e9gral couvrant de la phase initiale du projet jusqu\u2019\u00e0 l\u2019ach\u00e8vement des travaux.<\/p>\n<p>Si notre style architectural vous pla\u00eet et que vous pensez \u00e0 concevoir et construire une maison sur mesure, Binomium properties vous conseillera dans les aspects suivants:<\/p>\n<p>[\/vc_column_text][\/vc_column][\/vc_row][vc_row][vc_column width=\u00a0\u00bb1\/2&Prime;][vc_row_inner][vc_column_inner]<div class=\"aio-icon-component    style_1\"><div id=\"Info-box-wrap-9600\" class=\"aio-icon-box left-icon\" style=\"\"  ><div class=\"aio-icon-left\"><div class=\"ult-just-icon-wrapper  \"><div class=\"align-icon\" style=\"text-align:center;\">\n<div class=\"aio-icon-img \" style=\"font-size:60px;display:inline-block;\" data-animation=\"fadeInLeft\" data-animation-delay=\"03\">\n\t<img class=\"img-icon\" alt=\"null\" src=\"https:\/\/www.binomiumproperties.com\/wp-content\/uploads\/2018\/02\/icono-1-binomium.png\"\/>\n<\/div><\/div><\/div><\/div><div class=\"aio-ibd-block\"><div class=\"aio-icon-header\" ><h3 class=\"aio-icon-title ult-responsive\"  data-ultimate-target='#Info-box-wrap-9600 .aio-icon-title'  data-responsive-json-new='{\"font-size\":\"\",\"line-height\":\"\"}'  style=\"\">Localisation du terrain<\/h3><\/div> <!-- header --><div class=\"aio-icon-description ult-responsive\"  data-ultimate-target='#Info-box-wrap-9600 .aio-icon-description'  data-responsive-json-new='{\"font-size\":\"\",\"line-height\":\"\"}'  style=\"\">Nous b\u00e9n\u00e9ficions d\u2019un acc\u00e8s aux meilleurs terrains. Que vous ayez d\u00e9j\u00e0 trouv\u00e9 votre parcelle unique ou que vous la recherchiez, nous mettons \u00e0 votre disposition une solide \u00e9quipe de professionnels qui vous conseillera dans la s\u00e9lection du terrain optimal pour la construction de votre future maison<span style=\"color: #000000;\">.<\/span><\/div> <!-- description --><\/div> <!-- aio-ibd-block --><\/div> <!-- aio-icon-box --><\/div> <!-- aio-icon-component --><div class=\"aio-icon-component    style_1\"><div id=\"Info-box-wrap-3609\" class=\"aio-icon-box left-icon\" style=\"\"  ><div class=\"aio-icon-left\"><div class=\"ult-just-icon-wrapper  \"><div class=\"align-icon\" style=\"text-align:center;\">\n<div class=\"aio-icon-img \" style=\"font-size:60px;display:inline-block;\" data-animation=\"fadeInLeft\" data-animation-delay=\"03\">\n\t<img class=\"img-icon\" alt=\"null\" src=\"https:\/\/www.binomiumproperties.com\/wp-content\/uploads\/2018\/02\/icono-2-binomium.png\"\/>\n<\/div><\/div><\/div><\/div><div class=\"aio-ibd-block\"><div class=\"aio-icon-header\" ><h3 class=\"aio-icon-title ult-responsive\"  data-ultimate-target='#Info-box-wrap-3609 .aio-icon-title'  data-responsive-json-new='{\"font-size\":\"\",\"line-height\":\"\"}'  style=\"\">Projet d\u2019architecture<\/h3><\/div> <!-- header --><div class=\"aio-icon-description ult-responsive\"  data-ultimate-target='#Info-box-wrap-3609 .aio-icon-description'  data-responsive-json-new='{\"font-size\":\"\",\"line-height\":\"\"}'  style=\"\"><span style=\"word-spacing: normal;\">L\u2019\u00e9tude du terrain et de l\u2019environnement d\u00e9termine le meilleur emplacement de la future propri\u00e9t\u00e9, afin de profiter de la meilleure orientation, tout en optimisant l\u2019espace. Nous nous occupons de toutes les d\u00e9marches administratives pour l\u2019obtention des diff\u00e9rentes licences et permis. Nos clients partagent leurs id\u00e9es et d\u00e9sirs avec l\u2019\u00e9quipe technique afin que le r\u00e9sultat final soit exactement celui escompt\u00e9.<\/span><\/div> <!-- description --><\/div> <!-- aio-ibd-block --><\/div> <!-- aio-icon-box --><\/div> <!-- aio-icon-component -->[\/vc_column_inner][\/vc_row_inner][\/vc_column][vc_column width=\u00a0\u00bb1\/2&Prime;][vc_row_inner][vc_column_inner]<div class=\"aio-icon-component    style_1\"><div id=\"Info-box-wrap-1888\" class=\"aio-icon-box left-icon\" style=\"\"  ><div class=\"aio-icon-left\"><div class=\"ult-just-icon-wrapper  \"><div class=\"align-icon\" style=\"text-align:center;\">\n<div class=\"aio-icon-img \" style=\"font-size:60px;display:inline-block;\" data-animation=\"fadeInLeft\" data-animation-delay=\"03\">\n\t<img class=\"img-icon\" alt=\"null\" src=\"https:\/\/www.binomiumproperties.com\/wp-content\/uploads\/2018\/02\/icono-3-binomium.png\"\/>\n<\/div><\/div><\/div><\/div><div class=\"aio-ibd-block\"><div class=\"aio-icon-header\" ><h3 class=\"aio-icon-title ult-responsive\"  data-ultimate-target='#Info-box-wrap-1888 .aio-icon-title'  data-responsive-json-new='{\"font-size\":\"\",\"line-height\":\"\"}'  style=\"\">Construction<\/h3><\/div> <!-- header --><div class=\"aio-icon-description ult-responsive\"  data-ultimate-target='#Info-box-wrap-1888 .aio-icon-description'  data-responsive-json-new='{\"font-size\":\"\",\"line-height\":\"\"}'  style=\"\"><span style=\"word-spacing: normal;\">Binomium properties travaille avec les meilleurs professionnels pour la construction de votre maison r\u00eav\u00e9e : des experts en construction b\u00e9n\u00e9ficiant d\u2019une assistance technique dans la direction et ex\u00e9cution des travaux de notre \u00e9quipe d\u2019architectes.<\/span><\/div> <!-- description --><\/div> <!-- aio-ibd-block --><\/div> <!-- aio-icon-box --><\/div> <!-- aio-icon-component --><div class=\"aio-icon-component    style_1\"><div id=\"Info-box-wrap-5004\" class=\"aio-icon-box left-icon\" style=\"\"  ><div class=\"aio-icon-left\"><div class=\"ult-just-icon-wrapper  \"><div class=\"align-icon\" style=\"text-align:center;\">\n<div class=\"aio-icon-img \" style=\"font-size:60px;display:inline-block;\" data-animation=\"fadeInLeft\" data-animation-delay=\"03\">\n\t<img class=\"img-icon\" alt=\"null\" src=\"https:\/\/www.binomiumproperties.com\/wp-content\/uploads\/2018\/02\/icono-4-binomium.png\"\/>\n<\/div><\/div><\/div><\/div><div class=\"aio-ibd-block\"><div class=\"aio-icon-header\" ><h3 class=\"aio-icon-title ult-responsive\"  data-ultimate-target='#Info-box-wrap-5004 .aio-icon-title'  data-responsive-json-new='{\"font-size\":\"\",\"line-height\":\"\"}'  style=\"\">Architecture d\u2019int\u00e9rieur<\/h3><\/div> <!-- header --><div class=\"aio-icon-description ult-responsive\"  data-ultimate-target='#Info-box-wrap-5004 .aio-icon-description'  data-responsive-json-new='{\"font-size\":\"\",\"line-height\":\"\"}'  style=\"\"><span style=\"word-spacing: normal;\">Binomium properties offre un service \u00e0 360 degr\u00e9s, proposant des solutions adapt\u00e9es aux demandes et besoins du client. Nous mettons les outils de design, d\u2019infographie, de r\u00e9alit\u00e9 virtuelle et augment\u00e9e, les plus perfectionn\u00e9s, au service du client.<\/span><\/div> <!-- description --><\/div> <!-- aio-ibd-block --><\/div> <!-- aio-icon-box --><\/div> <!-- aio-icon-component -->[\/vc_column_inner][\/vc_row_inner][\/vc_column][\/vc_row][vc_row][vc_column][vc_single_image image=\u00a0\u00bb53494&Prime; img_size=\u00a0\u00bbfull\u00a0\u00bb][\/vc_column][\/vc_row][vc_row type=\u00a0\u00bb4&Prime; margin_top=\u00a0\u00bb0&Prime; margin_bottom=\u00a0\u00bb0&Prime; padding_top=\u00a0\u00bb50px\u00a0\u00bb padding_bottom=\u00a0\u00bb50px\u00a0\u00bb][vc_column width=\u00a0\u00bb1\/4&Prime;][vc_column_text]<\/p>\n<h2>D\u00e9sirez-vous de plus amples informations?<\/h2>\n<p>Contactez-nous via ce formulaire de contact si vous souhaitez \u00e9claircir un doute \u00e0 propos de nos promotions ou si vous souhaitez soumettre une suggestion \u00e0 propos de Binomium Properties ou son site internet. Notre \u00e9quipe de professionnels vous recontactera dans les meilleurs d\u00e9lais.<\/p>\n<p>[\/vc_column_text][\/vc_column][vc_column width=\u00a0\u00bb3\/4&Prime;]<form class=\"dt-contact-form dt-form\" method=\"post\"><input type=\"hidden\" name=\"widget_id\" value=\"presscore-contact-form-widget--1\" \/><input type=\"hidden\" name=\"send_message\" value=\"\" \/><input type=\"hidden\" name=\"security_token\" value=\"a426d491c70fec8c8996\"\/><div class=\"form-fields\"><span class=\"form-name\"><label class=\"assistive-text\">Nom *<\/label><input type=\"text\" class=\"validate[required]\" placeholder=\"Nom *\" name=\"name\" value=\"\" aria-required=\"true\">\n<\/span><span class=\"form-mail\"><label class=\"assistive-text\">E-mail *<\/label><input type=\"text\" class=\"validate[required,custom[email]]\" placeholder=\"E-mail *\" name=\"email\" value=\"\" aria-required=\"true\">\n<\/span><span class=\"form-telephone\"><label class=\"assistive-text\">T\u00e9l\u00e9phone *<\/label><input type=\"text\" class=\"validate[required,custom[phone]]\" placeholder=\"T\u00e9l\u00e9phone *\" name=\"telephone\" value=\"\" aria-required=\"true\">\n<\/span><span class=\"form-country\"><label class=\"assistive-text\">Pays<\/label><input type=\"text\" placeholder=\"Pays\" name=\"country\" value=\"\" aria-required=\"false\">\n<\/span><span class=\"form-city\"><label class=\"assistive-text\">Ville<\/label><input type=\"text\" placeholder=\"Ville\" name=\"city\" value=\"\" aria-required=\"false\">\n<\/span><\/div><span class=\"form-message\"><label class=\"assistive-text\">Message *<\/label><textarea class=\"validate[required]\" placeholder=\"Message *\" name=\"message\" rows=\"6\" aria-required=\"true\"><\/textarea>\n<\/span><p><a href=\"#\" class=\"dt-btn dt-btn-m dt-btn-submit\" rel=\"nofollow\"><span>Send message<\/span><\/a><input class=\"assistive-text\" type=\"submit\" value=\"envoyer\"><\/p><\/form>\n[\/vc_column][\/vc_row]<\/p>\n<\/section>","protected":false},"excerpt":{"rendered":"<p>[vc_row][vc_column css=\u00a0\u00bb.vc_custom_1540201420836{margin-top: 30px !important;margin-bottom: 30px !important;}\u00a0\u00bb][vc_column_text]Si vous \u00eates de ceux qui ne d\u00e9sirez pas une maison cl\u00e9 sur porte, mais que vous pr\u00e9f\u00e9rez faire de votre maison un projet exclusif et sp\u00e9cial, n\u2019h\u00e9sitez pas \u00e0 contacter \u00a0Binomium Properties, o\u00f9 nous vous conseillerons, et concevrons votre propri\u00e9t\u00e9 sur mesure, en cr\u00e9ant une maison unique construite avec&hellip;<\/p>\n","protected":false},"author":1,"featured_media":0,"parent":0,"menu_order":60,"comment_status":"closed","ping_status":"closed","template":"","meta":{"_seopress_robots_primary_cat":""},"_links":{"self":[{"href":"https:\/\/www.binomiumproperties.com\/fr\/wp-json\/wp\/v2\/pages\/54880"}],"collection":[{"href":"https:\/\/www.binomiumproperties.com\/fr\/wp-json\/wp\/v2\/pages"}],"about":[{"href":"https:\/\/www.binomiumproperties.com\/fr\/wp-json\/wp\/v2\/types\/page"}],"author":[{"embeddable":true,"href":"https:\/\/www.binomiumproperties.com\/fr\/wp-json\/wp\/v2\/users\/1"}],"replies":[{"embeddable":true,"href":"https:\/\/www.binomiumproperties.com\/fr\/wp-json\/wp\/v2\/comments?post=54880"}],"version-history":[{"count":2,"href":"https:\/\/www.binomiumproperties.com\/fr\/wp-json\/wp\/v2\/pages\/54880\/revisions"}],"predecessor-version":[{"id":55469,"href":"https:\/\/www.binomiumproperties.com\/fr\/wp-json\/wp\/v2\/pages\/54880\/revisions\/55469"}],"wp:attachment":[{"href":"https:\/\/www.binomiumproperties.com\/fr\/wp-json\/wp\/v2\/media?parent=54880"}],"curies":[{"name":"wp","href":"https:\/\/api.w.org\/{rel}","templated":true}]}}