{"id":54921,"date":"2019-05-20T10:58:09","date_gmt":"2019-05-20T10:58:09","guid":{"rendered":"http:\/\/www.binomiumproperties.com\/?page_id=54921"},"modified":"2020-07-13T16:59:30","modified_gmt":"2020-07-13T16:59:30","slug":"villas-roda-golf","status":"publish","type":"page","link":"https:\/\/www.binomiumproperties.com\/fr\/villas-roda-golf\/","title":{"rendered":"Villas Roda Golf"},"content":{"rendered":"<section class=\"wpb-content-wrapper\"><p>[vc_row margin_top=\u00a0\u00bb20&Prime; margin_bottom=\u00a0\u00bb20&Prime;][vc_column width=\u00a0\u00bb2\/3&Prime;][vc_single_image image=\u00a0\u00bb54017&Prime; img_size=\u00a0\u00bbfull\u00a0\u00bb image_hovers=\u00a0\u00bbfalse\u00a0\u00bb css=\u00a0\u00bb.vc_custom_1540201096859{margin-bottom: 20px !important;}\u00a0\u00bb]<div class=\"dt-photos-shortcode slider-wrapper owl-carousel dt-owl-carousel-init  shortcode-instagram dt-gallery-container arrows-light enable-mobile-arrows\" data-padding-side=\"10\" data-autoslide=\"true\" data-delay=\"3000\" data-loop=\"false\" data-arrows=\"true\" data-pretty-share=\"facebook,twitter,pinterest,google,linkedin\">\n<article class=\"post post-53943 attachment type-attachment status-inherit hentry no-img description-off\">\n\n\t<figure class=\"rollover-project links-hovers-disabled\">\n\t<a href=\"https:\/\/www.binomiumproperties.com\/wp-content\/uploads\/2018\/03\/roda-bimomium-1.jpg\" class=\"rollover rollover-zoom dt-pswp-item layzr-bg\" title=\"roda-bimomium-1\" data-dt-img-description=\"\"  data-large_image_width=\"640\" data-large_image_height = \"356\"  data-dt-location=\"https:\/\/www.binomiumproperties.com\/fr\/dt_gallery\/album-roda-golf\/roda-bimomium-1\/\" ><img class=\"preload-me lazy-load aspect\" src=\"data:image\/svg+xml,%3Csvg%20xmlns%3D&#39;http%3A%2F%2Fwww.w3.org%2F2000%2Fsvg&#39;%20viewBox%3D&#39;0%200%20100%20100&#39;%2F%3E\" data-src=\"https:\/\/www.binomiumproperties.com\/wp-content\/uploads\/2018\/03\/roda-bimomium-1-100x100.jpg\" data-srcset=\"https:\/\/www.binomiumproperties.com\/wp-content\/uploads\/2018\/03\/roda-bimomium-1-100x100.jpg 100w, https:\/\/www.binomiumproperties.com\/wp-content\/uploads\/2018\/03\/roda-bimomium-1-200x200.jpg 200w\" loading=\"eager\" style=\"--ratio: 100 \/ 100;\" sizes=\"(max-width: 100px) 100vw, 100px\" alt=\"\" width=\"100\" height=\"100\"  \/><\/a>\t<\/figure>\n<\/article>\n\n\n<article class=\"post post-53944 attachment type-attachment status-inherit hentry no-img description-off\">\n\n\t<figure class=\"rollover-project links-hovers-disabled\">\n\t<a href=\"https:\/\/www.binomiumproperties.com\/wp-content\/uploads\/2018\/03\/roda-bimomium-2.jpg\" class=\"rollover rollover-zoom dt-pswp-item layzr-bg\" title=\"roda-bimomium-2\" data-dt-img-description=\"\"  data-large_image_width=\"640\" data-large_image_height = \"356\"  data-dt-location=\"https:\/\/www.binomiumproperties.com\/fr\/dt_gallery\/album-roda-golf\/roda-bimomium-2\/\" ><img class=\"preload-me lazy-load aspect\" src=\"data:image\/svg+xml,%3Csvg%20xmlns%3D&#39;http%3A%2F%2Fwww.w3.org%2F2000%2Fsvg&#39;%20viewBox%3D&#39;0%200%20100%20100&#39;%2F%3E\" data-src=\"https:\/\/www.binomiumproperties.com\/wp-content\/uploads\/2018\/03\/roda-bimomium-2-100x100.jpg\" data-srcset=\"https:\/\/www.binomiumproperties.com\/wp-content\/uploads\/2018\/03\/roda-bimomium-2-100x100.jpg 100w, https:\/\/www.binomiumproperties.com\/wp-content\/uploads\/2018\/03\/roda-bimomium-2-200x200.jpg 200w\" loading=\"eager\" style=\"--ratio: 100 \/ 100;\" sizes=\"(max-width: 100px) 100vw, 100px\" alt=\"\" width=\"100\" height=\"100\"  \/><\/a>\t<\/figure>\n<\/article>\n\n\n<article class=\"post post-53945 attachment type-attachment status-inherit hentry no-img description-off\">\n\n\t<figure class=\"rollover-project links-hovers-disabled\">\n\t<a href=\"https:\/\/www.binomiumproperties.com\/wp-content\/uploads\/2018\/03\/roda-bimomium-3.jpg\" class=\"rollover rollover-zoom dt-pswp-item layzr-bg\" title=\"roda-bimomium-3\" data-dt-img-description=\"\"  data-large_image_width=\"640\" data-large_image_height = \"356\"  data-dt-location=\"https:\/\/www.binomiumproperties.com\/fr\/dt_gallery\/album-roda-golf\/roda-bimomium-3\/\" ><img class=\"preload-me lazy-load aspect\" src=\"data:image\/svg+xml,%3Csvg%20xmlns%3D&#39;http%3A%2F%2Fwww.w3.org%2F2000%2Fsvg&#39;%20viewBox%3D&#39;0%200%20100%20100&#39;%2F%3E\" data-src=\"https:\/\/www.binomiumproperties.com\/wp-content\/uploads\/2018\/03\/roda-bimomium-3-100x100.jpg\" data-srcset=\"https:\/\/www.binomiumproperties.com\/wp-content\/uploads\/2018\/03\/roda-bimomium-3-100x100.jpg 100w, https:\/\/www.binomiumproperties.com\/wp-content\/uploads\/2018\/03\/roda-bimomium-3-200x200.jpg 200w\" loading=\"eager\" style=\"--ratio: 100 \/ 100;\" sizes=\"(max-width: 100px) 100vw, 100px\" alt=\"\" width=\"100\" height=\"100\"  \/><\/a>\t<\/figure>\n<\/article>\n\n\n<article class=\"post post-53946 attachment type-attachment status-inherit hentry no-img description-off\">\n\n\t<figure class=\"rollover-project links-hovers-disabled\">\n\t<a href=\"https:\/\/www.binomiumproperties.com\/wp-content\/uploads\/2018\/03\/roda-bimomium-4.jpg\" class=\"rollover rollover-zoom dt-pswp-item layzr-bg\" title=\"roda-bimomium-4\" data-dt-img-description=\"\"  data-large_image_width=\"640\" data-large_image_height = \"356\"  data-dt-location=\"https:\/\/www.binomiumproperties.com\/fr\/dt_gallery\/album-roda-golf\/roda-bimomium-4\/\" ><img class=\"preload-me lazy-load aspect\" src=\"data:image\/svg+xml,%3Csvg%20xmlns%3D&#39;http%3A%2F%2Fwww.w3.org%2F2000%2Fsvg&#39;%20viewBox%3D&#39;0%200%20100%20100&#39;%2F%3E\" data-src=\"https:\/\/www.binomiumproperties.com\/wp-content\/uploads\/2018\/03\/roda-bimomium-4-100x100.jpg\" data-srcset=\"https:\/\/www.binomiumproperties.com\/wp-content\/uploads\/2018\/03\/roda-bimomium-4-100x100.jpg 100w, https:\/\/www.binomiumproperties.com\/wp-content\/uploads\/2018\/03\/roda-bimomium-4-200x200.jpg 200w\" loading=\"eager\" style=\"--ratio: 100 \/ 100;\" sizes=\"(max-width: 100px) 100vw, 100px\" alt=\"\" width=\"100\" height=\"100\"  \/><\/a>\t<\/figure>\n<\/article>\n\n\n<article class=\"post post-53947 attachment type-attachment status-inherit hentry no-img description-off\">\n\n\t<figure class=\"rollover-project links-hovers-disabled\">\n\t<a href=\"https:\/\/www.binomiumproperties.com\/wp-content\/uploads\/2018\/03\/roda-bimomium-5.jpg\" class=\"rollover rollover-zoom dt-pswp-item layzr-bg\" title=\"roda-bimomium-5\" data-dt-img-description=\"\"  data-large_image_width=\"640\" data-large_image_height = \"356\"  data-dt-location=\"https:\/\/www.binomiumproperties.com\/fr\/dt_gallery\/album-roda-golf\/roda-bimomium-5\/\" ><img class=\"preload-me lazy-load aspect\" src=\"data:image\/svg+xml,%3Csvg%20xmlns%3D&#39;http%3A%2F%2Fwww.w3.org%2F2000%2Fsvg&#39;%20viewBox%3D&#39;0%200%20100%20100&#39;%2F%3E\" data-src=\"https:\/\/www.binomiumproperties.com\/wp-content\/uploads\/2018\/03\/roda-bimomium-5-100x100.jpg\" data-srcset=\"https:\/\/www.binomiumproperties.com\/wp-content\/uploads\/2018\/03\/roda-bimomium-5-100x100.jpg 100w, https:\/\/www.binomiumproperties.com\/wp-content\/uploads\/2018\/03\/roda-bimomium-5-200x200.jpg 200w\" loading=\"eager\" style=\"--ratio: 100 \/ 100;\" sizes=\"(max-width: 100px) 100vw, 100px\" alt=\"\" width=\"100\" height=\"100\"  \/><\/a>\t<\/figure>\n<\/article>\n\n\n<article class=\"post post-54074 attachment type-attachment status-inherit hentry no-img description-off\">\n\n\t<figure class=\"rollover-project links-hovers-disabled\">\n\t<a href=\"https:\/\/www.binomiumproperties.com\/wp-content\/uploads\/2018\/03\/LA.RODA-ORTOFOTO.jpg\" class=\"rollover rollover-zoom dt-pswp-item layzr-bg\" title=\"LA.RODA-ORTOFOTO\" data-dt-img-description=\"\"  data-large_image_width=\"3508\" data-large_image_height = \"2480\"  data-dt-location=\"https:\/\/www.binomiumproperties.com\/fr\/dt_gallery\/album-roda-golf\/la-roda-ortofoto\/\" ><img class=\"preload-me lazy-load aspect\" src=\"data:image\/svg+xml,%3Csvg%20xmlns%3D&#39;http%3A%2F%2Fwww.w3.org%2F2000%2Fsvg&#39;%20viewBox%3D&#39;0%200%20100%20100&#39;%2F%3E\" data-src=\"https:\/\/www.binomiumproperties.com\/wp-content\/uploads\/2018\/03\/LA.RODA-ORTOFOTO-100x100.jpg\" data-srcset=\"https:\/\/www.binomiumproperties.com\/wp-content\/uploads\/2018\/03\/LA.RODA-ORTOFOTO-100x100.jpg 100w, https:\/\/www.binomiumproperties.com\/wp-content\/uploads\/2018\/03\/LA.RODA-ORTOFOTO-200x200.jpg 200w\" loading=\"eager\" style=\"--ratio: 100 \/ 100;\" sizes=\"(max-width: 100px) 100vw, 100px\" alt=\"\" width=\"100\" height=\"100\"  \/><\/a>\t<\/figure>\n<\/article>\n\n<\/div>[\/vc_column][vc_column width=\u00a0\u00bb1\/3&Prime;][vc_column_text css=\u00a0\u00bb.vc_custom_1541437183400{margin-bottom: 20px !important;}\u00a0\u00bb]<\/p>\n<h3><strong>Propri\u00e9t\u00e9s en premi\u00e8re ligne de golf<\/strong><\/h3>\n<p>[\/vc_column_text]<div class=\"standard-arrow list-divider bullet-top\"><ul>\n<li><span style=\"color: #333333;\">LOCALISATION:<br \/>\n<\/span><span style=\"color: #000000;\"><strong>Roda Golf &amp; Beach Resort<br \/>\nLos Alc\u00e1zares &#8211; Murcie<\/strong><\/span><\/li>\n<li><span style=\"color: #333333;\">TYPE DE PROPRI\u00c9T\u00c9<\/span>:<br \/>\n<span style=\"color: #000000;\"><strong>Villa de luxe<\/strong><\/span><\/li>\n<\/ul>\n<\/div>[vc_column_text]<\/p>\n<p style=\"text-align: left;\" align=\"justify\"><span style=\"color: #333333;\"><strong>Villas Roda Golf est l\u2019endroit id\u00e9al pour les amoureux du soleil, du golf et de la plage, tout en profitant constamment de la tranquillit\u00e9 offerte en vivant \u00e0 c\u00f4t\u00e9 du parcours de Golf de Roda Golf Beach Resort.<\/strong><\/span><\/p>\n<p style=\"text-align: left;\" align=\"justify\"><span style=\"color: #333333;\">Depuis nos maisons, vous pouvez jouir de vues spectaculaires sur le parcours de golf. Elles sont \u00e9galement situ\u00e9es tr\u00e8s pr\u00e8s des plages de la Mar Menor.<\/span><\/p>\n<p>[\/vc_column_text][\/vc_column][\/vc_row][vc_row][vc_column][vc_gmaps link=\u00a0\u00bb#E-8_JTNDaWZyYW1lJTIwc3JjJTNEJTIyaHR0cHMlM0ElMkYlMkZ3d3cuZ29vZ2xlLmNvbSUyRm1hcHMlMkZlbWJlZCUzRnBiJTNEJTIxMW0xNCUyMTFtOCUyMTFtMyUyMTFkMTI2MTUuNTI1NTYxOTEyNDk4JTIxMmQtMC44NTQ0NjYwMTExNjQ5MDA3JTIxM2QzNy43NjkzNzkyMzIwOTA1NSUyMTNtMiUyMTFpMTAyNCUyMTJpNzY4JTIxNGYxMy4xJTIxM20zJTIxMW0yJTIxMXMweDAlMjUzQTB4MWE4MWY5N2YyMDIxYzViMCUyMTJzUm9kYSUyQkdvbGYlMkIlMjUyNiUyQkJlYWNoJTJCUmVzb3J0JTIxNWUwJTIxM20yJTIxMXNlcyUyMTJzZXMlMjE0djE1NDAyMDEyMTE5MDYlMjIlMjB3aWR0aCUzRCUyMjYwMCUyMiUyMGhlaWdodCUzRCUyMjQ1MCUyMiUyMGZyYW1lYm9yZGVyJTNEJTIyMCUyMiUyMHN0eWxlJTNEJTIyYm9yZGVyJTNBMCUyMiUyMGFsbG93ZnVsbHNjcmVlbiUzRSUzQyUyRmlmcmFtZSUzRQ==\u00a0\u00bb title=\u00a0\u00bbSituation\u00a0\u00bb][\/vc_column][\/vc_row][vc_row type=\u00a0\u00bb2&Prime; padding_top=\u00a0\u00bb30px\u00a0\u00bb padding_bottom=\u00a0\u00bb30px\u00a0\u00bb bg_color=\u00a0\u00bb#333333&Prime; css=\u00a0\u00bb.vc_custom_1518112293780{background-color: #4c4c4c !important;}\u00a0\u00bb][vc_column width=\u00a0\u00bb1\/4&Prime;][vc_column_text]<\/p>\n<h2>\u00cates-vous int\u00e9ress\u00e9s?<\/h2>\n<p style=\"text-align: left;\" align=\"justify\">Si les villas de luxe en premi\u00e8re ligne de golf du Roda Golf Beach &amp; Resort vous int\u00e9ressent, n\u2019h\u00e9sitez pas \u00e0 nous contacter via ce formulaire de contact. Nous vous recontacterons dans les plus brefs d\u00e9lais afin d\u2019organiser une visite d\u2019inspection de ces magnifiques maisons situ\u00e9es \u00e0 Los Alcazares (Murcie).<\/p>\n<p>[\/vc_column_text][\/vc_column][vc_column width=\u00a0\u00bb3\/4&Prime;]<form class=\"dt-contact-form dt-form\" method=\"post\"><input type=\"hidden\" name=\"widget_id\" value=\"presscore-contact-form-widget--1\" \/><input type=\"hidden\" name=\"send_message\" value=\"\" \/><input type=\"hidden\" name=\"security_token\" value=\"a426d491c70fec8c8996\"\/><div class=\"form-fields\"><span class=\"form-name\"><label class=\"assistive-text\">Nom *<\/label><input type=\"text\" class=\"validate[required]\" placeholder=\"Nom *\" name=\"name\" value=\"\" aria-required=\"true\">\n<\/span><span class=\"form-mail\"><label class=\"assistive-text\">E-mail *<\/label><input type=\"text\" class=\"validate[required,custom[email]]\" placeholder=\"E-mail *\" name=\"email\" value=\"\" aria-required=\"true\">\n<\/span><span class=\"form-telephone\"><label class=\"assistive-text\">T\u00e9l\u00e9phone *<\/label><input type=\"text\" class=\"validate[required,custom[phone]]\" placeholder=\"T\u00e9l\u00e9phone *\" name=\"telephone\" value=\"\" aria-required=\"true\">\n<\/span><span class=\"form-country\"><label class=\"assistive-text\">Pays<\/label><input type=\"text\" placeholder=\"Pays\" name=\"country\" value=\"\" aria-required=\"false\">\n<\/span><span class=\"form-city\"><label class=\"assistive-text\">Ville<\/label><input type=\"text\" placeholder=\"Ville\" name=\"city\" value=\"\" aria-required=\"false\">\n<\/span><\/div><span class=\"form-message\"><label class=\"assistive-text\">Message *<\/label><textarea class=\"validate[required]\" placeholder=\"Message *\" name=\"message\" rows=\"6\" aria-required=\"true\"><\/textarea>\n<\/span><p><a href=\"#\" class=\"dt-btn dt-btn-m dt-btn-submit\" rel=\"nofollow\"><span>ENVOYER<\/span><\/a><input class=\"assistive-text\" type=\"submit\" value=\"envoyer\"><\/p><\/form>\n[\/vc_column][\/vc_row][vc_row margin_top=\u00a0\u00bb50px\u00a0\u00bb full_width_row=\u00a0\u00bbtrue\u00a0\u00bb][vc_column][vc_column_text]<\/p>\n<h3 style=\"text-align: center;\">AUTRES PROMOTIONS<\/h3>\n<p>[\/vc_column_text][vc_row_inner][vc_column_inner width=\u00a0\u00bb1\/3&Prime;][vc_single_image image=\u00a0\u00bb53992&Prime; img_size=\u00a0\u00bbfull\u00a0\u00bb alignment=\u00a0\u00bbcenter\u00a0\u00bb onclick=\u00a0\u00bbcustom_link\u00a0\u00bb image_hovers=\u00a0\u00bbfalse\u00a0\u00bb link=\u00a0\u00bb\/fr\/residences-alyssa\/\u00a0\u00bb css=\u00a0\u00bb.vc_custom_1541691143203{margin-top: 20px !important;margin-right: 20px !important;margin-bottom: 20px !important;margin-left: 20px !important;}\u00a0\u00bb][\/vc_column_inner][vc_column_inner width=\u00a0\u00bb1\/3&Prime;][vc_single_image image=\u00a0\u00bb54153&Prime; img_size=\u00a0\u00bbfull\u00a0\u00bb alignment=\u00a0\u00bbcenter\u00a0\u00bb onclick=\u00a0\u00bbcustom_link\u00a0\u00bb image_hovers=\u00a0\u00bbfalse\u00a0\u00bb link=\u00a0\u00bb\/fr\/residences-azure\/\u00a0\u00bb css=\u00a0\u00bb.vc_custom_1541691163665{margin-top: 20px !important;margin-right: 20px !important;margin-bottom: 20px !important;margin-left: 20px !important;}\u00a0\u00bb][\/vc_column_inner][vc_column_inner width=\u00a0\u00bb1\/3&Prime;][vc_single_image image=\u00a0\u00bb54154&Prime; img_size=\u00a0\u00bbfull\u00a0\u00bb alignment=\u00a0\u00bbcenter\u00a0\u00bb onclick=\u00a0\u00bbcustom_link\u00a0\u00bb image_hovers=\u00a0\u00bbfalse\u00a0\u00bb link=\u00a0\u00bb\/fr\/residences-bianca\/\u00a0\u00bb css=\u00a0\u00bb.vc_custom_1541691206028{margin-top: 20px !important;margin-right: 20px !important;margin-bottom: 20px !important;margin-left: 20px !important;}\u00a0\u00bb][\/vc_column_inner][\/vc_row_inner][\/vc_column][\/vc_row]<\/p>\n<\/section>","protected":false},"excerpt":{"rendered":"<p>[vc_row margin_top=\u00a0\u00bb20&Prime; margin_bottom=\u00a0\u00bb20&Prime;][vc_column width=\u00a0\u00bb2\/3&Prime;][vc_single_image image=\u00a0\u00bb54017&Prime; img_size=\u00a0\u00bbfull\u00a0\u00bb image_hovers=\u00a0\u00bbfalse\u00a0\u00bb css=\u00a0\u00bb.vc_custom_1540201096859{margin-bottom: 20px !important;}\u00a0\u00bb][\/vc_column][vc_column width=\u00a0\u00bb1\/3&Prime;][vc_column_text css=\u00a0\u00bb.vc_custom_1541437183400{margin-bottom: 20px !important;}\u00a0\u00bb] Propri\u00e9t\u00e9s en premi\u00e8re ligne de golf [\/vc_column_text][vc_column_text] Villas Roda Golf est l\u2019endroit id\u00e9al pour les amoureux du soleil, du golf et de la plage, tout en profitant constamment de la tranquillit\u00e9 offerte en vivant \u00e0 c\u00f4t\u00e9 du parcours de Golf de&hellip;<\/p>\n","protected":false},"author":1,"featured_media":0,"parent":0,"menu_order":0,"comment_status":"closed","ping_status":"closed","template":"","meta":{"_seopress_robots_primary_cat":""},"_links":{"self":[{"href":"https:\/\/www.binomiumproperties.com\/fr\/wp-json\/wp\/v2\/pages\/54921"}],"collection":[{"href":"https:\/\/www.binomiumproperties.com\/fr\/wp-json\/wp\/v2\/pages"}],"about":[{"href":"https:\/\/www.binomiumproperties.com\/fr\/wp-json\/wp\/v2\/types\/page"}],"author":[{"embeddable":true,"href":"https:\/\/www.binomiumproperties.com\/fr\/wp-json\/wp\/v2\/users\/1"}],"replies":[{"embeddable":true,"href":"https:\/\/www.binomiumproperties.com\/fr\/wp-json\/wp\/v2\/comments?post=54921"}],"version-history":[{"count":5,"href":"https:\/\/www.binomiumproperties.com\/fr\/wp-json\/wp\/v2\/pages\/54921\/revisions"}],"predecessor-version":[{"id":55468,"href":"https:\/\/www.binomiumproperties.com\/fr\/wp-json\/wp\/v2\/pages\/54921\/revisions\/55468"}],"wp:attachment":[{"href":"https:\/\/www.binomiumproperties.com\/fr\/wp-json\/wp\/v2\/media?parent=54921"}],"curies":[{"name":"wp","href":"https:\/\/api.w.org\/{rel}","templated":true}]}}