{"id":54994,"date":"2019-05-20T13:49:24","date_gmt":"2019-05-20T13:49:24","guid":{"rendered":"http:\/\/www.binomiumproperties.com\/?page_id=54994"},"modified":"2020-07-13T16:59:17","modified_gmt":"2020-07-13T16:59:17","slug":"residences-los-altos","status":"publish","type":"page","link":"https:\/\/www.binomiumproperties.com\/fr\/residences-los-altos\/","title":{"rendered":"R\u00e9sidences Los Altos"},"content":{"rendered":"<section class=\"wpb-content-wrapper\"><p>[vc_row margin_top=\u00a0\u00bb20&Prime; margin_bottom=\u00a0\u00bb20&Prime;][vc_column width=\u00a0\u00bb2\/3&Prime;][vc_single_image image=\u00a0\u00bb54718&Prime; img_size=\u00a0\u00bbfull\u00a0\u00bb image_hovers=\u00a0\u00bbfalse\u00a0\u00bb css=\u00a0\u00bb.vc_custom_1550074013395{margin-bottom: 20px !important;}\u00a0\u00bb]<div class=\"dt-photos-shortcode slider-wrapper owl-carousel dt-owl-carousel-init  shortcode-instagram dt-gallery-container arrows-light enable-mobile-arrows\" data-padding-side=\"10\" data-autoslide=\"true\" data-delay=\"3000\" data-loop=\"false\" data-arrows=\"true\" data-pretty-share=\"facebook,twitter,pinterest,google,linkedin\">\n<article class=\"post post-54741 attachment type-attachment status-inherit hentry no-img description-off\">\n\n\t<figure class=\"rollover-project links-hovers-disabled\">\n\t<a href=\"https:\/\/www.binomiumproperties.com\/wp-content\/uploads\/2019\/02\/LOS.ALTOS-VIV.1.jpg\" class=\"rollover rollover-zoom dt-pswp-item layzr-bg\" title=\"LOS.ALTOS-VIV.1\" data-dt-img-description=\"\"  data-large_image_width=\"2000\" data-large_image_height = \"1339\"  data-dt-location=\"https:\/\/www.binomiumproperties.com\/fr\/dt_gallery\/album-los-altos-de-lo-romero-golf\/los-altos-viv-1\/\" ><img class=\"preload-me lazy-load aspect\" src=\"data:image\/svg+xml,%3Csvg%20xmlns%3D&#39;http%3A%2F%2Fwww.w3.org%2F2000%2Fsvg&#39;%20viewBox%3D&#39;0%200%20100%20100&#39;%2F%3E\" data-src=\"https:\/\/www.binomiumproperties.com\/wp-content\/uploads\/2019\/02\/LOS.ALTOS-VIV.1-100x100.jpg\" data-srcset=\"https:\/\/www.binomiumproperties.com\/wp-content\/uploads\/2019\/02\/LOS.ALTOS-VIV.1-100x100.jpg 100w, https:\/\/www.binomiumproperties.com\/wp-content\/uploads\/2019\/02\/LOS.ALTOS-VIV.1-200x200.jpg 200w\" loading=\"eager\" style=\"--ratio: 100 \/ 100;\" sizes=\"(max-width: 100px) 100vw, 100px\" alt=\"\" width=\"100\" height=\"100\"  \/><\/a>\t<\/figure>\n<\/article>\n\n\n<article class=\"post post-54743 attachment type-attachment status-inherit hentry no-img description-off\">\n\n\t<figure class=\"rollover-project links-hovers-disabled\">\n\t<a href=\"https:\/\/www.binomiumproperties.com\/wp-content\/uploads\/2019\/02\/LOS.ALTOS-VIV.2.jpg\" class=\"rollover rollover-zoom dt-pswp-item layzr-bg\" title=\"LOS.ALTOS-VIV.2\" data-dt-img-description=\"\"  data-large_image_width=\"2000\" data-large_image_height = \"1339\"  data-dt-location=\"https:\/\/www.binomiumproperties.com\/fr\/dt_gallery\/album-los-altos-de-lo-romero-golf\/los-altos-viv-2\/\" ><img class=\"preload-me lazy-load aspect\" src=\"data:image\/svg+xml,%3Csvg%20xmlns%3D&#39;http%3A%2F%2Fwww.w3.org%2F2000%2Fsvg&#39;%20viewBox%3D&#39;0%200%20100%20100&#39;%2F%3E\" data-src=\"https:\/\/www.binomiumproperties.com\/wp-content\/uploads\/2019\/02\/LOS.ALTOS-VIV.2-100x100.jpg\" data-srcset=\"https:\/\/www.binomiumproperties.com\/wp-content\/uploads\/2019\/02\/LOS.ALTOS-VIV.2-100x100.jpg 100w, https:\/\/www.binomiumproperties.com\/wp-content\/uploads\/2019\/02\/LOS.ALTOS-VIV.2-200x200.jpg 200w\" loading=\"eager\" style=\"--ratio: 100 \/ 100;\" sizes=\"(max-width: 100px) 100vw, 100px\" alt=\"\" width=\"100\" height=\"100\"  \/><\/a>\t<\/figure>\n<\/article>\n\n\n<article class=\"post post-54745 attachment type-attachment status-inherit hentry no-img description-off\">\n\n\t<figure class=\"rollover-project links-hovers-disabled\">\n\t<a href=\"https:\/\/www.binomiumproperties.com\/wp-content\/uploads\/2019\/02\/LOS.ALTOS-VIV.3.jpg\" class=\"rollover rollover-zoom dt-pswp-item layzr-bg\" title=\"LOS.ALTOS-VIV.3\" data-dt-img-description=\"\"  data-large_image_width=\"2000\" data-large_image_height = \"1339\"  data-dt-location=\"https:\/\/www.binomiumproperties.com\/fr\/dt_gallery\/album-los-altos-de-lo-romero-golf\/los-altos-viv-3\/\" ><img class=\"preload-me lazy-load aspect\" src=\"data:image\/svg+xml,%3Csvg%20xmlns%3D&#39;http%3A%2F%2Fwww.w3.org%2F2000%2Fsvg&#39;%20viewBox%3D&#39;0%200%20100%20100&#39;%2F%3E\" data-src=\"https:\/\/www.binomiumproperties.com\/wp-content\/uploads\/2019\/02\/LOS.ALTOS-VIV.3-100x100.jpg\" data-srcset=\"https:\/\/www.binomiumproperties.com\/wp-content\/uploads\/2019\/02\/LOS.ALTOS-VIV.3-100x100.jpg 100w, https:\/\/www.binomiumproperties.com\/wp-content\/uploads\/2019\/02\/LOS.ALTOS-VIV.3-200x200.jpg 200w\" loading=\"eager\" style=\"--ratio: 100 \/ 100;\" sizes=\"(max-width: 100px) 100vw, 100px\" alt=\"\" width=\"100\" height=\"100\"  \/><\/a>\t<\/figure>\n<\/article>\n\n\n<article class=\"post post-54747 attachment type-attachment status-inherit hentry no-img description-off\">\n\n\t<figure class=\"rollover-project links-hovers-disabled\">\n\t<a href=\"https:\/\/www.binomiumproperties.com\/wp-content\/uploads\/2019\/02\/LOS.ALTOS-VIV.4.jpg\" class=\"rollover rollover-zoom dt-pswp-item layzr-bg\" title=\"LOS.ALTOS-VIV.4\" data-dt-img-description=\"\"  data-large_image_width=\"2000\" data-large_image_height = \"1339\"  data-dt-location=\"https:\/\/www.binomiumproperties.com\/fr\/dt_gallery\/album-los-altos-de-lo-romero-golf\/los-altos-viv-4\/\" ><img class=\"preload-me lazy-load aspect\" src=\"data:image\/svg+xml,%3Csvg%20xmlns%3D&#39;http%3A%2F%2Fwww.w3.org%2F2000%2Fsvg&#39;%20viewBox%3D&#39;0%200%20100%20100&#39;%2F%3E\" data-src=\"https:\/\/www.binomiumproperties.com\/wp-content\/uploads\/2019\/02\/LOS.ALTOS-VIV.4-100x100.jpg\" data-srcset=\"https:\/\/www.binomiumproperties.com\/wp-content\/uploads\/2019\/02\/LOS.ALTOS-VIV.4-100x100.jpg 100w, https:\/\/www.binomiumproperties.com\/wp-content\/uploads\/2019\/02\/LOS.ALTOS-VIV.4-200x200.jpg 200w\" loading=\"eager\" style=\"--ratio: 100 \/ 100;\" sizes=\"(max-width: 100px) 100vw, 100px\" alt=\"\" width=\"100\" height=\"100\"  \/><\/a>\t<\/figure>\n<\/article>\n\n\n<article class=\"post post-54749 attachment type-attachment status-inherit hentry no-img description-off\">\n\n\t<figure class=\"rollover-project links-hovers-disabled\">\n\t<a href=\"https:\/\/www.binomiumproperties.com\/wp-content\/uploads\/2019\/02\/LOS.ALTOS-VIV.5.jpg\" class=\"rollover rollover-zoom dt-pswp-item layzr-bg\" title=\"LOS.ALTOS-VIV.5\" data-dt-img-description=\"\"  data-large_image_width=\"2000\" data-large_image_height = \"1339\"  data-dt-location=\"https:\/\/www.binomiumproperties.com\/fr\/dt_gallery\/album-los-altos-de-lo-romero-golf\/los-altos-viv-5\/\" ><img class=\"preload-me lazy-load aspect\" src=\"data:image\/svg+xml,%3Csvg%20xmlns%3D&#39;http%3A%2F%2Fwww.w3.org%2F2000%2Fsvg&#39;%20viewBox%3D&#39;0%200%20100%20100&#39;%2F%3E\" data-src=\"https:\/\/www.binomiumproperties.com\/wp-content\/uploads\/2019\/02\/LOS.ALTOS-VIV.5-100x100.jpg\" data-srcset=\"https:\/\/www.binomiumproperties.com\/wp-content\/uploads\/2019\/02\/LOS.ALTOS-VIV.5-100x100.jpg 100w, https:\/\/www.binomiumproperties.com\/wp-content\/uploads\/2019\/02\/LOS.ALTOS-VIV.5-200x200.jpg 200w\" loading=\"eager\" style=\"--ratio: 100 \/ 100;\" sizes=\"(max-width: 100px) 100vw, 100px\" alt=\"\" width=\"100\" height=\"100\"  \/><\/a>\t<\/figure>\n<\/article>\n\n<\/div>[\/vc_column][vc_column width=\u00a0\u00bb1\/3&Prime;][vc_column_text css=\u00a0\u00bb.vc_custom_1550060776889{margin-bottom: 20px !important;}\u00a0\u00bb]<\/p>\n<h3><strong>Propri\u00e9t\u00e9s au c\u0153ur du golf<\/strong><\/h3>\n<p>[\/vc_column_text]<div class=\"standard-arrow list-divider bullet-top\"><ul>\n<li><span style=\"color: #000000;\">LOCALISATION:<br \/>\n<strong>Lo Romero Golf<br \/>\nPilar de la Horadada &#8211; Alicante<\/strong><\/span><\/li>\n<li><span style=\"color: #000000;\">TYPE DE PROPRI\u00c9T\u00c9:<br \/>\n<strong>Villas individuelles<\/strong><\/span><\/li>\n<\/ul>\n<\/div>[vc_column_text]<span style=\"color: #000000;\">Les r\u00e9sidences Los Altos de Lo Romero Golf constituent un complexe r\u00e9sidentiel situ\u00e9 dans un endroit id\u00e9al, pour profiter du style de vie m\u00e9diterran\u00e9en au bord du Golf.<br \/>\nComplexe de 24 villas disposant d\u2019un jardin priv\u00e9 et d\u2019un solarium.<br \/>\nCe complexe r\u00e9sidentiel exclusif se caract\u00e9rise par son emplacement fantastique et ses vues spectaculaires sur la mer et le golf.<br \/>\nDe plus, les villas disposent d\u2019un jardin priv\u00e9, d\u2019un espace de stationnement et d\u2019une piscine communautaire agr\u00e9ment\u00e9e d\u2019une zone de jardin am\u00e9nag\u00e9e.<\/span><\/p>\n<p><span style=\"color: #000000;\">L\u2019architecture moderne et sophistiqu\u00e9e utilis\u00e9e, ainsi que la s\u00e9lection rigoureuse de mat\u00e9riaux de qualit\u00e9 font de nos r\u00e9sidences des projets uniques destin\u00e9s aux clients exigeants recherchant un investissement optimal et une qualit\u00e9 de vie sup\u00e9rieure.<\/span><\/p>\n<p><span style=\"color: #000000;\">Lo Romero Golf est situ\u00e9 dans un cadre magnifique de la municipalit\u00e9 de Pilar de la Horadada, au c\u0153ur de la Costa Blanca. Le cours de golf 18 trous est tr\u00e8s proche de superbes plages d\u2019eau cristalline et parfaitement connect\u00e9 aux r\u00e9seaux routiers menant aux villes d\u2019Alicante et de Murcia ainsi qu\u2019\u00e0 l\u2019a\u00e9roport international de Murcia situ\u00e9 \u00e0 seulement quelques minutes de route.<br \/>\n<\/span>[\/vc_column_text][\/vc_column][\/vc_row][vc_row][vc_column][vc_gmaps link=\u00a0\u00bb#E-8_JTNDaWZyYW1lJTIwc3JjJTNEJTIyaHR0cHMlM0ElMkYlMkZ3d3cuZ29vZ2xlLmNvbSUyRm1hcHMlMkZlbWJlZCUzRnBiJTNEJTIxMW0xNCUyMTFtOCUyMTFtMyUyMTFkNzEyNjYuMDY1OTM2ODQ3MTclMjEyZC0wLjgwNzM0NTc3OTAzMzYzMyUyMTNkMzcuODcwOTM3NjMyODM3NDklMjEzbTIlMjExaTEwMjQlMjEyaTc2OCUyMTRmMTMuMSUyMTNtMyUyMTFtMiUyMTFzMHgwJTI1M0EweDRhODdmZTQ3OTc4NjkzZWElMjEyc0xvJTJCUm9tZXJvJTJCZ29sZiUyMTVlMCUyMTNtMiUyMTFzZXMlMjEyc2VzJTIxNHYxNTQxMTYwMzk5NDA2JTIyJTIwd2lkdGglM0QlMjI2MDAlMjIlMjBoZWlnaHQlM0QlMjI0NTAlMjIlMjBmcmFtZWJvcmRlciUzRCUyMjAlMjIlMjBzdHlsZSUzRCUyMmJvcmRlciUzQTAlMjIlMjBhbGxvd2Z1bGxzY3JlZW4lM0UlM0MlMkZpZnJhbWUlM0U=\u00a0\u00bb title=\u00a0\u00bbSituation\u00a0\u00bb css=\u00a0\u00bb.vc_custom_1550070931152{margin-top: 20px !important;}\u00a0\u00bb][\/vc_column][\/vc_row][vc_row type=\u00a0\u00bb2&Prime; padding_top=\u00a0\u00bb30px\u00a0\u00bb padding_bottom=\u00a0\u00bb30px\u00a0\u00bb bg_color=\u00a0\u00bb#333333&Prime; css=\u00a0\u00bb.vc_custom_1518112293780{background-color: #4c4c4c !important;}\u00a0\u00bb][vc_column width=\u00a0\u00bb1\/4&Prime;][vc_column_text]<\/p>\n<h2>\u00cates-vous int\u00e9ress\u00e9s?<\/h2>\n<p style=\"text-align: left;\" align=\"justify\"><span style=\"color: #808080;\">Si vous \u00eates int\u00e9ress\u00e9s par une des villas de qualit\u00e9 de luxe, disposant d\u2019un jardin priv\u00e9 et d\u2019un solarium des \u00ab R\u00e9sidences Los Altos Lo Romero Golf \u00bb, n\u2019h\u00e9sitez pas \u00e0 nous contacter via ce formulaire de contact. Nous vous recontacterons dans les plus brefs d\u00e9lais afin d\u2019organiser, une visite d\u2019inspection de ce complexe r\u00e9sidentiel situ\u00e9 dans Lo Romero Golf (Pilar de La Horadada, Alicante).<\/span><\/p>\n<p>[\/vc_column_text][\/vc_column][vc_column width=\u00a0\u00bb3\/4&Prime;]<form class=\"dt-contact-form dt-form\" method=\"post\"><input type=\"hidden\" name=\"widget_id\" value=\"presscore-contact-form-widget--1\" \/><input type=\"hidden\" name=\"send_message\" value=\"\" \/><input type=\"hidden\" name=\"security_token\" value=\"a426d491c70fec8c8996\"\/><div class=\"form-fields\"><span class=\"form-name\"><label class=\"assistive-text\">Nom *<\/label><input type=\"text\" class=\"validate[required]\" placeholder=\"Nom *\" name=\"name\" value=\"\" aria-required=\"true\">\n<\/span><span class=\"form-mail\"><label class=\"assistive-text\">E-mail *<\/label><input type=\"text\" class=\"validate[required,custom[email]]\" placeholder=\"E-mail *\" name=\"email\" value=\"\" aria-required=\"true\">\n<\/span><span class=\"form-telephone\"><label class=\"assistive-text\">T\u00e9l\u00e9phone *<\/label><input type=\"text\" class=\"validate[required,custom[phone]]\" placeholder=\"T\u00e9l\u00e9phone *\" name=\"telephone\" value=\"\" aria-required=\"true\">\n<\/span><span class=\"form-country\"><label class=\"assistive-text\">Pays<\/label><input type=\"text\" placeholder=\"Pays\" name=\"country\" value=\"\" aria-required=\"false\">\n<\/span><span class=\"form-city\"><label class=\"assistive-text\">Ville<\/label><input type=\"text\" placeholder=\"Ville\" name=\"city\" value=\"\" aria-required=\"false\">\n<\/span><\/div><span class=\"form-message\"><label class=\"assistive-text\">Message *<\/label><textarea class=\"validate[required]\" placeholder=\"Message *\" name=\"message\" rows=\"6\" aria-required=\"true\"><\/textarea>\n<\/span><p><a href=\"#\" class=\"dt-btn dt-btn-m dt-btn-submit\" rel=\"nofollow\"><span>ENVOYER<\/span><\/a><input class=\"assistive-text\" type=\"submit\" value=\"envoyer\"><\/p><\/form>\n[\/vc_column][\/vc_row][vc_row margin_top=\u00a0\u00bb50px\u00a0\u00bb full_width_row=\u00a0\u00bbtrue\u00a0\u00bb][vc_column][vc_column_text]<\/p>\n<h3 style=\"text-align: center;\">AUTRES PROMOTIONS<\/h3>\n<p>[\/vc_column_text][vc_row_inner][vc_column_inner width=\u00a0\u00bb1\/3&Prime;][vc_single_image image=\u00a0\u00bb53993&Prime; img_size=\u00a0\u00bbfull\u00a0\u00bb alignment=\u00a0\u00bbcenter\u00a0\u00bb onclick=\u00a0\u00bbcustom_link\u00a0\u00bb image_hovers=\u00a0\u00bbfalse\u00a0\u00bb link=\u00a0\u00bb\/fr\/villas-roda-golf\/\u00a0\u00bb css=\u00a0\u00bb.vc_custom_1543481951790{margin-top: 20px !important;margin-right: 20px !important;margin-bottom: 20px !important;margin-left: 20px !important;}\u00a0\u00bb][\/vc_column_inner][vc_column_inner width=\u00a0\u00bb1\/3&Prime;][vc_single_image image=\u00a0\u00bb53992&Prime; img_size=\u00a0\u00bbfull\u00a0\u00bb alignment=\u00a0\u00bbcenter\u00a0\u00bb onclick=\u00a0\u00bbcustom_link\u00a0\u00bb image_hovers=\u00a0\u00bbfalse\u00a0\u00bb link=\u00a0\u00bb\/fr\/residences-alyssa\/\u00a0\u00bb css=\u00a0\u00bb.vc_custom_1543481968469{margin-top: 20px !important;margin-right: 20px !important;margin-bottom: 20px !important;margin-left: 20px !important;}\u00a0\u00bb][\/vc_column_inner][vc_column_inner width=\u00a0\u00bb1\/3&Prime;][vc_single_image image=\u00a0\u00bb54154&Prime; img_size=\u00a0\u00bbfull\u00a0\u00bb alignment=\u00a0\u00bbcenter\u00a0\u00bb onclick=\u00a0\u00bbcustom_link\u00a0\u00bb image_hovers=\u00a0\u00bbfalse\u00a0\u00bb link=\u00a0\u00bb\/fr\/residences-bianca\/\u00a0\u00bb css=\u00a0\u00bb.vc_custom_1543481984427{margin-top: 20px !important;margin-right: 20px !important;margin-bottom: 20px !important;margin-left: 20px !important;}\u00a0\u00bb][\/vc_column_inner][\/vc_row_inner][\/vc_column][\/vc_row]<\/p>\n<\/section>","protected":false},"excerpt":{"rendered":"<p>[vc_row margin_top=\u00a0\u00bb20&Prime; margin_bottom=\u00a0\u00bb20&Prime;][vc_column width=\u00a0\u00bb2\/3&Prime;][vc_single_image image=\u00a0\u00bb54718&Prime; img_size=\u00a0\u00bbfull\u00a0\u00bb image_hovers=\u00a0\u00bbfalse\u00a0\u00bb css=\u00a0\u00bb.vc_custom_1550074013395{margin-bottom: 20px !important;}\u00a0\u00bb][\/vc_column][vc_column width=\u00a0\u00bb1\/3&Prime;][vc_column_text css=\u00a0\u00bb.vc_custom_1550060776889{margin-bottom: 20px !important;}\u00a0\u00bb] Propri\u00e9t\u00e9s au c\u0153ur du golf [\/vc_column_text][vc_column_text]Les r\u00e9sidences Los Altos de Lo Romero Golf constituent un complexe r\u00e9sidentiel situ\u00e9 dans un endroit id\u00e9al, pour profiter du style de vie m\u00e9diterran\u00e9en au bord du Golf. Complexe de 24 villas disposant d\u2019un jardin priv\u00e9&hellip;<\/p>\n","protected":false},"author":1,"featured_media":0,"parent":0,"menu_order":0,"comment_status":"closed","ping_status":"closed","template":"","meta":{"_seopress_robots_primary_cat":""},"_links":{"self":[{"href":"https:\/\/www.binomiumproperties.com\/fr\/wp-json\/wp\/v2\/pages\/54994"}],"collection":[{"href":"https:\/\/www.binomiumproperties.com\/fr\/wp-json\/wp\/v2\/pages"}],"about":[{"href":"https:\/\/www.binomiumproperties.com\/fr\/wp-json\/wp\/v2\/types\/page"}],"author":[{"embeddable":true,"href":"https:\/\/www.binomiumproperties.com\/fr\/wp-json\/wp\/v2\/users\/1"}],"replies":[{"embeddable":true,"href":"https:\/\/www.binomiumproperties.com\/fr\/wp-json\/wp\/v2\/comments?post=54994"}],"version-history":[{"count":6,"href":"https:\/\/www.binomiumproperties.com\/fr\/wp-json\/wp\/v2\/pages\/54994\/revisions"}],"predecessor-version":[{"id":55467,"href":"https:\/\/www.binomiumproperties.com\/fr\/wp-json\/wp\/v2\/pages\/54994\/revisions\/55467"}],"wp:attachment":[{"href":"https:\/\/www.binomiumproperties.com\/fr\/wp-json\/wp\/v2\/media?parent=54994"}],"curies":[{"name":"wp","href":"https:\/\/api.w.org\/{rel}","templated":true}]}}