{"id":55149,"date":"2019-05-21T14:34:48","date_gmt":"2019-05-21T14:34:48","guid":{"rendered":"http:\/\/www.binomiumproperties.com\/?page_id=55149"},"modified":"2020-02-24T08:23:04","modified_gmt":"2020-02-24T08:23:04","slug":"architecture","status":"publish","type":"page","link":"https:\/\/www.binomiumproperties.com\/fr\/architecture\/","title":{"rendered":"Architecture"},"content":{"rendered":"<section class=\"wpb-content-wrapper\"><p>[vc_row type=\u00a0\u00bbvc_default\u00a0\u00bb margin_bottom=\u00a0\u00bb10&Prime; css=\u00a0\u00bb.vc_custom_1540483245830{padding-top: 70px !important;padding-bottom: 25px !important;}\u00a0\u00bb][vc_column width=\u00a0\u00bb2\/3&Prime; css=\u00a0\u00bb.vc_custom_1521134505276{padding-right: 50px !important;padding-bottom: 50px !important;}\u00a0\u00bb][vc_column_text]<\/p>\n<h2>L&rsquo;architecture dans toutes ses phases<\/h2>\n<p>Binomium properties intervient dans le d\u00e9veloppement architectural r\u00e9sidentiel dans  tous ses aspects : de la conception \u00e0 la gestion de la construction d\u2019espaces, en passant par l\u2019am\u00e9nagement d\u2019int\u00e9rieur et l\u2019ameublement.<\/p>\n<p>Notre philosophie repose sur l\u2019incorporation de talents collaborant sur les projets, poss\u00e9dant une vaste exp\u00e9rience du secteur architectural, de l\u2019urbanisme et de l\u2019am\u00e9nagement paysager.[\/vc_column_text][\/vc_column][vc_column width=\u00a0\u00bb1\/3&Prime; css=\u00a0\u00bb.vc_custom_1540207475277{padding: 20px !important;border: 1px solid #cccccc !important;}\u00a0\u00bb][vc_column_text css=\u00a0\u00bb.vc_custom_1540483197202{padding-bottom: 15px !important;}\u00a0\u00bb]Notre studio d\u2019architecture AQTA PROYECTOS collabore \u00e0 la conception de chaque propri\u00e9t\u00e9.[\/vc_column_text]<style type=\"text\/css\" data-type=\"the7_shortcodes-inline-css\">#default-btn-c3e8476be8c06384234c51e2d128fc0b.ico-right-side > i {\n  margin-right: 0px;\n  margin-left: 8px;\n}\n#default-btn-c3e8476be8c06384234c51e2d128fc0b > i {\n  margin-right: 8px;\n}\n<\/style><div class=\"btn-align-center\"><a href=\"http:\/\/www.aqta.es\" class=\"default-btn-shortcode dt-btn dt-btn-l link-hover-off full-width-btn \" target=\"_blank\" id=\"default-btn-c3e8476be8c06384234c51e2d128fc0b\" rel=\"noopener\"><span>STUDIO AQTA<\/span><\/a><\/div>[\/vc_column][\/vc_row][vc_row][vc_column][vc_column_text][\/vc_column_text]<div class=\"dt-photos-shortcode slider-wrapper owl-carousel dt-owl-carousel-init  shortcode-instagram dt-gallery-container arrows-light enable-mobile-arrows\" data-padding-side=\"20\" data-autoslide=\"true\" data-delay=\"3000\" data-loop=\"false\" data-arrows=\"true\" data-pretty-share=\"facebook,twitter,pinterest,google,linkedin\">\n<article class=\"post post-54032 attachment type-attachment status-inherit hentry no-img description-off\">\n\n\t<figure class=\"rollover-project links-hovers-disabled\">\n\t<a href=\"https:\/\/www.binomiumproperties.com\/wp-content\/uploads\/2018\/10\/2.jpg\" class=\"rollover rollover-zoom dt-pswp-item layzr-bg\" title=\"2\" data-dt-img-description=\"\"  data-large_image_width=\"1500\" data-large_image_height = \"1000\"  data-dt-location=\"https:\/\/www.binomiumproperties.com\/fr\/dt_gallery\/album-arquitectura\/attachment\/2\/\" ><img class=\"preload-me lazy-load aspect\" src=\"data:image\/svg+xml,%3Csvg%20xmlns%3D&#39;http%3A%2F%2Fwww.w3.org%2F2000%2Fsvg&#39;%20viewBox%3D&#39;0%200%20315%20210&#39;%2F%3E\" data-src=\"https:\/\/www.binomiumproperties.com\/wp-content\/uploads\/2018\/10\/2-315x210.jpg\" data-srcset=\"https:\/\/www.binomiumproperties.com\/wp-content\/uploads\/2018\/10\/2-315x210.jpg 315w, https:\/\/www.binomiumproperties.com\/wp-content\/uploads\/2018\/10\/2-630x420.jpg 630w\" loading=\"eager\" style=\"--ratio: 315 \/ 210;\" sizes=\"(max-width: 315px) 100vw, 315px\" alt=\"\" width=\"315\" height=\"210\"  \/><\/a>\t<\/figure>\n<\/article>\n\n\n<article class=\"post post-54083 attachment type-attachment status-inherit hentry no-img description-off\">\n\n\t<figure class=\"rollover-project links-hovers-disabled\">\n\t<a href=\"https:\/\/www.binomiumproperties.com\/wp-content\/uploads\/2018\/10\/VIVIENDA.A3.jpg\" class=\"rollover rollover-zoom dt-pswp-item layzr-bg\" title=\"VIVIENDA.A3\" data-dt-img-description=\"\"  data-large_image_width=\"1920\" data-large_image_height = \"1080\"  data-dt-location=\"https:\/\/www.binomiumproperties.com\/fr\/dt_gallery\/album-arquitectura\/vivienda-a3\/\" ><img class=\"preload-me lazy-load aspect\" src=\"data:image\/svg+xml,%3Csvg%20xmlns%3D&#39;http%3A%2F%2Fwww.w3.org%2F2000%2Fsvg&#39;%20viewBox%3D&#39;0%200%20373%20210&#39;%2F%3E\" data-src=\"https:\/\/www.binomiumproperties.com\/wp-content\/uploads\/2018\/10\/VIVIENDA.A3-373x210.jpg\" data-srcset=\"https:\/\/www.binomiumproperties.com\/wp-content\/uploads\/2018\/10\/VIVIENDA.A3-373x210.jpg 373w, https:\/\/www.binomiumproperties.com\/wp-content\/uploads\/2018\/10\/VIVIENDA.A3-746x420.jpg 746w\" loading=\"eager\" style=\"--ratio: 373 \/ 210;\" sizes=\"(max-width: 373px) 100vw, 373px\" alt=\"\" width=\"373\" height=\"210\"  \/><\/a>\t<\/figure>\n<\/article>\n\n\n<article class=\"post post-54033 attachment type-attachment status-inherit hentry no-img description-off\">\n\n\t<figure class=\"rollover-project links-hovers-disabled\">\n\t<a href=\"https:\/\/www.binomiumproperties.com\/wp-content\/uploads\/2018\/10\/3-1.jpg\" class=\"rollover rollover-zoom dt-pswp-item layzr-bg\" title=\"3 (1)\" data-dt-img-description=\"\"  data-large_image_width=\"1500\" data-large_image_height = \"1000\"  data-dt-location=\"https:\/\/www.binomiumproperties.com\/fr\/dt_gallery\/album-arquitectura\/3-1\/\" ><img class=\"preload-me lazy-load aspect\" src=\"data:image\/svg+xml,%3Csvg%20xmlns%3D&#39;http%3A%2F%2Fwww.w3.org%2F2000%2Fsvg&#39;%20viewBox%3D&#39;0%200%20315%20210&#39;%2F%3E\" data-src=\"https:\/\/www.binomiumproperties.com\/wp-content\/uploads\/2018\/10\/3-1-315x210.jpg\" data-srcset=\"https:\/\/www.binomiumproperties.com\/wp-content\/uploads\/2018\/10\/3-1-315x210.jpg 315w, https:\/\/www.binomiumproperties.com\/wp-content\/uploads\/2018\/10\/3-1-630x420.jpg 630w\" loading=\"eager\" style=\"--ratio: 315 \/ 210;\" sizes=\"(max-width: 315px) 100vw, 315px\" alt=\"\" width=\"315\" height=\"210\"  \/><\/a>\t<\/figure>\n<\/article>\n\n\n<article class=\"post post-54034 attachment type-attachment status-inherit hentry no-img description-off\">\n\n\t<figure class=\"rollover-project links-hovers-disabled\">\n\t<a href=\"https:\/\/www.binomiumproperties.com\/wp-content\/uploads\/2018\/10\/3.jpg\" class=\"rollover rollover-zoom dt-pswp-item layzr-bg\" title=\"3\" data-dt-img-description=\"\"  data-large_image_width=\"3264\" data-large_image_height = \"2448\"  data-dt-location=\"https:\/\/www.binomiumproperties.com\/fr\/dt_gallery\/album-arquitectura\/attachment\/3\/\" ><img class=\"preload-me lazy-load aspect\" src=\"data:image\/svg+xml,%3Csvg%20xmlns%3D&#39;http%3A%2F%2Fwww.w3.org%2F2000%2Fsvg&#39;%20viewBox%3D&#39;0%200%20280%20210&#39;%2F%3E\" data-src=\"https:\/\/www.binomiumproperties.com\/wp-content\/uploads\/2018\/10\/3-280x210.jpg\" data-srcset=\"https:\/\/www.binomiumproperties.com\/wp-content\/uploads\/2018\/10\/3-280x210.jpg 280w, https:\/\/www.binomiumproperties.com\/wp-content\/uploads\/2018\/10\/3-560x420.jpg 560w\" loading=\"eager\" style=\"--ratio: 280 \/ 210;\" sizes=\"(max-width: 280px) 100vw, 280px\" alt=\"\" width=\"280\" height=\"210\"  \/><\/a>\t<\/figure>\n<\/article>\n\n\n<article class=\"post post-54035 attachment type-attachment status-inherit hentry no-img description-off\">\n\n\t<figure class=\"rollover-project links-hovers-disabled\">\n\t<a href=\"https:\/\/www.binomiumproperties.com\/wp-content\/uploads\/2018\/10\/4.jpg\" class=\"rollover rollover-zoom dt-pswp-item layzr-bg\" title=\"4\" data-dt-img-description=\"\"  data-large_image_width=\"1489\" data-large_image_height = \"688\"  data-dt-location=\"https:\/\/www.binomiumproperties.com\/fr\/dt_gallery\/album-arquitectura\/attachment\/4\/\" ><img class=\"preload-me lazy-load aspect\" src=\"data:image\/svg+xml,%3Csvg%20xmlns%3D&#39;http%3A%2F%2Fwww.w3.org%2F2000%2Fsvg&#39;%20viewBox%3D&#39;0%200%20454%20210&#39;%2F%3E\" data-src=\"https:\/\/www.binomiumproperties.com\/wp-content\/uploads\/2018\/10\/4-454x210.jpg\" data-srcset=\"https:\/\/www.binomiumproperties.com\/wp-content\/uploads\/2018\/10\/4-454x210.jpg 454w, https:\/\/www.binomiumproperties.com\/wp-content\/uploads\/2018\/10\/4-908x420.jpg 908w\" loading=\"eager\" style=\"--ratio: 454 \/ 210;\" sizes=\"(max-width: 454px) 100vw, 454px\" alt=\"\" width=\"454\" height=\"210\"  \/><\/a>\t<\/figure>\n<\/article>\n\n\n<article class=\"post post-54085 attachment type-attachment status-inherit hentry no-img description-off\">\n\n\t<figure class=\"rollover-project links-hovers-disabled\">\n\t<a href=\"https:\/\/www.binomiumproperties.com\/wp-content\/uploads\/2018\/10\/VIVIENDA.B.jpg\" class=\"rollover rollover-zoom dt-pswp-item layzr-bg\" title=\"VIVIENDA.B\" data-dt-img-description=\"\"  data-large_image_width=\"1920\" data-large_image_height = \"1080\"  data-dt-location=\"https:\/\/www.binomiumproperties.com\/fr\/dt_gallery\/album-arquitectura\/vivienda-b\/\" ><img class=\"preload-me lazy-load aspect\" src=\"data:image\/svg+xml,%3Csvg%20xmlns%3D&#39;http%3A%2F%2Fwww.w3.org%2F2000%2Fsvg&#39;%20viewBox%3D&#39;0%200%20373%20210&#39;%2F%3E\" data-src=\"https:\/\/www.binomiumproperties.com\/wp-content\/uploads\/2018\/10\/VIVIENDA.B-373x210.jpg\" data-srcset=\"https:\/\/www.binomiumproperties.com\/wp-content\/uploads\/2018\/10\/VIVIENDA.B-373x210.jpg 373w, https:\/\/www.binomiumproperties.com\/wp-content\/uploads\/2018\/10\/VIVIENDA.B-746x420.jpg 746w\" loading=\"eager\" style=\"--ratio: 373 \/ 210;\" sizes=\"(max-width: 373px) 100vw, 373px\" alt=\"\" width=\"373\" height=\"210\"  \/><\/a>\t<\/figure>\n<\/article>\n\n\n<article class=\"post post-54036 attachment type-attachment status-inherit hentry no-img description-off\">\n\n\t<figure class=\"rollover-project links-hovers-disabled\">\n\t<a href=\"https:\/\/www.binomiumproperties.com\/wp-content\/uploads\/2018\/10\/5.jpg\" class=\"rollover rollover-zoom dt-pswp-item layzr-bg\" title=\"5\" data-dt-img-description=\"\"  data-large_image_width=\"1030\" data-large_image_height = \"605\"  data-dt-location=\"https:\/\/www.binomiumproperties.com\/fr\/dt_gallery\/album-arquitectura\/attachment\/5\/\" ><img class=\"preload-me lazy-load aspect\" src=\"data:image\/svg+xml,%3Csvg%20xmlns%3D&#39;http%3A%2F%2Fwww.w3.org%2F2000%2Fsvg&#39;%20viewBox%3D&#39;0%200%20357%20210&#39;%2F%3E\" data-src=\"https:\/\/www.binomiumproperties.com\/wp-content\/uploads\/2018\/10\/5-357x210.jpg\" data-srcset=\"https:\/\/www.binomiumproperties.com\/wp-content\/uploads\/2018\/10\/5-357x210.jpg 357w, https:\/\/www.binomiumproperties.com\/wp-content\/uploads\/2018\/10\/5-714x420.jpg 714w\" loading=\"eager\" style=\"--ratio: 357 \/ 210;\" sizes=\"(max-width: 357px) 100vw, 357px\" alt=\"\" width=\"357\" height=\"210\"  \/><\/a>\t<\/figure>\n<\/article>\n\n\n<article class=\"post post-54037 attachment type-attachment status-inherit hentry no-img description-off\">\n\n\t<figure class=\"rollover-project links-hovers-disabled\">\n\t<a href=\"https:\/\/www.binomiumproperties.com\/wp-content\/uploads\/2018\/10\/6.jpg\" class=\"rollover rollover-zoom dt-pswp-item layzr-bg\" title=\"6\" data-dt-img-description=\"\"  data-large_image_width=\"5616\" data-large_image_height = \"3744\"  data-dt-location=\"https:\/\/www.binomiumproperties.com\/fr\/dt_gallery\/album-arquitectura\/attachment\/6\/\" ><img class=\"preload-me lazy-load aspect\" src=\"data:image\/svg+xml,%3Csvg%20xmlns%3D&#39;http%3A%2F%2Fwww.w3.org%2F2000%2Fsvg&#39;%20viewBox%3D&#39;0%200%20315%20210&#39;%2F%3E\" data-src=\"https:\/\/www.binomiumproperties.com\/wp-content\/uploads\/2018\/10\/6-315x210.jpg\" data-srcset=\"https:\/\/www.binomiumproperties.com\/wp-content\/uploads\/2018\/10\/6-315x210.jpg 315w, https:\/\/www.binomiumproperties.com\/wp-content\/uploads\/2018\/10\/6-630x420.jpg 630w\" loading=\"eager\" style=\"--ratio: 315 \/ 210;\" sizes=\"(max-width: 315px) 100vw, 315px\" alt=\"\" width=\"315\" height=\"210\"  \/><\/a>\t<\/figure>\n<\/article>\n\n\n<article class=\"post post-54038 attachment type-attachment status-inherit hentry no-img description-off\">\n\n\t<figure class=\"rollover-project links-hovers-disabled\">\n\t<a href=\"https:\/\/www.binomiumproperties.com\/wp-content\/uploads\/2018\/10\/10.jpg\" class=\"rollover rollover-zoom dt-pswp-item layzr-bg\" title=\"10\" data-dt-img-description=\"\"  data-large_image_width=\"1235\" data-large_image_height = \"800\"  data-dt-location=\"https:\/\/www.binomiumproperties.com\/fr\/dt_gallery\/album-arquitectura\/attachment\/10\/\" ><img class=\"preload-me lazy-load aspect\" src=\"data:image\/svg+xml,%3Csvg%20xmlns%3D&#39;http%3A%2F%2Fwww.w3.org%2F2000%2Fsvg&#39;%20viewBox%3D&#39;0%200%20324%20210&#39;%2F%3E\" data-src=\"https:\/\/www.binomiumproperties.com\/wp-content\/uploads\/2018\/10\/10-324x210.jpg\" data-srcset=\"https:\/\/www.binomiumproperties.com\/wp-content\/uploads\/2018\/10\/10-324x210.jpg 324w, https:\/\/www.binomiumproperties.com\/wp-content\/uploads\/2018\/10\/10-648x420.jpg 648w\" loading=\"eager\" style=\"--ratio: 324 \/ 210;\" sizes=\"(max-width: 324px) 100vw, 324px\" alt=\"\" width=\"324\" height=\"210\"  \/><\/a>\t<\/figure>\n<\/article>\n\n\n<article class=\"post post-54082 attachment type-attachment status-inherit hentry no-img description-off\">\n\n\t<figure class=\"rollover-project links-hovers-disabled\">\n\t<a href=\"https:\/\/www.binomiumproperties.com\/wp-content\/uploads\/2018\/10\/VIVIENDA.A1.jpg\" class=\"rollover rollover-zoom dt-pswp-item layzr-bg\" title=\"VIVIENDA.A1\" data-dt-img-description=\"\"  data-large_image_width=\"1920\" data-large_image_height = \"1080\"  data-dt-location=\"https:\/\/www.binomiumproperties.com\/fr\/dt_gallery\/album-arquitectura\/vivienda-a1\/\" ><img class=\"preload-me lazy-load aspect\" src=\"data:image\/svg+xml,%3Csvg%20xmlns%3D&#39;http%3A%2F%2Fwww.w3.org%2F2000%2Fsvg&#39;%20viewBox%3D&#39;0%200%20373%20210&#39;%2F%3E\" data-src=\"https:\/\/www.binomiumproperties.com\/wp-content\/uploads\/2018\/10\/VIVIENDA.A1-373x210.jpg\" data-srcset=\"https:\/\/www.binomiumproperties.com\/wp-content\/uploads\/2018\/10\/VIVIENDA.A1-373x210.jpg 373w, https:\/\/www.binomiumproperties.com\/wp-content\/uploads\/2018\/10\/VIVIENDA.A1-746x420.jpg 746w\" loading=\"eager\" style=\"--ratio: 373 \/ 210;\" sizes=\"(max-width: 373px) 100vw, 373px\" alt=\"\" width=\"373\" height=\"210\"  \/><\/a>\t<\/figure>\n<\/article>\n\n\n<article class=\"post post-54039 attachment type-attachment status-inherit hentry no-img description-off\">\n\n\t<figure class=\"rollover-project links-hovers-disabled\">\n\t<a href=\"https:\/\/www.binomiumproperties.com\/wp-content\/uploads\/2018\/10\/general2.jpg\" class=\"rollover rollover-zoom dt-pswp-item layzr-bg\" title=\"general2\" data-dt-img-description=\"\"  data-large_image_width=\"3132\" data-large_image_height = \"1824\"  data-dt-location=\"https:\/\/www.binomiumproperties.com\/fr\/dt_gallery\/album-arquitectura\/general2\/\" ><img class=\"preload-me lazy-load aspect\" src=\"data:image\/svg+xml,%3Csvg%20xmlns%3D&#39;http%3A%2F%2Fwww.w3.org%2F2000%2Fsvg&#39;%20viewBox%3D&#39;0%200%20360%20210&#39;%2F%3E\" data-src=\"https:\/\/www.binomiumproperties.com\/wp-content\/uploads\/2018\/10\/general2-360x210.jpg\" data-srcset=\"https:\/\/www.binomiumproperties.com\/wp-content\/uploads\/2018\/10\/general2-360x210.jpg 360w, https:\/\/www.binomiumproperties.com\/wp-content\/uploads\/2018\/10\/general2-720x420.jpg 720w\" loading=\"eager\" style=\"--ratio: 360 \/ 210;\" sizes=\"(max-width: 360px) 100vw, 360px\" alt=\"\" width=\"360\" height=\"210\"  \/><\/a>\t<\/figure>\n<\/article>\n\n\n<article class=\"post post-54040 attachment type-attachment status-inherit hentry no-img description-off\">\n\n\t<figure class=\"rollover-project links-hovers-disabled\">\n\t<a href=\"https:\/\/www.binomiumproperties.com\/wp-content\/uploads\/2018\/10\/general-3.jpg\" class=\"rollover rollover-zoom dt-pswp-item layzr-bg\" title=\"general-3\" data-dt-img-description=\"\"  data-large_image_width=\"3456\" data-large_image_height = \"2304\"  data-dt-location=\"https:\/\/www.binomiumproperties.com\/fr\/dt_gallery\/album-arquitectura\/general-3\/\" ><img class=\"preload-me lazy-load aspect\" src=\"data:image\/svg+xml,%3Csvg%20xmlns%3D&#39;http%3A%2F%2Fwww.w3.org%2F2000%2Fsvg&#39;%20viewBox%3D&#39;0%200%20315%20210&#39;%2F%3E\" data-src=\"https:\/\/www.binomiumproperties.com\/wp-content\/uploads\/2018\/10\/general-3-315x210.jpg\" data-srcset=\"https:\/\/www.binomiumproperties.com\/wp-content\/uploads\/2018\/10\/general-3-315x210.jpg 315w, https:\/\/www.binomiumproperties.com\/wp-content\/uploads\/2018\/10\/general-3-630x420.jpg 630w\" loading=\"eager\" style=\"--ratio: 315 \/ 210;\" sizes=\"(max-width: 315px) 100vw, 315px\" alt=\"\" width=\"315\" height=\"210\"  \/><\/a>\t<\/figure>\n<\/article>\n\n<\/div>[\/vc_column][\/vc_row]<\/p>\n<\/section>","protected":false},"excerpt":{"rendered":"<p>[vc_row type=\u00a0\u00bbvc_default\u00a0\u00bb margin_bottom=\u00a0\u00bb10&Prime; css=\u00a0\u00bb.vc_custom_1540483245830{padding-top: 70px !important;padding-bottom: 25px !important;}\u00a0\u00bb][vc_column width=\u00a0\u00bb2\/3&Prime; css=\u00a0\u00bb.vc_custom_1521134505276{padding-right: 50px !important;padding-bottom: 50px !important;}\u00a0\u00bb][vc_column_text] L&rsquo;architecture dans toutes ses phases Binomium properties intervient dans le d\u00e9veloppement architectural r\u00e9sidentiel dans tous ses aspects : de la conception \u00e0 la gestion de la construction d\u2019espaces, en passant par l\u2019am\u00e9nagement d\u2019int\u00e9rieur et l\u2019ameublement. Notre philosophie repose sur l\u2019incorporation de&hellip;<\/p>\n","protected":false},"author":1,"featured_media":0,"parent":0,"menu_order":0,"comment_status":"closed","ping_status":"closed","template":"","meta":{"_seopress_robots_primary_cat":""},"_links":{"self":[{"href":"https:\/\/www.binomiumproperties.com\/fr\/wp-json\/wp\/v2\/pages\/55149"}],"collection":[{"href":"https:\/\/www.binomiumproperties.com\/fr\/wp-json\/wp\/v2\/pages"}],"about":[{"href":"https:\/\/www.binomiumproperties.com\/fr\/wp-json\/wp\/v2\/types\/page"}],"author":[{"embeddable":true,"href":"https:\/\/www.binomiumproperties.com\/fr\/wp-json\/wp\/v2\/users\/1"}],"replies":[{"embeddable":true,"href":"https:\/\/www.binomiumproperties.com\/fr\/wp-json\/wp\/v2\/comments?post=55149"}],"version-history":[{"count":1,"href":"https:\/\/www.binomiumproperties.com\/fr\/wp-json\/wp\/v2\/pages\/55149\/revisions"}],"predecessor-version":[{"id":55157,"href":"https:\/\/www.binomiumproperties.com\/fr\/wp-json\/wp\/v2\/pages\/55149\/revisions\/55157"}],"wp:attachment":[{"href":"https:\/\/www.binomiumproperties.com\/fr\/wp-json\/wp\/v2\/media?parent=55149"}],"curies":[{"name":"wp","href":"https:\/\/api.w.org\/{rel}","templated":true}]}}