{"id":55312,"date":"2020-07-01T14:08:39","date_gmt":"2020-07-01T14:08:39","guid":{"rendered":"http:\/\/www.binomiumproperties.com\/residencial-bianca-ii\/"},"modified":"2020-07-13T16:59:03","modified_gmt":"2020-07-13T16:59:03","slug":"residencial-bianca-ii","status":"publish","type":"page","link":"https:\/\/www.binomiumproperties.com\/fr\/residencial-bianca-ii\/","title":{"rendered":"R\u00e9sidences Bianca II"},"content":{"rendered":"<section class=\"wpb-content-wrapper\"><p>[vc_row margin_top=\u00a0\u00bb20&Prime; margin_bottom=\u00a0\u00bb20&Prime;][vc_column width=\u00a0\u00bb2\/3&Prime;][vc_single_image image=\u00a0\u00bb55231&Prime; img_size=\u00a0\u00bbfull\u00a0\u00bb image_hovers=\u00a0\u00bbfalse\u00a0\u00bb css=\u00a0\u00bb.vc_custom_1593612412764{margin-bottom: 20px !important;}\u00a0\u00bb][\/vc_column][vc_column width=\u00a0\u00bb1\/3&Prime;][vc_column_text css=\u00a0\u00bb.vc_custom_1593616416938{margin-bottom: 20px !important;}\u00a0\u00bb]<\/p>\n<h3>Votre maison dans la zone nord<\/h3>\n<p>[\/vc_column_text]<div class=\"standard-arrow list-divider bullet-top\"><ul>\n<li><span style=\"color: #333333;\">LOCALISATION:<br \/>\n<\/span><span style=\"color: #000000;\"><strong>A c\u00f4t\u00e9 de l\u2019avenue Juan de Borbon<br \/>\nZone Nord de Murcia<\/strong><\/span><\/li>\n<li>TYPE DE PROPRI\u00c9T\u00c9:<br \/>\n<span style=\"color: #000000;\"><strong>D\u00faplex<\/strong><\/span><\/li>\n<\/ul>\n<\/div>[vc_column_text]<strong>Residencial Bianca II<\/strong> est un ensemble de trois maisons jumel\u00e9es avec 3 ou 4 chambres et 3 salles de bain au coeur de la ville de<strong> Murcie<\/strong>. Nous cr\u00e9ons des maisons dans l&rsquo;un des quartiers \u00e0 la croissance la plus rapide de la ville.<\/p>\n<p>Architecture d&rsquo;avant-garde avec des finitions de haute qualit\u00e9, con\u00e7ue pour offrir un maximum de confort, avec un <strong>acc\u00e8s ind\u00e9pendant<\/strong> \u00e0 la fois \u00e0 la maison et au garage, sans zones communautaires.<\/p>\n<p>Nous proposons des int\u00e9rieurs adapt\u00e9s \u00e0 vos besoins en cr\u00e9ant des espaces uniques sur mesure.<\/p>\n<p>Vous pouvez transformer vos <strong>espaces ext\u00e9rieurs, terrasses et solarium,<\/strong> en lieux exclusifs pleins de vie o\u00f9 vous pourrez vivre des sensations inoubliables.[\/vc_column_text][\/vc_column][\/vc_row][vc_section][vc_row][vc_column]<div id=\"ultimate-heading-438369f4a3ac4d0e9\" class=\"uvc-heading ult-adjust-bottom-margin ultimate-heading-438369f4a3ac4d0e9 uvc-2242  uvc-heading-default-font-sizes\" data-hspacer=\"no_spacer\"  data-halign=\"left\" style=\"text-align:left\"><div class=\"uvc-heading-spacer no_spacer\" style=\"top\"><\/div><div class=\"uvc-main-heading ult-responsive\"  data-ultimate-target='.uvc-heading.ultimate-heading-438369f4a3ac4d0e9 h2'  data-responsive-json-new='{\"font-size\":\"\",\"line-height\":\"\"}' ><h2 style=\"font-weight:bold;margin-top:40px;margin-bottom:20px;\">Information<\/h2><\/div><\/div>[\/vc_column][\/vc_row][vc_row][vc_column width=\u00a0\u00bb1\/3&Prime;]<style type=\"text\/css\" data-type=\"the7_shortcodes-inline-css\">#default-btn-90c711fe758c89c5ef06a4b1aa1ed55f.ico-right-side > i {\n  margin-right: 0px;\n  margin-left: 8px;\n}\n#default-btn-90c711fe758c89c5ef06a4b1aa1ed55f > i {\n  margin-right: 8px;\n}\n<\/style><div class=\"btn-align-center\"><a href=\"https:\/\/www.binomiumproperties.com\/wp-content\/dossier\/dossier-bianca2.pdf\" class=\"default-btn-shortcode dt-btn dt-btn-l link-hover-off anchor-link full-width-btn \" target=\"_blank\" id=\"default-btn-90c711fe758c89c5ef06a4b1aa1ed55f\" rel=\"noopener\"><span>DOSSIER RESDENCIAL BIANCA II<\/span><\/a><\/div>[\/vc_column][\/vc_row][\/vc_section][vc_row][vc_column][vc_gmaps link=\u00a0\u00bb#E-8_JTNDaWZyYW1lJTIwc3JjJTNEJTIyaHR0cHMlM0ElMkYlMkZ3d3cuZ29vZ2xlLmNvbSUyRm1hcHMlMkZlbWJlZCUzRnBiJTNEJTIxMW0xNCUyMTFtOCUyMTFtMyUyMTFkMzkyLjk0ODMzNTI4ODMzNzElMjEyZC0xLjEyOTg3MDElMjEzZDM4LjAxMDEwMDElMjEzbTIlMjExaTEwMjQlMjEyaTc2OCUyMTRmMTMuMSUyMTNtMyUyMTFtMiUyMTFzMHgwJTI1M0EweDAlMjEyek16akNzREF3SnpNMkxqZ2lUaUF4d3JBd055YzBOeTR4SWxjJTIxNWUwJTIxM20yJTIxMXNlcyUyMTJzZXMlMjE0djE1OTM2MTI1NzYwMTklMjE1bTIlMjExc2VzJTIxMnNlcyUyMiUyMHdpZHRoJTNEJTIyNjAwJTIyJTIwaGVpZ2h0JTNEJTIyNDUwJTIyJTIwZnJhbWVib3JkZXIlM0QlMjIwJTIyJTIwc3R5bGUlM0QlMjJib3JkZXIlM0EwJTIyJTIwYWxsb3dmdWxsc2NyZWVuJTNFJTNDJTJGaWZyYW1lJTNF\u00a0\u00bb title=\u00a0\u00bbSituaci\u00f3n\u00a0\u00bb css=\u00a0\u00bb.vc_custom_1593612631554{margin-top: 20px !important;}\u00a0\u00bb][\/vc_column][\/vc_row][vc_row type=\u00a0\u00bb2&Prime; padding_top=\u00a0\u00bb30px\u00a0\u00bb padding_bottom=\u00a0\u00bb30px\u00a0\u00bb bg_color=\u00a0\u00bb#333333&Prime; css=\u00a0\u00bb.vc_custom_1518112293780{background-color: #4c4c4c !important;}\u00a0\u00bb][vc_column width=\u00a0\u00bb1\/4&Prime;][vc_column_text]<\/p>\n<h2>Es tu int\u00e9ress\u00e9?<\/h2>\n<p style=\"text-align: left;\" align=\"justify\">Si vous avez \u00e9t\u00e9 int\u00e9ress\u00e9 par des maisons jumel\u00e9es au c\u0153ur de la ville de Murcie, avec des finitions de haute qualit\u00e9, con\u00e7ues pour offrir un maximum de confort, avec un acc\u00e8s ind\u00e9pendant \u00e0 la fois \u00e0 la maison et au garage, sans zones communautaires, contactez-nous via de ce formulaire Web.<\/p>\n<p>[\/vc_column_text][\/vc_column][vc_column width=\u00a0\u00bb3\/4&Prime;]<form class=\"dt-contact-form dt-form\" method=\"post\"><input type=\"hidden\" name=\"widget_id\" value=\"presscore-contact-form-widget--1\" \/><input type=\"hidden\" name=\"send_message\" value=\"\" \/><input type=\"hidden\" name=\"security_token\" value=\"a426d491c70fec8c8996\"\/><div class=\"form-fields\"><span class=\"form-name\"><label class=\"assistive-text\">Nom *<\/label><input type=\"text\" class=\"validate[required]\" placeholder=\"Nom *\" name=\"name\" value=\"\" aria-required=\"true\">\n<\/span><span class=\"form-mail\"><label class=\"assistive-text\">E-mail *<\/label><input type=\"text\" class=\"validate[required,custom[email]]\" placeholder=\"E-mail *\" name=\"email\" value=\"\" aria-required=\"true\">\n<\/span><span class=\"form-telephone\"><label class=\"assistive-text\">T\u00e9l\u00e9phone *<\/label><input type=\"text\" class=\"validate[required,custom[phone]]\" placeholder=\"T\u00e9l\u00e9phone *\" name=\"telephone\" value=\"\" aria-required=\"true\">\n<\/span><span class=\"form-country\"><label class=\"assistive-text\">Pays<\/label><input type=\"text\" placeholder=\"Pays\" name=\"country\" value=\"\" aria-required=\"false\">\n<\/span><span class=\"form-city\"><label class=\"assistive-text\">Ville<\/label><input type=\"text\" placeholder=\"Ville\" name=\"city\" value=\"\" aria-required=\"false\">\n<\/span><\/div><span class=\"form-message\"><label class=\"assistive-text\">Message *<\/label><textarea class=\"validate[required]\" placeholder=\"Message *\" name=\"message\" rows=\"6\" aria-required=\"true\"><\/textarea>\n<\/span><p><a href=\"#\" class=\"dt-btn dt-btn-m dt-btn-submit\" rel=\"nofollow\"><span>ENVIAR<\/span><\/a><input class=\"assistive-text\" type=\"submit\" value=\"envoyer\"><\/p><\/form>\n[\/vc_column][\/vc_row][vc_row margin_top=\u00a0\u00bb50px\u00a0\u00bb full_width_row=\u00a0\u00bbtrue\u00a0\u00bb][vc_column][vc_column_text]<\/p>\n<h3 style=\"text-align: center;\">OTHER PROMOTIONS<\/h3>\n<p>[\/vc_column_text][vc_row_inner][vc_column_inner width=\u00a0\u00bb1\/3&Prime;][vc_single_image image=\u00a0\u00bb53992&Prime; img_size=\u00a0\u00bbfull\u00a0\u00bb alignment=\u00a0\u00bbcenter\u00a0\u00bb onclick=\u00a0\u00bbcustom_link\u00a0\u00bb image_hovers=\u00a0\u00bbfalse\u00a0\u00bb link=\u00a0\u00bb\/residencial-alyssa\u00a0\u00bb css=\u00a0\u00bb.vc_custom_1541691143203{margin-top: 20px !important;margin-right: 20px !important;margin-bottom: 20px !important;margin-left: 20px !important;}\u00a0\u00bb][\/vc_column_inner][vc_column_inner width=\u00a0\u00bb1\/3&Prime;][vc_single_image image=\u00a0\u00bb54153&Prime; img_size=\u00a0\u00bbfull\u00a0\u00bb alignment=\u00a0\u00bbcenter\u00a0\u00bb onclick=\u00a0\u00bbcustom_link\u00a0\u00bb image_hovers=\u00a0\u00bbfalse\u00a0\u00bb link=\u00a0\u00bb\/residencial-azure\u00a0\u00bb css=\u00a0\u00bb.vc_custom_1541691163665{margin-top: 20px !important;margin-right: 20px !important;margin-bottom: 20px !important;margin-left: 20px !important;}\u00a0\u00bb][\/vc_column_inner][vc_column_inner width=\u00a0\u00bb1\/3&Prime;][vc_single_image image=\u00a0\u00bb54154&Prime; img_size=\u00a0\u00bbfull\u00a0\u00bb alignment=\u00a0\u00bbcenter\u00a0\u00bb onclick=\u00a0\u00bbcustom_link\u00a0\u00bb image_hovers=\u00a0\u00bbfalse\u00a0\u00bb link=\u00a0\u00bb\/residencial-bianca\u00a0\u00bb css=\u00a0\u00bb.vc_custom_1541691206028{margin-top: 20px !important;margin-right: 20px !important;margin-bottom: 20px !important;margin-left: 20px !important;}\u00a0\u00bb][\/vc_column_inner][\/vc_row_inner][\/vc_column][\/vc_row]<\/p>\n<\/section>","protected":false},"excerpt":{"rendered":"<p>[vc_row margin_top=\u00a0\u00bb20&Prime; margin_bottom=\u00a0\u00bb20&Prime;][vc_column width=\u00a0\u00bb2\/3&Prime;][vc_single_image image=\u00a0\u00bb55231&Prime; img_size=\u00a0\u00bbfull\u00a0\u00bb image_hovers=\u00a0\u00bbfalse\u00a0\u00bb css=\u00a0\u00bb.vc_custom_1593612412764{margin-bottom: 20px !important;}\u00a0\u00bb][\/vc_column][vc_column width=\u00a0\u00bb1\/3&Prime;][vc_column_text css=\u00a0\u00bb.vc_custom_1593616416938{margin-bottom: 20px !important;}\u00a0\u00bb] Votre maison dans la zone nord [\/vc_column_text][vc_column_text]Residencial Bianca II est un ensemble de trois maisons jumel\u00e9es avec 3 ou 4 chambres et 3 salles de bain au coeur de la ville de Murcie. Nous cr\u00e9ons des maisons dans l&rsquo;un des quartiers&hellip;<\/p>\n","protected":false},"author":1,"featured_media":0,"parent":0,"menu_order":0,"comment_status":"closed","ping_status":"closed","template":"","meta":{"_seopress_robots_primary_cat":""},"_links":{"self":[{"href":"https:\/\/www.binomiumproperties.com\/fr\/wp-json\/wp\/v2\/pages\/55312"}],"collection":[{"href":"https:\/\/www.binomiumproperties.com\/fr\/wp-json\/wp\/v2\/pages"}],"about":[{"href":"https:\/\/www.binomiumproperties.com\/fr\/wp-json\/wp\/v2\/types\/page"}],"author":[{"embeddable":true,"href":"https:\/\/www.binomiumproperties.com\/fr\/wp-json\/wp\/v2\/users\/1"}],"replies":[{"embeddable":true,"href":"https:\/\/www.binomiumproperties.com\/fr\/wp-json\/wp\/v2\/comments?post=55312"}],"version-history":[{"count":3,"href":"https:\/\/www.binomiumproperties.com\/fr\/wp-json\/wp\/v2\/pages\/55312\/revisions"}],"predecessor-version":[{"id":55466,"href":"https:\/\/www.binomiumproperties.com\/fr\/wp-json\/wp\/v2\/pages\/55312\/revisions\/55466"}],"wp:attachment":[{"href":"https:\/\/www.binomiumproperties.com\/fr\/wp-json\/wp\/v2\/media?parent=55312"}],"curies":[{"name":"wp","href":"https:\/\/api.w.org\/{rel}","templated":true}]}}