{"id":55330,"date":"2020-07-01T14:21:16","date_gmt":"2020-07-01T14:21:16","guid":{"rendered":"http:\/\/www.binomiumproperties.com\/vivienda-unifamiliar\/"},"modified":"2020-07-13T16:58:46","modified_gmt":"2020-07-13T16:58:46","slug":"vivienda-unifamiliar","status":"publish","type":"page","link":"https:\/\/www.binomiumproperties.com\/fr\/vivienda-unifamiliar\/","title":{"rendered":"Maison Unifamiliale"},"content":{"rendered":"<section class=\"wpb-content-wrapper\"><p>[vc_row margin_top=\u00a0\u00bb20&Prime; margin_bottom=\u00a0\u00bb20&Prime;][vc_column width=\u00a0\u00bb2\/3&Prime;][vc_single_image image=\u00a0\u00bb55255&Prime; img_size=\u00a0\u00bbfull\u00a0\u00bb image_hovers=\u00a0\u00bbfalse\u00a0\u00bb css=\u00a0\u00bb.vc_custom_1593613146346{margin-bottom: 20px !important;}\u00a0\u00bb][\/vc_column][vc_column width=\u00a0\u00bb1\/3&Prime;][vc_column_text css=\u00a0\u00bb.vc_custom_1593618571204{margin-bottom: 20px !important;}\u00a0\u00bb]<\/p>\n<h3>Maison Unifamiliale<\/h3>\n<p>[\/vc_column_text]<div class=\"standard-arrow list-divider bullet-top\"><ul>\n<li><span style=\"color: #333333;\">LOCALISATION:<br \/>\n<\/span><strong>A choisir par le client<\/strong><\/li>\n<li>TYPE DE PRPI\u00c9T\u00c9:<br \/>\n<strong>Enti\u00e8rement personnalis\u00e9.<\/strong><\/li>\n<\/ul>\n<\/div>[vc_column_text]Chez <strong>Binomium Properties,<\/strong> nous sommes experts en architecture r\u00e9sidentielle. Dans notre d\u00e9sir d&rsquo;am\u00e9liorer chaque d\u00e9tail, nous comprenons l&rsquo;importance d&rsquo;int\u00e9grer les derni\u00e8res avanc\u00e9es en mati\u00e8re<strong> d&rsquo;efficacit\u00e9 \u00e9nerg\u00e9tique<\/strong> dans nos maisons<\/p>\n<p>Des aspects de base tels que le contr\u00f4le de la qualit\u00e9 de l&rsquo;air int\u00e9rieur, le niveau hygrothermique ou les syst\u00e8mes de production d&rsquo;\u00e9nergie solaire \u00e0 la possibilit\u00e9 de concevoir, construire et certifier une construction de <strong>MAISON PASSIVE<\/strong> avec une consommation d&rsquo;\u00e9nergie presque nulle et une r\u00e9duction drastique de les \u00e9missions.[\/vc_column_text][\/vc_column][\/vc_row][vc_row type=\u00a0\u00bb2&Prime; padding_top=\u00a0\u00bb30px\u00a0\u00bb padding_bottom=\u00a0\u00bb30px\u00a0\u00bb bg_color=\u00a0\u00bb#333333&Prime; css=\u00a0\u00bb.vc_custom_1518112293780{background-color: #4c4c4c !important;}\u00a0\u00bb][vc_column width=\u00a0\u00bb1\/4&Prime;][vc_column_text]<\/p>\n<h2>\u00bfEst\u00e1 interesado?<\/h2>\n<p style=\"text-align: left;\" align=\"justify\">Si le han interesado las villas de lujo en primera l\u00ednea del campo de golf\u00a0 del Roda Golf &amp; Beach Resort, no dude en ponerse en contacto con nosotros a trav\u00e9s de este formulario web. Nos pondremos en contacto con usted a la mayor brevedad posible para realizar una visita de inspecci\u00f3n y que compruebe estas viviendas situadas en Los Alc\u00e1zares (Murcia).<\/p>\n<p>[\/vc_column_text][\/vc_column][vc_column width=\u00a0\u00bb3\/4&Prime;]<form class=\"dt-contact-form dt-form\" method=\"post\"><input type=\"hidden\" name=\"widget_id\" value=\"presscore-contact-form-widget--1\" \/><input type=\"hidden\" name=\"send_message\" value=\"\" \/><input type=\"hidden\" name=\"security_token\" value=\"a426d491c70fec8c8996\"\/><div class=\"form-fields\"><span class=\"form-name\"><label class=\"assistive-text\">Nom *<\/label><input type=\"text\" class=\"validate[required]\" placeholder=\"Nom *\" name=\"name\" value=\"\" aria-required=\"true\">\n<\/span><span class=\"form-mail\"><label class=\"assistive-text\">E-mail *<\/label><input type=\"text\" class=\"validate[required,custom[email]]\" placeholder=\"E-mail *\" name=\"email\" value=\"\" aria-required=\"true\">\n<\/span><span class=\"form-telephone\"><label class=\"assistive-text\">T\u00e9l\u00e9phone *<\/label><input type=\"text\" class=\"validate[required,custom[phone]]\" placeholder=\"T\u00e9l\u00e9phone *\" name=\"telephone\" value=\"\" aria-required=\"true\">\n<\/span><span class=\"form-country\"><label class=\"assistive-text\">Pays<\/label><input type=\"text\" placeholder=\"Pays\" name=\"country\" value=\"\" aria-required=\"false\">\n<\/span><span class=\"form-city\"><label class=\"assistive-text\">Ville<\/label><input type=\"text\" placeholder=\"Ville\" name=\"city\" value=\"\" aria-required=\"false\">\n<\/span><\/div><span class=\"form-message\"><label class=\"assistive-text\">Message *<\/label><textarea class=\"validate[required]\" placeholder=\"Message *\" name=\"message\" rows=\"6\" aria-required=\"true\"><\/textarea>\n<\/span><p><a href=\"#\" class=\"dt-btn dt-btn-m dt-btn-submit\" rel=\"nofollow\"><span>ENVIAR<\/span><\/a><input class=\"assistive-text\" type=\"submit\" value=\"envoyer\"><\/p><\/form>\n[\/vc_column][\/vc_row][vc_row margin_top=\u00a0\u00bb50px\u00a0\u00bb full_width_row=\u00a0\u00bbtrue\u00a0\u00bb][vc_column][vc_column_text]<\/p>\n<h3 style=\"text-align: center;\">OTRAS PROMOCIONES<\/h3>\n<p>[\/vc_column_text][vc_row_inner][vc_column_inner width=\u00a0\u00bb1\/3&Prime;][vc_single_image image=\u00a0\u00bb53992&Prime; img_size=\u00a0\u00bbfull\u00a0\u00bb alignment=\u00a0\u00bbcenter\u00a0\u00bb onclick=\u00a0\u00bbcustom_link\u00a0\u00bb image_hovers=\u00a0\u00bbfalse\u00a0\u00bb link=\u00a0\u00bb\/residencial-alyssa\u00a0\u00bb css=\u00a0\u00bb.vc_custom_1541691143203{margin-top: 20px !important;margin-right: 20px !important;margin-bottom: 20px !important;margin-left: 20px !important;}\u00a0\u00bb][\/vc_column_inner][vc_column_inner width=\u00a0\u00bb1\/3&Prime;][vc_single_image image=\u00a0\u00bb54153&Prime; img_size=\u00a0\u00bbfull\u00a0\u00bb alignment=\u00a0\u00bbcenter\u00a0\u00bb onclick=\u00a0\u00bbcustom_link\u00a0\u00bb image_hovers=\u00a0\u00bbfalse\u00a0\u00bb link=\u00a0\u00bb\/residencial-azure\u00a0\u00bb css=\u00a0\u00bb.vc_custom_1541691163665{margin-top: 20px !important;margin-right: 20px !important;margin-bottom: 20px !important;margin-left: 20px !important;}\u00a0\u00bb][\/vc_column_inner][vc_column_inner width=\u00a0\u00bb1\/3&Prime;][vc_single_image image=\u00a0\u00bb54154&Prime; img_size=\u00a0\u00bbfull\u00a0\u00bb alignment=\u00a0\u00bbcenter\u00a0\u00bb onclick=\u00a0\u00bbcustom_link\u00a0\u00bb image_hovers=\u00a0\u00bbfalse\u00a0\u00bb link=\u00a0\u00bb\/residencial-bianca\u00a0\u00bb css=\u00a0\u00bb.vc_custom_1541691206028{margin-top: 20px !important;margin-right: 20px !important;margin-bottom: 20px !important;margin-left: 20px !important;}\u00a0\u00bb][\/vc_column_inner][\/vc_row_inner][\/vc_column][\/vc_row]<\/p>\n<\/section>","protected":false},"excerpt":{"rendered":"<p>[vc_row margin_top=\u00a0\u00bb20&Prime; margin_bottom=\u00a0\u00bb20&Prime;][vc_column width=\u00a0\u00bb2\/3&Prime;][vc_single_image image=\u00a0\u00bb55255&Prime; img_size=\u00a0\u00bbfull\u00a0\u00bb image_hovers=\u00a0\u00bbfalse\u00a0\u00bb css=\u00a0\u00bb.vc_custom_1593613146346{margin-bottom: 20px !important;}\u00a0\u00bb][\/vc_column][vc_column width=\u00a0\u00bb1\/3&Prime;][vc_column_text css=\u00a0\u00bb.vc_custom_1593618571204{margin-bottom: 20px !important;}\u00a0\u00bb] Maison Unifamiliale [\/vc_column_text][vc_column_text]Chez Binomium Properties, nous sommes experts en architecture r\u00e9sidentielle. Dans notre d\u00e9sir d&rsquo;am\u00e9liorer chaque d\u00e9tail, nous comprenons l&rsquo;importance d&rsquo;int\u00e9grer les derni\u00e8res avanc\u00e9es en mati\u00e8re d&rsquo;efficacit\u00e9 \u00e9nerg\u00e9tique dans nos maisons Des aspects de base tels que le contr\u00f4le de la&hellip;<\/p>\n","protected":false},"author":1,"featured_media":0,"parent":0,"menu_order":0,"comment_status":"closed","ping_status":"closed","template":"","meta":{"_seopress_robots_primary_cat":""},"_links":{"self":[{"href":"https:\/\/www.binomiumproperties.com\/fr\/wp-json\/wp\/v2\/pages\/55330"}],"collection":[{"href":"https:\/\/www.binomiumproperties.com\/fr\/wp-json\/wp\/v2\/pages"}],"about":[{"href":"https:\/\/www.binomiumproperties.com\/fr\/wp-json\/wp\/v2\/types\/page"}],"author":[{"embeddable":true,"href":"https:\/\/www.binomiumproperties.com\/fr\/wp-json\/wp\/v2\/users\/1"}],"replies":[{"embeddable":true,"href":"https:\/\/www.binomiumproperties.com\/fr\/wp-json\/wp\/v2\/comments?post=55330"}],"version-history":[{"count":3,"href":"https:\/\/www.binomiumproperties.com\/fr\/wp-json\/wp\/v2\/pages\/55330\/revisions"}],"predecessor-version":[{"id":55465,"href":"https:\/\/www.binomiumproperties.com\/fr\/wp-json\/wp\/v2\/pages\/55330\/revisions\/55465"}],"wp:attachment":[{"href":"https:\/\/www.binomiumproperties.com\/fr\/wp-json\/wp\/v2\/media?parent=55330"}],"curies":[{"name":"wp","href":"https:\/\/api.w.org\/{rel}","templated":true}]}}