{"id":55749,"date":"2021-12-14T10:12:01","date_gmt":"2021-12-14T10:12:01","guid":{"rendered":"http:\/\/www.binomiumproperties.com\/alyssa-fase-iv\/"},"modified":"2021-12-15T08:42:12","modified_gmt":"2021-12-15T08:42:12","slug":"alyssa-phase-iv","status":"publish","type":"page","link":"https:\/\/www.binomiumproperties.com\/fr\/alyssa-phase-iv\/","title":{"rendered":"Alyssa Phase IV"},"content":{"rendered":"<section class=\"wpb-content-wrapper\"><p>[vc_row margin_top=\u00a0\u00bb20&Prime; margin_bottom=\u00a0\u00bb20&Prime;][vc_column width=\u00a0\u00bb2\/3&Prime;][vc_single_image image=\u00a0\u00bb55598&Prime; img_size=\u00a0\u00bbfull\u00a0\u00bb image_hovers=\u00a0\u00bbfalse\u00a0\u00bb css=\u00a0\u00bb.vc_custom_1639479529898{margin-bottom: 20px !important;}\u00a0\u00bb]<div class=\"dt-photos-shortcode slider-wrapper owl-carousel dt-owl-carousel-init  shortcode-instagram dt-gallery-container arrows-light enable-mobile-arrows\" data-padding-side=\"10\" data-autoslide=\"true\" data-delay=\"3000\" data-loop=\"false\" data-arrows=\"true\" data-pretty-share=\"facebook,twitter,pinterest,google,linkedin\">\n<article class=\"post post-53943 attachment type-attachment status-inherit hentry no-img description-off\">\n\n\t<figure class=\"rollover-project links-hovers-disabled\">\n\t<a href=\"https:\/\/www.binomiumproperties.com\/wp-content\/uploads\/2018\/03\/roda-bimomium-1.jpg\" class=\"rollover rollover-zoom dt-pswp-item layzr-bg\" title=\"roda-bimomium-1\" data-dt-img-description=\"\"  data-large_image_width=\"640\" data-large_image_height = \"356\"  data-dt-location=\"https:\/\/www.binomiumproperties.com\/fr\/dt_gallery\/album-roda-golf\/roda-bimomium-1\/\" ><img class=\"preload-me lazy-load aspect\" src=\"data:image\/svg+xml,%3Csvg%20xmlns%3D&#39;http%3A%2F%2Fwww.w3.org%2F2000%2Fsvg&#39;%20viewBox%3D&#39;0%200%20100%20100&#39;%2F%3E\" data-src=\"https:\/\/www.binomiumproperties.com\/wp-content\/uploads\/2018\/03\/roda-bimomium-1-100x100.jpg\" data-srcset=\"https:\/\/www.binomiumproperties.com\/wp-content\/uploads\/2018\/03\/roda-bimomium-1-100x100.jpg 100w, https:\/\/www.binomiumproperties.com\/wp-content\/uploads\/2018\/03\/roda-bimomium-1-200x200.jpg 200w\" loading=\"eager\" style=\"--ratio: 100 \/ 100;\" sizes=\"(max-width: 100px) 100vw, 100px\" alt=\"\" width=\"100\" height=\"100\"  \/><\/a>\t<\/figure>\n<\/article>\n\n\n<article class=\"post post-53944 attachment type-attachment status-inherit hentry no-img description-off\">\n\n\t<figure class=\"rollover-project links-hovers-disabled\">\n\t<a href=\"https:\/\/www.binomiumproperties.com\/wp-content\/uploads\/2018\/03\/roda-bimomium-2.jpg\" class=\"rollover rollover-zoom dt-pswp-item layzr-bg\" title=\"roda-bimomium-2\" data-dt-img-description=\"\"  data-large_image_width=\"640\" data-large_image_height = \"356\"  data-dt-location=\"https:\/\/www.binomiumproperties.com\/fr\/dt_gallery\/album-roda-golf\/roda-bimomium-2\/\" ><img class=\"preload-me lazy-load aspect\" src=\"data:image\/svg+xml,%3Csvg%20xmlns%3D&#39;http%3A%2F%2Fwww.w3.org%2F2000%2Fsvg&#39;%20viewBox%3D&#39;0%200%20100%20100&#39;%2F%3E\" data-src=\"https:\/\/www.binomiumproperties.com\/wp-content\/uploads\/2018\/03\/roda-bimomium-2-100x100.jpg\" data-srcset=\"https:\/\/www.binomiumproperties.com\/wp-content\/uploads\/2018\/03\/roda-bimomium-2-100x100.jpg 100w, https:\/\/www.binomiumproperties.com\/wp-content\/uploads\/2018\/03\/roda-bimomium-2-200x200.jpg 200w\" loading=\"eager\" style=\"--ratio: 100 \/ 100;\" sizes=\"(max-width: 100px) 100vw, 100px\" alt=\"\" width=\"100\" height=\"100\"  \/><\/a>\t<\/figure>\n<\/article>\n\n\n<article class=\"post post-53945 attachment type-attachment status-inherit hentry no-img description-off\">\n\n\t<figure class=\"rollover-project links-hovers-disabled\">\n\t<a href=\"https:\/\/www.binomiumproperties.com\/wp-content\/uploads\/2018\/03\/roda-bimomium-3.jpg\" class=\"rollover rollover-zoom dt-pswp-item layzr-bg\" title=\"roda-bimomium-3\" data-dt-img-description=\"\"  data-large_image_width=\"640\" data-large_image_height = \"356\"  data-dt-location=\"https:\/\/www.binomiumproperties.com\/fr\/dt_gallery\/album-roda-golf\/roda-bimomium-3\/\" ><img class=\"preload-me lazy-load aspect\" src=\"data:image\/svg+xml,%3Csvg%20xmlns%3D&#39;http%3A%2F%2Fwww.w3.org%2F2000%2Fsvg&#39;%20viewBox%3D&#39;0%200%20100%20100&#39;%2F%3E\" data-src=\"https:\/\/www.binomiumproperties.com\/wp-content\/uploads\/2018\/03\/roda-bimomium-3-100x100.jpg\" data-srcset=\"https:\/\/www.binomiumproperties.com\/wp-content\/uploads\/2018\/03\/roda-bimomium-3-100x100.jpg 100w, https:\/\/www.binomiumproperties.com\/wp-content\/uploads\/2018\/03\/roda-bimomium-3-200x200.jpg 200w\" loading=\"eager\" style=\"--ratio: 100 \/ 100;\" sizes=\"(max-width: 100px) 100vw, 100px\" alt=\"\" width=\"100\" height=\"100\"  \/><\/a>\t<\/figure>\n<\/article>\n\n\n<article class=\"post post-53946 attachment type-attachment status-inherit hentry no-img description-off\">\n\n\t<figure class=\"rollover-project links-hovers-disabled\">\n\t<a href=\"https:\/\/www.binomiumproperties.com\/wp-content\/uploads\/2018\/03\/roda-bimomium-4.jpg\" class=\"rollover rollover-zoom dt-pswp-item layzr-bg\" title=\"roda-bimomium-4\" data-dt-img-description=\"\"  data-large_image_width=\"640\" data-large_image_height = \"356\"  data-dt-location=\"https:\/\/www.binomiumproperties.com\/fr\/dt_gallery\/album-roda-golf\/roda-bimomium-4\/\" ><img class=\"preload-me lazy-load aspect\" src=\"data:image\/svg+xml,%3Csvg%20xmlns%3D&#39;http%3A%2F%2Fwww.w3.org%2F2000%2Fsvg&#39;%20viewBox%3D&#39;0%200%20100%20100&#39;%2F%3E\" data-src=\"https:\/\/www.binomiumproperties.com\/wp-content\/uploads\/2018\/03\/roda-bimomium-4-100x100.jpg\" data-srcset=\"https:\/\/www.binomiumproperties.com\/wp-content\/uploads\/2018\/03\/roda-bimomium-4-100x100.jpg 100w, https:\/\/www.binomiumproperties.com\/wp-content\/uploads\/2018\/03\/roda-bimomium-4-200x200.jpg 200w\" loading=\"eager\" style=\"--ratio: 100 \/ 100;\" sizes=\"(max-width: 100px) 100vw, 100px\" alt=\"\" width=\"100\" height=\"100\"  \/><\/a>\t<\/figure>\n<\/article>\n\n\n<article class=\"post post-53947 attachment type-attachment status-inherit hentry no-img description-off\">\n\n\t<figure class=\"rollover-project links-hovers-disabled\">\n\t<a href=\"https:\/\/www.binomiumproperties.com\/wp-content\/uploads\/2018\/03\/roda-bimomium-5.jpg\" class=\"rollover rollover-zoom dt-pswp-item layzr-bg\" title=\"roda-bimomium-5\" data-dt-img-description=\"\"  data-large_image_width=\"640\" data-large_image_height = \"356\"  data-dt-location=\"https:\/\/www.binomiumproperties.com\/fr\/dt_gallery\/album-roda-golf\/roda-bimomium-5\/\" ><img class=\"preload-me lazy-load aspect\" src=\"data:image\/svg+xml,%3Csvg%20xmlns%3D&#39;http%3A%2F%2Fwww.w3.org%2F2000%2Fsvg&#39;%20viewBox%3D&#39;0%200%20100%20100&#39;%2F%3E\" data-src=\"https:\/\/www.binomiumproperties.com\/wp-content\/uploads\/2018\/03\/roda-bimomium-5-100x100.jpg\" data-srcset=\"https:\/\/www.binomiumproperties.com\/wp-content\/uploads\/2018\/03\/roda-bimomium-5-100x100.jpg 100w, https:\/\/www.binomiumproperties.com\/wp-content\/uploads\/2018\/03\/roda-bimomium-5-200x200.jpg 200w\" loading=\"eager\" style=\"--ratio: 100 \/ 100;\" sizes=\"(max-width: 100px) 100vw, 100px\" alt=\"\" width=\"100\" height=\"100\"  \/><\/a>\t<\/figure>\n<\/article>\n\n\n<article class=\"post post-54074 attachment type-attachment status-inherit hentry no-img description-off\">\n\n\t<figure class=\"rollover-project links-hovers-disabled\">\n\t<a href=\"https:\/\/www.binomiumproperties.com\/wp-content\/uploads\/2018\/03\/LA.RODA-ORTOFOTO.jpg\" class=\"rollover rollover-zoom dt-pswp-item layzr-bg\" title=\"LA.RODA-ORTOFOTO\" data-dt-img-description=\"\"  data-large_image_width=\"3508\" data-large_image_height = \"2480\"  data-dt-location=\"https:\/\/www.binomiumproperties.com\/fr\/dt_gallery\/album-roda-golf\/la-roda-ortofoto\/\" ><img class=\"preload-me lazy-load aspect\" src=\"data:image\/svg+xml,%3Csvg%20xmlns%3D&#39;http%3A%2F%2Fwww.w3.org%2F2000%2Fsvg&#39;%20viewBox%3D&#39;0%200%20100%20100&#39;%2F%3E\" data-src=\"https:\/\/www.binomiumproperties.com\/wp-content\/uploads\/2018\/03\/LA.RODA-ORTOFOTO-100x100.jpg\" data-srcset=\"https:\/\/www.binomiumproperties.com\/wp-content\/uploads\/2018\/03\/LA.RODA-ORTOFOTO-100x100.jpg 100w, https:\/\/www.binomiumproperties.com\/wp-content\/uploads\/2018\/03\/LA.RODA-ORTOFOTO-200x200.jpg 200w\" loading=\"eager\" style=\"--ratio: 100 \/ 100;\" sizes=\"(max-width: 100px) 100vw, 100px\" alt=\"\" width=\"100\" height=\"100\"  \/><\/a>\t<\/figure>\n<\/article>\n\n<\/div>[\/vc_column][vc_column width=\u00a0\u00bb1\/3&Prime;][vc_column_text css=\u00a0\u00bb.vc_custom_1639556164109{margin-bottom: 20px !important;}\u00a0\u00bb]<\/p>\n<h3><strong>Logement en bord de mer<\/strong><\/h3>\n<p>[\/vc_column_text]<div class=\"standard-arrow list-divider bullet-top\"><ul>\n<li><span style=\"color: #333333;\">LOCATION:<br \/>\n<\/span><span style=\"color: #000000;\"><strong>Playa de las Higuericas<br \/>\nTorre de la Horadada \u2013 Alicante<br \/>\n<\/strong><\/span><\/li>\n<li>TYPE DE LOGEMENT:<br \/>\n<strong>Appartement avec jardin ou solarium<\/strong><\/li>\n<\/ul>\n<\/div>[vc_column_text]Le <strong>Residencial Alyssa<\/strong> est l&rsquo;endroit id\u00e9al pour profiter du style de vie m\u00e9diterran\u00e9en <strong>au bord de la mer<\/strong>. Une <strong>r\u00e9sidence exclusive d&rsquo;appartements avec jardin et solarium<\/strong>, con\u00e7ue pour offrir un maximum d&rsquo;espace, de lumi\u00e8re et de confort. En outre, les maisons disposeront d&rsquo;un espace de stationnement, d&rsquo;une piscine commune et d&rsquo;un jardin. Cette r\u00e9sidence exclusive se caract\u00e9rise par son emplacement fantastique, situ\u00e9 \u00e0 quelques m\u00e8tres de la plage de Higuericas \u00e0 Torre de la Horadada et par ses vues spectaculaires sur la mer.<\/p>\n<p>Torre de la Horadada est situ\u00e9 dans un cadre <strong>paisible avec de belles plages aux eaux cristallines<\/strong> et \u00e0 seulement 45 minutes de l&rsquo;a\u00e9roport d&rsquo;Alicante et 15 minutes de l&rsquo;a\u00e9roport de San Javier (Murcie).[\/vc_column_text][\/vc_column][\/vc_row][vc_row][vc_column][vc_gmaps link=\u00a0\u00bb#E-8_JTNDaWZyYW1lJTIwc3JjJTNEJTIyaHR0cHMlM0ElMkYlMkZ3d3cuZ29vZ2xlLmNvbSUyRm1hcHMlMkZlbWJlZCUzRnBiJTNEJTIxMW0xOCUyMTFtMTIlMjExbTMlMjExZDE1NzUuMjE3NDExMDg0MDAzNSUyMTJkLTAuNzY3NTY1MzQxNzc3NDM3NCUyMTNkMzcuODUwMTE1MTEyODU5NTglMjEybTMlMjExZjAlMjEyZjAlMjEzZjAlMjEzbTIlMjExaTEwMjQlMjEyaTc2OCUyMTRmMTMuMSUyMTNtMyUyMTFtMiUyMTFzMHgwJTI1M0EweGIzZWMyMGZlOWRiZjI2NjglMjEyek16ZkNzRFV4SnpBd0xqUWlUaUF3d3JBME5TYzFPUzR6SWxjJTIxNWUwJTIxM20yJTIxMXNlcyUyMTJzZXMlMjE0djE2Mzk0ODIzNzQwMzYlMjE1bTIlMjExc2VzJTIxMnNlcyUyMiUyMHdpZHRoJTNEJTIyNjAwJTIyJTIwaGVpZ2h0JTNEJTIyNDUwJTIyJTIwZnJhbWVib3JkZXIlM0QlMjIwJTIyJTIwc3R5bGUlM0QlMjJib3JkZXIlM0EwJTIyJTIwYWxsb3dmdWxsc2NyZWVuJTIwbG9hZGluZyUzRCUyMmxhenklMjIlM0UlM0MlMkZpZnJhbWUlM0U=\u00a0\u00bb title=\u00a0\u00bbSituation\u00a0\u00bb css=\u00a0\u00bb.vc_custom_1639556788385{margin-top: 20px !important;}\u00a0\u00bb][\/vc_column][\/vc_row][vc_row type=\u00a0\u00bb2&Prime; padding_top=\u00a0\u00bb30px\u00a0\u00bb padding_bottom=\u00a0\u00bb30px\u00a0\u00bb bg_color=\u00a0\u00bb#333333&Prime; css=\u00a0\u00bb.vc_custom_1518112293780{background-color: #4c4c4c !important;}\u00a0\u00bb][vc_column width=\u00a0\u00bb1\/4&Prime;][vc_column_text]<\/p>\n<h2>Vous \u00eates int\u00e9ress\u00e9?<\/h2>\n<p style=\"text-align: left;\" align=\"justify\">Si vous \u00eates int\u00e9ress\u00e9 par Alyssa Fase IV, n&rsquo;h\u00e9sitez pas \u00e0 nous contacter via ce formulaire web. Nous vous contacterons dans les plus brefs d\u00e9lais afin d&rsquo;effectuer une visite d&rsquo;inspection pour v\u00e9rifier ces propri\u00e9t\u00e9s situ\u00e9es \u00e0 Torre de la Horadada (Alicante).<\/p>\n<p>[\/vc_column_text][\/vc_column][vc_column width=\u00a0\u00bb3\/4&Prime;]<form class=\"dt-contact-form dt-form\" method=\"post\"><input type=\"hidden\" name=\"widget_id\" value=\"presscore-contact-form-widget--1\" \/><input type=\"hidden\" name=\"send_message\" value=\"\" \/><input type=\"hidden\" name=\"security_token\" value=\"a426d491c70fec8c8996\"\/><div class=\"form-fields\"><span class=\"form-name\"><label class=\"assistive-text\">Nom *<\/label><input type=\"text\" class=\"validate[required]\" placeholder=\"Nom *\" name=\"name\" value=\"\" aria-required=\"true\">\n<\/span><span class=\"form-mail\"><label class=\"assistive-text\">E-mail *<\/label><input type=\"text\" class=\"validate[required,custom[email]]\" placeholder=\"E-mail *\" name=\"email\" value=\"\" aria-required=\"true\">\n<\/span><span class=\"form-telephone\"><label class=\"assistive-text\">T\u00e9l\u00e9phone *<\/label><input type=\"text\" class=\"validate[required,custom[phone]]\" placeholder=\"T\u00e9l\u00e9phone *\" name=\"telephone\" value=\"\" aria-required=\"true\">\n<\/span><span class=\"form-country\"><label class=\"assistive-text\">Pays<\/label><input type=\"text\" placeholder=\"Pays\" name=\"country\" value=\"\" aria-required=\"false\">\n<\/span><span class=\"form-city\"><label class=\"assistive-text\">Ville<\/label><input type=\"text\" placeholder=\"Ville\" name=\"city\" value=\"\" aria-required=\"false\">\n<\/span><\/div><span class=\"form-message\"><label class=\"assistive-text\">Message *<\/label><textarea class=\"validate[required]\" placeholder=\"Message *\" name=\"message\" rows=\"6\" aria-required=\"true\"><\/textarea>\n<\/span><p><a href=\"#\" class=\"dt-btn dt-btn-m dt-btn-submit\" rel=\"nofollow\"><span>ENVOYER<\/span><\/a><input class=\"assistive-text\" type=\"submit\" value=\"envoyer\"><\/p><\/form>\n[\/vc_column][\/vc_row][vc_row margin_top=\u00a0\u00bb50px\u00a0\u00bb full_width_row=\u00a0\u00bbtrue\u00a0\u00bb][vc_column][vc_column_text]<\/p>\n<h3 style=\"text-align: center;\">AUTRES PROMOTIONS<\/h3>\n<p>[\/vc_column_text][vc_row_inner][vc_column_inner width=\u00a0\u00bb1\/3&Prime;][vc_single_image image=\u00a0\u00bb55756&Prime; img_size=\u00a0\u00bbfull\u00a0\u00bb alignment=\u00a0\u00bbcenter\u00a0\u00bb onclick=\u00a0\u00bbcustom_link\u00a0\u00bb image_hovers=\u00a0\u00bbfalse\u00a0\u00bb link=\u00a0\u00bbhttp:\/\/www.binomiumproperties.com\/fr\/residential-azure\/\u00a0\u00bb css=\u00a0\u00bb.vc_custom_1639557731025{margin-top: 20px !important;margin-right: 20px !important;margin-bottom: 20px !important;margin-left: 20px !important;}\u00a0\u00bb][\/vc_column_inner][vc_column_inner width=\u00a0\u00bb1\/3&Prime;][vc_single_image image=\u00a0\u00bb53993&Prime; img_size=\u00a0\u00bbfull\u00a0\u00bb alignment=\u00a0\u00bbcenter\u00a0\u00bb onclick=\u00a0\u00bbcustom_link\u00a0\u00bb image_hovers=\u00a0\u00bbfalse\u00a0\u00bb link=\u00a0\u00bbhttps:\/\/www.binomiumproperties.com\/fr\/villas-roda-golf\/\u00a0\u00bb css=\u00a0\u00bb.vc_custom_1639556937081{margin-top: 20px !important;margin-right: 20px !important;margin-bottom: 20px !important;margin-left: 20px !important;}\u00a0\u00bb][\/vc_column_inner][vc_column_inner width=\u00a0\u00bb1\/3&Prime;][vc_single_image image=\u00a0\u00bb54154&Prime; img_size=\u00a0\u00bbfull\u00a0\u00bb alignment=\u00a0\u00bbcenter\u00a0\u00bb onclick=\u00a0\u00bbcustom_link\u00a0\u00bb image_hovers=\u00a0\u00bbfalse\u00a0\u00bb link=\u00a0\u00bbhttps:\/\/www.binomiumproperties.com\/fr\/residences-bianca\/\u00a0\u00bb css=\u00a0\u00bb.vc_custom_1639556907800{margin-top: 20px !important;margin-right: 20px !important;margin-bottom: 20px !important;margin-left: 20px !important;}\u00a0\u00bb][\/vc_column_inner][\/vc_row_inner][\/vc_column][\/vc_row]<\/p>\n<\/section>","protected":false},"excerpt":{"rendered":"<p>[vc_row margin_top=\u00a0\u00bb20&Prime; margin_bottom=\u00a0\u00bb20&Prime;][vc_column width=\u00a0\u00bb2\/3&Prime;][vc_single_image image=\u00a0\u00bb55598&Prime; img_size=\u00a0\u00bbfull\u00a0\u00bb image_hovers=\u00a0\u00bbfalse\u00a0\u00bb css=\u00a0\u00bb.vc_custom_1639479529898{margin-bottom: 20px !important;}\u00a0\u00bb][\/vc_column][vc_column width=\u00a0\u00bb1\/3&Prime;][vc_column_text css=\u00a0\u00bb.vc_custom_1639556164109{margin-bottom: 20px !important;}\u00a0\u00bb] Logement en bord de mer [\/vc_column_text][vc_column_text]Le Residencial Alyssa est l&rsquo;endroit id\u00e9al pour profiter du style de vie m\u00e9diterran\u00e9en au bord de la mer. Une r\u00e9sidence exclusive d&rsquo;appartements avec jardin et solarium, con\u00e7ue pour offrir un maximum d&rsquo;espace, de lumi\u00e8re et de&hellip;<\/p>\n","protected":false},"author":1,"featured_media":0,"parent":0,"menu_order":0,"comment_status":"closed","ping_status":"closed","template":"","meta":{"_seopress_robots_primary_cat":""},"_links":{"self":[{"href":"https:\/\/www.binomiumproperties.com\/fr\/wp-json\/wp\/v2\/pages\/55749"}],"collection":[{"href":"https:\/\/www.binomiumproperties.com\/fr\/wp-json\/wp\/v2\/pages"}],"about":[{"href":"https:\/\/www.binomiumproperties.com\/fr\/wp-json\/wp\/v2\/types\/page"}],"author":[{"embeddable":true,"href":"https:\/\/www.binomiumproperties.com\/fr\/wp-json\/wp\/v2\/users\/1"}],"replies":[{"embeddable":true,"href":"https:\/\/www.binomiumproperties.com\/fr\/wp-json\/wp\/v2\/comments?post=55749"}],"version-history":[{"count":5,"href":"https:\/\/www.binomiumproperties.com\/fr\/wp-json\/wp\/v2\/pages\/55749\/revisions"}],"predecessor-version":[{"id":55759,"href":"https:\/\/www.binomiumproperties.com\/fr\/wp-json\/wp\/v2\/pages\/55749\/revisions\/55759"}],"wp:attachment":[{"href":"https:\/\/www.binomiumproperties.com\/fr\/wp-json\/wp\/v2\/media?parent=55749"}],"curies":[{"name":"wp","href":"https:\/\/api.w.org\/{rel}","templated":true}]}}