{"id":55981,"date":"2022-07-08T09:52:09","date_gmt":"2022-07-08T09:52:09","guid":{"rendered":"http:\/\/www.binomiumproperties.com\/azure-fase-iv\/"},"modified":"2024-02-09T12:21:29","modified_gmt":"2024-02-09T12:21:29","slug":"azure-phase-iv","status":"publish","type":"page","link":"https:\/\/www.binomiumproperties.com\/fr\/azure-phase-iv\/","title":{"rendered":"Azure Phase IV"},"content":{"rendered":"<section class=\"wpb-content-wrapper\"><p>[vc_row margin_top=\u00a0\u00bb20&Prime; margin_bottom=\u00a0\u00bb20&Prime;][vc_column width=\u00a0\u00bb2\/3&Prime;][vc_single_image image=\u00a0\u00bb55857&Prime; img_size=\u00a0\u00bbfull\u00a0\u00bb image_hovers=\u00a0\u00bbfalse\u00a0\u00bb css=\u00a0\u00bb.vc_custom_1657522043357{margin-bottom: 20px !important;}\u00a0\u00bb]<div class=\"dt-photos-shortcode slider-wrapper owl-carousel dt-owl-carousel-init  shortcode-instagram dt-gallery-container arrows-light enable-mobile-arrows\" data-padding-side=\"10\" data-autoslide=\"true\" data-delay=\"3000\" data-loop=\"false\" data-arrows=\"true\" data-pretty-share=\"facebook,twitter,pinterest,google,linkedin\">\n<article class=\"post post-55859 attachment type-attachment status-inherit hentry no-img description-off\">\n\n\t<figure class=\"rollover-project links-hovers-disabled\">\n\t<a href=\"https:\/\/www.binomiumproperties.com\/wp-content\/uploads\/2022\/07\/AZUREIV.01-1.jpg\" class=\"rollover rollover-zoom dt-pswp-item layzr-bg\" title=\"AZUREIV.01\" data-dt-img-description=\"\"  data-large_image_width=\"3840\" data-large_image_height = \"2160\"  data-dt-location=\"https:\/\/www.binomiumproperties.com\/fr\/dt_gallery\/azure-phase-iv\/azureiv-01-2\/\" ><img class=\"preload-me lazy-load aspect\" src=\"data:image\/svg+xml,%3Csvg%20xmlns%3D&#39;http%3A%2F%2Fwww.w3.org%2F2000%2Fsvg&#39;%20viewBox%3D&#39;0%200%20100%20100&#39;%2F%3E\" data-src=\"https:\/\/www.binomiumproperties.com\/wp-content\/uploads\/2022\/07\/AZUREIV.01-1-100x100.jpg\" data-srcset=\"https:\/\/www.binomiumproperties.com\/wp-content\/uploads\/2022\/07\/AZUREIV.01-1-100x100.jpg 100w, https:\/\/www.binomiumproperties.com\/wp-content\/uploads\/2022\/07\/AZUREIV.01-1-200x200.jpg 200w\" loading=\"eager\" style=\"--ratio: 100 \/ 100;\" sizes=\"(max-width: 100px) 100vw, 100px\" alt=\"\" width=\"100\" height=\"100\"  \/><\/a>\t<\/figure>\n<\/article>\n\n\n<article class=\"post post-55856 attachment type-attachment status-inherit hentry no-img description-off\">\n\n\t<figure class=\"rollover-project links-hovers-disabled\">\n\t<a href=\"https:\/\/www.binomiumproperties.com\/wp-content\/uploads\/2022\/07\/AZUREIV.02-1.jpg\" class=\"rollover rollover-zoom dt-pswp-item layzr-bg\" title=\"AZUREIV.02\" data-dt-img-description=\"\"  data-large_image_width=\"3259\" data-large_image_height = \"1993\"  data-dt-location=\"https:\/\/www.binomiumproperties.com\/fr\/dt_gallery\/azure-phase-iv\/azureiv-02-2\/\" ><img class=\"preload-me lazy-load aspect\" src=\"data:image\/svg+xml,%3Csvg%20xmlns%3D&#39;http%3A%2F%2Fwww.w3.org%2F2000%2Fsvg&#39;%20viewBox%3D&#39;0%200%20100%20100&#39;%2F%3E\" data-src=\"https:\/\/www.binomiumproperties.com\/wp-content\/uploads\/2022\/07\/AZUREIV.02-1-100x100.jpg\" data-srcset=\"https:\/\/www.binomiumproperties.com\/wp-content\/uploads\/2022\/07\/AZUREIV.02-1-100x100.jpg 100w, https:\/\/www.binomiumproperties.com\/wp-content\/uploads\/2022\/07\/AZUREIV.02-1-200x200.jpg 200w\" loading=\"eager\" style=\"--ratio: 100 \/ 100;\" sizes=\"(max-width: 100px) 100vw, 100px\" alt=\"\" width=\"100\" height=\"100\"  \/><\/a>\t<\/figure>\n<\/article>\n\n\n<article class=\"post post-55853 attachment type-attachment status-inherit hentry no-img description-off\">\n\n\t<figure class=\"rollover-project links-hovers-disabled\">\n\t<a href=\"https:\/\/www.binomiumproperties.com\/wp-content\/uploads\/2022\/07\/AZUREIV.03-1.jpg\" class=\"rollover rollover-zoom dt-pswp-item layzr-bg\" title=\"AZUREIV.03\" data-dt-img-description=\"\"  data-large_image_width=\"3840\" data-large_image_height = \"2160\"  data-dt-location=\"https:\/\/www.binomiumproperties.com\/fr\/dt_gallery\/azure-phase-iv\/azureiv-03-2\/\" ><img class=\"preload-me lazy-load aspect\" src=\"data:image\/svg+xml,%3Csvg%20xmlns%3D&#39;http%3A%2F%2Fwww.w3.org%2F2000%2Fsvg&#39;%20viewBox%3D&#39;0%200%20100%20100&#39;%2F%3E\" data-src=\"https:\/\/www.binomiumproperties.com\/wp-content\/uploads\/2022\/07\/AZUREIV.03-1-100x100.jpg\" data-srcset=\"https:\/\/www.binomiumproperties.com\/wp-content\/uploads\/2022\/07\/AZUREIV.03-1-100x100.jpg 100w, https:\/\/www.binomiumproperties.com\/wp-content\/uploads\/2022\/07\/AZUREIV.03-1-200x200.jpg 200w\" loading=\"eager\" style=\"--ratio: 100 \/ 100;\" sizes=\"(max-width: 100px) 100vw, 100px\" alt=\"\" width=\"100\" height=\"100\"  \/><\/a>\t<\/figure>\n<\/article>\n\n\n<article class=\"post post-55820 attachment type-attachment status-inherit hentry no-img description-off\">\n\n\t<figure class=\"rollover-project links-hovers-disabled\">\n\t<a href=\"https:\/\/www.binomiumproperties.com\/wp-content\/uploads\/2022\/07\/AZURE.I_13.jpg\" class=\"rollover rollover-zoom dt-pswp-item layzr-bg\" title=\"AZURE.I_13\" data-dt-img-description=\"\"  data-large_image_width=\"3456\" data-large_image_height = \"2304\"  data-dt-location=\"https:\/\/www.binomiumproperties.com\/fr\/azure-phase-iv\/azure-i_13-2-2\/\" ><img class=\"preload-me lazy-load aspect\" src=\"data:image\/svg+xml,%3Csvg%20xmlns%3D&#39;http%3A%2F%2Fwww.w3.org%2F2000%2Fsvg&#39;%20viewBox%3D&#39;0%200%20100%20100&#39;%2F%3E\" data-src=\"https:\/\/www.binomiumproperties.com\/wp-content\/uploads\/2022\/07\/AZURE.I_13-100x100.jpg\" data-srcset=\"https:\/\/www.binomiumproperties.com\/wp-content\/uploads\/2022\/07\/AZURE.I_13-100x100.jpg 100w, https:\/\/www.binomiumproperties.com\/wp-content\/uploads\/2022\/07\/AZURE.I_13-200x200.jpg 200w\" loading=\"eager\" style=\"--ratio: 100 \/ 100;\" sizes=\"(max-width: 100px) 100vw, 100px\" alt=\"\" width=\"100\" height=\"100\"  \/><\/a>\t<\/figure>\n<\/article>\n\n\n<article class=\"post post-55817 attachment type-attachment status-inherit hentry no-img description-off\">\n\n\t<figure class=\"rollover-project links-hovers-disabled\">\n\t<a href=\"https:\/\/www.binomiumproperties.com\/wp-content\/uploads\/2022\/07\/AZURE.I_12.jpg\" class=\"rollover rollover-zoom dt-pswp-item layzr-bg\" title=\"AZURE.I_12\" data-dt-img-description=\"\"  data-large_image_width=\"3456\" data-large_image_height = \"2304\"  data-dt-location=\"https:\/\/www.binomiumproperties.com\/fr\/azure-phase-iv\/azure-i_12-2-2\/\" ><img class=\"preload-me lazy-load aspect\" src=\"data:image\/svg+xml,%3Csvg%20xmlns%3D&#39;http%3A%2F%2Fwww.w3.org%2F2000%2Fsvg&#39;%20viewBox%3D&#39;0%200%20100%20100&#39;%2F%3E\" data-src=\"https:\/\/www.binomiumproperties.com\/wp-content\/uploads\/2022\/07\/AZURE.I_12-100x100.jpg\" data-srcset=\"https:\/\/www.binomiumproperties.com\/wp-content\/uploads\/2022\/07\/AZURE.I_12-100x100.jpg 100w, https:\/\/www.binomiumproperties.com\/wp-content\/uploads\/2022\/07\/AZURE.I_12-200x200.jpg 200w\" loading=\"eager\" style=\"--ratio: 100 \/ 100;\" sizes=\"(max-width: 100px) 100vw, 100px\" alt=\"\" width=\"100\" height=\"100\"  \/><\/a>\t<\/figure>\n<\/article>\n\n\n<article class=\"post post-55814 attachment type-attachment status-inherit hentry no-img description-off\">\n\n\t<figure class=\"rollover-project links-hovers-disabled\">\n\t<a href=\"https:\/\/www.binomiumproperties.com\/wp-content\/uploads\/2022\/07\/AZURE.I_11.jpg\" class=\"rollover rollover-zoom dt-pswp-item layzr-bg\" title=\"AZURE.I_11\" data-dt-img-description=\"\"  data-large_image_width=\"3456\" data-large_image_height = \"2304\"  data-dt-location=\"https:\/\/www.binomiumproperties.com\/fr\/azure-phase-iv\/azure-i_11-2-2\/\" ><img class=\"preload-me lazy-load aspect\" src=\"data:image\/svg+xml,%3Csvg%20xmlns%3D&#39;http%3A%2F%2Fwww.w3.org%2F2000%2Fsvg&#39;%20viewBox%3D&#39;0%200%20100%20100&#39;%2F%3E\" data-src=\"https:\/\/www.binomiumproperties.com\/wp-content\/uploads\/2022\/07\/AZURE.I_11-100x100.jpg\" data-srcset=\"https:\/\/www.binomiumproperties.com\/wp-content\/uploads\/2022\/07\/AZURE.I_11-100x100.jpg 100w, https:\/\/www.binomiumproperties.com\/wp-content\/uploads\/2022\/07\/AZURE.I_11-200x200.jpg 200w\" loading=\"eager\" style=\"--ratio: 100 \/ 100;\" sizes=\"(max-width: 100px) 100vw, 100px\" alt=\"\" width=\"100\" height=\"100\"  \/><\/a>\t<\/figure>\n<\/article>\n\n\n<article class=\"post post-55811 attachment type-attachment status-inherit hentry no-img description-off\">\n\n\t<figure class=\"rollover-project links-hovers-disabled\">\n\t<a href=\"https:\/\/www.binomiumproperties.com\/wp-content\/uploads\/2022\/07\/AZURE.I_9.jpg\" class=\"rollover rollover-zoom dt-pswp-item layzr-bg\" title=\"AZURE.I_9\" data-dt-img-description=\"\"  data-large_image_width=\"3456\" data-large_image_height = \"2304\"  data-dt-location=\"https:\/\/www.binomiumproperties.com\/fr\/azure-phase-iv\/azure-i_9-2-2\/\" ><img class=\"preload-me lazy-load aspect\" src=\"data:image\/svg+xml,%3Csvg%20xmlns%3D&#39;http%3A%2F%2Fwww.w3.org%2F2000%2Fsvg&#39;%20viewBox%3D&#39;0%200%20100%20100&#39;%2F%3E\" data-src=\"https:\/\/www.binomiumproperties.com\/wp-content\/uploads\/2022\/07\/AZURE.I_9-100x100.jpg\" data-srcset=\"https:\/\/www.binomiumproperties.com\/wp-content\/uploads\/2022\/07\/AZURE.I_9-100x100.jpg 100w, https:\/\/www.binomiumproperties.com\/wp-content\/uploads\/2022\/07\/AZURE.I_9-200x200.jpg 200w\" loading=\"eager\" style=\"--ratio: 100 \/ 100;\" sizes=\"(max-width: 100px) 100vw, 100px\" alt=\"\" width=\"100\" height=\"100\"  \/><\/a>\t<\/figure>\n<\/article>\n\n\n<article class=\"post post-55808 attachment type-attachment status-inherit hentry no-img description-off\">\n\n\t<figure class=\"rollover-project links-hovers-disabled\">\n\t<a href=\"https:\/\/www.binomiumproperties.com\/wp-content\/uploads\/2022\/07\/AZURE.I_8.jpg\" class=\"rollover rollover-zoom dt-pswp-item layzr-bg\" title=\"AZURE.I_8\" data-dt-img-description=\"\"  data-large_image_width=\"3456\" data-large_image_height = \"2304\"  data-dt-location=\"https:\/\/www.binomiumproperties.com\/fr\/azure-phase-iv\/azure-i_8-2-2\/\" ><img class=\"preload-me lazy-load aspect\" src=\"data:image\/svg+xml,%3Csvg%20xmlns%3D&#39;http%3A%2F%2Fwww.w3.org%2F2000%2Fsvg&#39;%20viewBox%3D&#39;0%200%20100%20100&#39;%2F%3E\" data-src=\"https:\/\/www.binomiumproperties.com\/wp-content\/uploads\/2022\/07\/AZURE.I_8-100x100.jpg\" data-srcset=\"https:\/\/www.binomiumproperties.com\/wp-content\/uploads\/2022\/07\/AZURE.I_8-100x100.jpg 100w, https:\/\/www.binomiumproperties.com\/wp-content\/uploads\/2022\/07\/AZURE.I_8-200x200.jpg 200w\" loading=\"eager\" style=\"--ratio: 100 \/ 100;\" sizes=\"(max-width: 100px) 100vw, 100px\" alt=\"\" width=\"100\" height=\"100\"  \/><\/a>\t<\/figure>\n<\/article>\n\n\n<article class=\"post post-55805 attachment type-attachment status-inherit hentry no-img description-off\">\n\n\t<figure class=\"rollover-project links-hovers-disabled\">\n\t<a href=\"https:\/\/www.binomiumproperties.com\/wp-content\/uploads\/2022\/07\/AZURE.I_7.jpg\" class=\"rollover rollover-zoom dt-pswp-item layzr-bg\" title=\"AZURE.I_7\" data-dt-img-description=\"\"  data-large_image_width=\"3456\" data-large_image_height = \"2304\"  data-dt-location=\"https:\/\/www.binomiumproperties.com\/fr\/azure-phase-iv\/azure-i_7-2-2\/\" ><img class=\"preload-me lazy-load aspect\" src=\"data:image\/svg+xml,%3Csvg%20xmlns%3D&#39;http%3A%2F%2Fwww.w3.org%2F2000%2Fsvg&#39;%20viewBox%3D&#39;0%200%20100%20100&#39;%2F%3E\" data-src=\"https:\/\/www.binomiumproperties.com\/wp-content\/uploads\/2022\/07\/AZURE.I_7-100x100.jpg\" data-srcset=\"https:\/\/www.binomiumproperties.com\/wp-content\/uploads\/2022\/07\/AZURE.I_7-100x100.jpg 100w, https:\/\/www.binomiumproperties.com\/wp-content\/uploads\/2022\/07\/AZURE.I_7-200x200.jpg 200w\" loading=\"eager\" style=\"--ratio: 100 \/ 100;\" sizes=\"(max-width: 100px) 100vw, 100px\" alt=\"\" width=\"100\" height=\"100\"  \/><\/a>\t<\/figure>\n<\/article>\n\n\n<article class=\"post post-55802 attachment type-attachment status-inherit hentry no-img description-off\">\n\n\t<figure class=\"rollover-project links-hovers-disabled\">\n\t<a href=\"https:\/\/www.binomiumproperties.com\/wp-content\/uploads\/2022\/07\/AZURE.I_6.jpg\" class=\"rollover rollover-zoom dt-pswp-item layzr-bg\" title=\"AZURE.I_6\" data-dt-img-description=\"\"  data-large_image_width=\"3456\" data-large_image_height = \"2304\"  data-dt-location=\"https:\/\/www.binomiumproperties.com\/fr\/azure-phase-iv\/azure-i_6-2-2\/\" ><img class=\"preload-me lazy-load aspect\" src=\"data:image\/svg+xml,%3Csvg%20xmlns%3D&#39;http%3A%2F%2Fwww.w3.org%2F2000%2Fsvg&#39;%20viewBox%3D&#39;0%200%20100%20100&#39;%2F%3E\" data-src=\"https:\/\/www.binomiumproperties.com\/wp-content\/uploads\/2022\/07\/AZURE.I_6-100x100.jpg\" data-srcset=\"https:\/\/www.binomiumproperties.com\/wp-content\/uploads\/2022\/07\/AZURE.I_6-100x100.jpg 100w, https:\/\/www.binomiumproperties.com\/wp-content\/uploads\/2022\/07\/AZURE.I_6-200x200.jpg 200w\" loading=\"eager\" style=\"--ratio: 100 \/ 100;\" sizes=\"(max-width: 100px) 100vw, 100px\" alt=\"\" width=\"100\" height=\"100\"  \/><\/a>\t<\/figure>\n<\/article>\n\n\n<article class=\"post post-55826 attachment type-attachment status-inherit hentry no-img description-off\">\n\n\t<figure class=\"rollover-project links-hovers-disabled\">\n\t<a href=\"https:\/\/www.binomiumproperties.com\/wp-content\/uploads\/2022\/07\/AZURE.I_16.jpg\" class=\"rollover rollover-zoom dt-pswp-item layzr-bg\" title=\"AZURE.I_16\" data-dt-img-description=\"\"  data-large_image_width=\"3456\" data-large_image_height = \"2304\"  data-dt-location=\"https:\/\/www.binomiumproperties.com\/fr\/azure-phase-iv\/azure-i_16-2-2\/\" ><img class=\"preload-me lazy-load aspect\" src=\"data:image\/svg+xml,%3Csvg%20xmlns%3D&#39;http%3A%2F%2Fwww.w3.org%2F2000%2Fsvg&#39;%20viewBox%3D&#39;0%200%20100%20100&#39;%2F%3E\" data-src=\"https:\/\/www.binomiumproperties.com\/wp-content\/uploads\/2022\/07\/AZURE.I_16-100x100.jpg\" data-srcset=\"https:\/\/www.binomiumproperties.com\/wp-content\/uploads\/2022\/07\/AZURE.I_16-100x100.jpg 100w, https:\/\/www.binomiumproperties.com\/wp-content\/uploads\/2022\/07\/AZURE.I_16-200x200.jpg 200w\" loading=\"eager\" style=\"--ratio: 100 \/ 100;\" sizes=\"(max-width: 100px) 100vw, 100px\" alt=\"\" width=\"100\" height=\"100\"  \/><\/a>\t<\/figure>\n<\/article>\n\n\n<article class=\"post post-55823 attachment type-attachment status-inherit hentry no-img description-off\">\n\n\t<figure class=\"rollover-project links-hovers-disabled\">\n\t<a href=\"https:\/\/www.binomiumproperties.com\/wp-content\/uploads\/2022\/07\/AZURE.I_14.jpg\" class=\"rollover rollover-zoom dt-pswp-item layzr-bg\" title=\"AZURE.I_14\" data-dt-img-description=\"\"  data-large_image_width=\"3456\" data-large_image_height = \"2304\"  data-dt-location=\"https:\/\/www.binomiumproperties.com\/fr\/azure-phase-iv\/azure-i_14-2-2\/\" ><img class=\"preload-me lazy-load aspect\" src=\"data:image\/svg+xml,%3Csvg%20xmlns%3D&#39;http%3A%2F%2Fwww.w3.org%2F2000%2Fsvg&#39;%20viewBox%3D&#39;0%200%20100%20100&#39;%2F%3E\" data-src=\"https:\/\/www.binomiumproperties.com\/wp-content\/uploads\/2022\/07\/AZURE.I_14-100x100.jpg\" data-srcset=\"https:\/\/www.binomiumproperties.com\/wp-content\/uploads\/2022\/07\/AZURE.I_14-100x100.jpg 100w, https:\/\/www.binomiumproperties.com\/wp-content\/uploads\/2022\/07\/AZURE.I_14-200x200.jpg 200w\" loading=\"eager\" style=\"--ratio: 100 \/ 100;\" sizes=\"(max-width: 100px) 100vw, 100px\" alt=\"\" width=\"100\" height=\"100\"  \/><\/a>\t<\/figure>\n<\/article>\n\n<\/div>[\/vc_column][vc_column width=\u00a0\u00bb1\/3&Prime;][vc_column_text css=\u00a0\u00bb.vc_custom_1658144006682{margin-bottom: 20px !important;}\u00a0\u00bb]<\/p>\n<h3><strong><span class=\"selectable-text1\"><span class=\"VIiyi\" lang=\"fr\"><span class=\"JLqJ4b ChMk0b\" data-language-for-alternatives=\"fr\" data-language-to-translate-into=\"es\" data-phrase-index=\"0\" data-number-of-phrases=\"1\"><span class=\"Q4iAWc\">Maisons \u00e0 c\u00f4t\u00e9 du terrain de golf Pilar de la Horadada &#8211; Alicante<\/span><\/span><\/span><\/span><\/strong><\/h3>\n<p>[\/vc_column_text]<div class=\"standard-arrow list-divider bullet-top\"><ul>\n<li><span style=\"color: #333333;\">LOCATION:<br \/>\n<\/span><span style=\"color: #000000;\"><strong><span class=\"selectable-text1\">Lo Romero Golf Resort<\/span><br \/>\n<span class=\"selectable-text1\">Pilar de la Horadada<\/span> \u2013 Alicante<br \/>\n<\/strong><\/span><\/li>\n<li>TYPE DE LOGEMENT:<br \/>\n<strong><span class=\"selectable-text1\" style=\"color: #000000;\">Appartements avec jardin, terrasse et solarium<\/span><\/strong><\/li>\n<\/ul>\n<\/div>[vc_column_text]<span class=\"VIiyi\" lang=\"fr\"><span class=\"JLqJ4b ChMk0b\" data-language-for-alternatives=\"fr\" data-language-to-translate-into=\"es\" data-phrase-index=\"0\" data-number-of-phrases=\"8\"><span class=\"Q4iAWc\"><strong>Residencial Azure IV Lo Romero<\/strong> est l&rsquo;endroit id\u00e9al pour profiter du style de vie m\u00e9diterran\u00e9en aux c\u00f4t\u00e9s du golf.<\/span><\/span> <span class=\"JLqJ4b ChMk0b\" data-language-for-alternatives=\"fr\" data-language-to-translate-into=\"es\" data-phrase-index=\"1\" data-number-of-phrases=\"8\"><span class=\"Q4iAWc\">Un complexe r\u00e9sidentiel exclusif de bungalows avec jardin, terrasses et solarium, con\u00e7u pour offrir un maximum d&rsquo;espace, de lumi\u00e8re et de confort.<\/span><\/span> <span class=\"JLqJ4b ChMk0b\" data-language-for-alternatives=\"fr\" data-language-to-translate-into=\"es\" data-phrase-index=\"2\" data-number-of-phrases=\"8\"><span class=\"Q4iAWc\">De plus, les maisons auront une place de parking, une piscine communautaire et un jardin.<\/span><\/span><\/span><\/p>\n<p><span class=\"VIiyi\" lang=\"fr\"><span class=\"JLqJ4b ChMk0b\" data-language-for-alternatives=\"fr\" data-language-to-translate-into=\"es\" data-phrase-index=\"4\" data-number-of-phrases=\"8\"><span class=\"Q4iAWc\">L&rsquo;architecture sophistiqu\u00e9e et moderne utilis\u00e9e, ainsi que sa s\u00e9lection rigoureuse de qualit\u00e9s, font de nos maisons des projets uniques, destin\u00e9s \u00e0 des clients exigeants, qui recherchent un bon investissement et une qualit\u00e9 de vie.<\/span><\/span><\/span><\/p>\n<p><span class=\"VIiyi\" lang=\"fr\"><span class=\"JLqJ4b ChMk0b\" data-language-for-alternatives=\"fr\" data-language-to-translate-into=\"es\" data-phrase-index=\"6\" data-number-of-phrases=\"8\"><span class=\"Q4iAWc\">Lo Romero Golf Resort est situ\u00e9 dans une zone privil\u00e9gi\u00e9e de la municipalit\u00e9 de Pilar de la Horadada (Alicante), au c\u0153ur de la Costa Blanca.<\/span><\/span> <span class=\"JLqJ4b ChMk0b\" data-language-for-alternatives=\"fr\" data-language-to-translate-into=\"es\" data-phrase-index=\"7\" data-number-of-phrases=\"8\"><span class=\"Q4iAWc\">Le parcours de golf de 18 trous est proche de belles plages aux eaux cristallines et est parfaitement reli\u00e9 par la route aux villes d&rsquo;Alicante et de Murcie, ainsi qu&rsquo;\u00e0 l&rsquo;a\u00e9roport international de Murcie, qui se trouve \u00e0 une courte distance.<\/span><\/span><\/span>[\/vc_column_text][\/vc_column][\/vc_row][vc_row][vc_column][vc_gmaps link=\u00a0\u00bb#E-8_JTNDaWZyYW1lJTIwc3JjJTNEJTIyaHR0cHMlM0ElMkYlMkZ3d3cuZ29vZ2xlLmNvbSUyRm1hcHMlMkZlbWJlZCUzRnBiJTNEJTIxMW0xNyUyMTFtMTIlMjExbTMlMjExZDQ0MTAuMzc2NDc0ODg0MTA4JTIxMmQtMC44MzM1MDEyOTAzNjgwNzA5JTIxM2QzNy44ODg5NDI0NjIzMzM1NyUyMTJtMyUyMTFmMCUyMTJmMCUyMTNmMCUyMTNtMiUyMTFpMTAyNCUyMTJpNzY4JTIxNGYxMy4xJTIxM20yJTIxMW0xJTIxMnpNemZDc0RVekp6RTVMalVpVGlBd3dyQTFNQ2N3TWk0eklsYyUyMTVlMCUyMTNtMiUyMTFzZXMlMjEyc2VzJTIxNHYxNzA3NDgwNzkxNjczJTIxNW0yJTIxMXNlcyUyMTJzZXMlMjIlMjB3aWR0aCUzRCUyMjYwMCUyMiUyMGhlaWdodCUzRCUyMjQ1MCUyMiUyMHN0eWxlJTNEJTIyYm9yZGVyJTNBMCUzQiUyMiUyMGFsbG93ZnVsbHNjcmVlbiUzRCUyMiUyMiUyMGxvYWRpbmclM0QlMjJsYXp5JTIyJTIwcmVmZXJyZXJwb2xpY3klM0QlMjJuby1yZWZlcnJlci13aGVuLWRvd25ncmFkZSUyMiUzRSUzQyUyRmlmcmFtZSUzRQ==\u00a0\u00bb title=\u00a0\u00bbSituation\u00a0\u00bb css=\u00a0\u00bb.vc_custom_1707481287273{margin-top: 20px !important;}\u00a0\u00bb][\/vc_column][\/vc_row][vc_row type=\u00a0\u00bb2&Prime; padding_top=\u00a0\u00bb30px\u00a0\u00bb padding_bottom=\u00a0\u00bb30px\u00a0\u00bb bg_color=\u00a0\u00bb#333333&Prime; css=\u00a0\u00bb.vc_custom_1518112293780{background-color: #4c4c4c !important;}\u00a0\u00bb][vc_column width=\u00a0\u00bb1\/4&Prime;][vc_column_text]<\/p>\n<h2>Vous \u00eates int\u00e9ress\u00e9?<\/h2>\n<div class=\"J0lOec\"><span class=\"VIiyi\" lang=\"fr\"><span class=\"JLqJ4b ChMk0b\" data-language-for-alternatives=\"fr\" data-language-to-translate-into=\"es\" data-phrase-index=\"0\" data-number-of-phrases=\"2\"><span class=\"Q4iAWc\">Si vous \u00eates int\u00e9ress\u00e9 par Azure Phase IV, n&rsquo;h\u00e9sitez pas \u00e0 nous contacter via ce formulaire Web.<\/span><\/span> <span class=\"JLqJ4b ChMk0b\" data-language-for-alternatives=\"fr\" data-language-to-translate-into=\"es\" data-phrase-index=\"1\" data-number-of-phrases=\"2\"><span class=\"Q4iAWc\">Nous vous contacterons d\u00e8s que possible pour effectuer une visite d&rsquo;inspection et v\u00e9rifier ces maisons situ\u00e9es \u00e0 Lo Romero Golf Resort Pilar de la Horadada (Alicante).<\/span><\/span><\/span><\/div>\n<p>[\/vc_column_text][\/vc_column][vc_column width=\u00a0\u00bb3\/4&Prime;]<form class=\"dt-contact-form dt-form\" method=\"post\"><input type=\"hidden\" name=\"widget_id\" value=\"presscore-contact-form-widget--1\" \/><input type=\"hidden\" name=\"send_message\" value=\"\" \/><input type=\"hidden\" name=\"security_token\" value=\"a426d491c70fec8c8996\"\/><div class=\"form-fields\"><span class=\"form-name\"><label class=\"assistive-text\">Nom *<\/label><input type=\"text\" class=\"validate[required]\" placeholder=\"Nom *\" name=\"name\" value=\"\" aria-required=\"true\">\n<\/span><span class=\"form-mail\"><label class=\"assistive-text\">E-mail *<\/label><input type=\"text\" class=\"validate[required,custom[email]]\" placeholder=\"E-mail *\" name=\"email\" value=\"\" aria-required=\"true\">\n<\/span><span class=\"form-telephone\"><label class=\"assistive-text\">T\u00e9l\u00e9phone *<\/label><input type=\"text\" class=\"validate[required,custom[phone]]\" placeholder=\"T\u00e9l\u00e9phone *\" name=\"telephone\" value=\"\" aria-required=\"true\">\n<\/span><span class=\"form-country\"><label class=\"assistive-text\">Pays<\/label><input type=\"text\" placeholder=\"Pays\" name=\"country\" value=\"\" aria-required=\"false\">\n<\/span><span class=\"form-city\"><label class=\"assistive-text\">Ville<\/label><input type=\"text\" placeholder=\"Ville\" name=\"city\" value=\"\" aria-required=\"false\">\n<\/span><\/div><span class=\"form-message\"><label class=\"assistive-text\">Message *<\/label><textarea class=\"validate[required]\" placeholder=\"Message *\" name=\"message\" rows=\"6\" aria-required=\"true\"><\/textarea>\n<\/span><p><a href=\"#\" class=\"dt-btn dt-btn-m dt-btn-submit\" rel=\"nofollow\"><span>ENVOYER<\/span><\/a><input class=\"assistive-text\" type=\"submit\" value=\"envoyer\"><\/p><\/form>\n[\/vc_column][\/vc_row][vc_row margin_top=\u00a0\u00bb50px\u00a0\u00bb full_width_row=\u00a0\u00bbtrue\u00a0\u00bb][vc_column][vc_column_text]<\/p>\n<div class=\"wpb_text_column wpb_content_element \">\n<div class=\"wpb_wrapper\">\n<h3 style=\"text-align: center;\">AUTRES PROMOTIONS<\/h3>\n<\/div>\n<\/div>\n<p>[\/vc_column_text][vc_row_inner][vc_column_inner width=\u00a0\u00bb1\/3&Prime;][vc_single_image image=\u00a0\u00bb55592&Prime; img_size=\u00a0\u00bbfull\u00a0\u00bb alignment=\u00a0\u00bbcenter\u00a0\u00bb onclick=\u00a0\u00bbcustom_link\u00a0\u00bb image_hovers=\u00a0\u00bbfalse\u00a0\u00bb link=\u00a0\u00bbhttps:\/\/www.binomiumproperties.com\/alyssa-fase-iv\/\u00a0\u00bb css=\u00a0\u00bb.vc_custom_1657273913829{margin-top: 20px !important;margin-right: 20px !important;margin-bottom: 20px !important;margin-left: 20px !important;}\u00a0\u00bb][\/vc_column_inner][vc_column_inner width=\u00a0\u00bb1\/3&Prime;][vc_single_image image=\u00a0\u00bb53993&Prime; img_size=\u00a0\u00bbfull\u00a0\u00bb alignment=\u00a0\u00bbcenter\u00a0\u00bb onclick=\u00a0\u00bbcustom_link\u00a0\u00bb image_hovers=\u00a0\u00bbfalse\u00a0\u00bb link=\u00a0\u00bbhttps:\/\/www.binomiumproperties.com\/villas-roda-golf\/\u00a0\u00bb css=\u00a0\u00bb.vc_custom_1639483059252{margin-top: 20px !important;margin-right: 20px !important;margin-bottom: 20px !important;margin-left: 20px !important;}\u00a0\u00bb][\/vc_column_inner][vc_column_inner width=\u00a0\u00bb1\/3&Prime;][vc_single_image image=\u00a0\u00bb54154&Prime; img_size=\u00a0\u00bbfull\u00a0\u00bb alignment=\u00a0\u00bbcenter\u00a0\u00bb onclick=\u00a0\u00bbcustom_link\u00a0\u00bb image_hovers=\u00a0\u00bbfalse\u00a0\u00bb link=\u00a0\u00bbhttp:\/\/www.binomiumproperties.com\/en\/residential-bianca\/\u00a0\u00bb css=\u00a0\u00bb.vc_custom_1543481846093{margin-top: 20px !important;margin-right: 20px !important;margin-bottom: 20px !important;margin-left: 20px !important;}\u00a0\u00bb][\/vc_column_inner][\/vc_row_inner][\/vc_column][\/vc_row]<\/p>\n<\/section>","protected":false},"excerpt":{"rendered":"<p>[vc_row margin_top=\u00a0\u00bb20&Prime; margin_bottom=\u00a0\u00bb20&Prime;][vc_column width=\u00a0\u00bb2\/3&Prime;][vc_single_image image=\u00a0\u00bb55857&Prime; img_size=\u00a0\u00bbfull\u00a0\u00bb image_hovers=\u00a0\u00bbfalse\u00a0\u00bb css=\u00a0\u00bb.vc_custom_1657522043357{margin-bottom: 20px !important;}\u00a0\u00bb][\/vc_column][vc_column width=\u00a0\u00bb1\/3&Prime;][vc_column_text css=\u00a0\u00bb.vc_custom_1658144006682{margin-bottom: 20px !important;}\u00a0\u00bb] Maisons \u00e0 c\u00f4t\u00e9 du terrain de golf Pilar de la Horadada &#8211; Alicante [\/vc_column_text][vc_column_text]Residencial Azure IV Lo Romero est l&rsquo;endroit id\u00e9al pour profiter du style de vie m\u00e9diterran\u00e9en aux c\u00f4t\u00e9s du golf. Un complexe r\u00e9sidentiel exclusif de bungalows avec jardin, terrasses&hellip;<\/p>\n","protected":false},"author":1,"featured_media":0,"parent":0,"menu_order":0,"comment_status":"closed","ping_status":"closed","template":"","meta":{"_seopress_robots_primary_cat":""},"_links":{"self":[{"href":"https:\/\/www.binomiumproperties.com\/fr\/wp-json\/wp\/v2\/pages\/55981"}],"collection":[{"href":"https:\/\/www.binomiumproperties.com\/fr\/wp-json\/wp\/v2\/pages"}],"about":[{"href":"https:\/\/www.binomiumproperties.com\/fr\/wp-json\/wp\/v2\/types\/page"}],"author":[{"embeddable":true,"href":"https:\/\/www.binomiumproperties.com\/fr\/wp-json\/wp\/v2\/users\/1"}],"replies":[{"embeddable":true,"href":"https:\/\/www.binomiumproperties.com\/fr\/wp-json\/wp\/v2\/comments?post=55981"}],"version-history":[{"count":5,"href":"https:\/\/www.binomiumproperties.com\/fr\/wp-json\/wp\/v2\/pages\/55981\/revisions"}],"predecessor-version":[{"id":56426,"href":"https:\/\/www.binomiumproperties.com\/fr\/wp-json\/wp\/v2\/pages\/55981\/revisions\/56426"}],"wp:attachment":[{"href":"https:\/\/www.binomiumproperties.com\/fr\/wp-json\/wp\/v2\/media?parent=55981"}],"curies":[{"name":"wp","href":"https:\/\/api.w.org\/{rel}","templated":true}]}}