{"id":56332,"date":"2023-08-16T12:02:50","date_gmt":"2023-08-16T12:02:50","guid":{"rendered":"https:\/\/www.binomiumproperties.com\/residential-dalia\/"},"modified":"2023-10-04T07:59:49","modified_gmt":"2023-10-04T07:59:49","slug":"residentiel-dalia","status":"publish","type":"page","link":"https:\/\/www.binomiumproperties.com\/fr\/residentiel-dalia\/","title":{"rendered":"R\u00e9sidentiel Dalia"},"content":{"rendered":"<section class=\"wpb-content-wrapper\"><p>[vc_row margin_top=\u00a0\u00bb20&Prime; margin_bottom=\u00a0\u00bb20&Prime; css=\u00a0\u00bb.vc_custom_1690804969372{margin-bottom: 20px !important;}\u00a0\u00bb][vc_column width=\u00a0\u00bb2\/3&Prime;][vc_single_image image=\u00a0\u00bb56270&Prime; img_size=\u00a0\u00bbfull\u00a0\u00bb image_hovers=\u00a0\u00bbfalse\u00a0\u00bb css=\u00a0\u00bb.vc_custom_1692187438910{margin-bottom: 20px !important;}\u00a0\u00bb]<div class=\"dt-photos-shortcode slider-wrapper owl-carousel dt-owl-carousel-init  shortcode-instagram dt-gallery-container arrows-light enable-mobile-arrows\" data-padding-side=\"10\" data-autoslide=\"true\" data-delay=\"3000\" data-loop=\"false\" data-arrows=\"true\" data-pretty-share=\"facebook,twitter,pinterest,google,linkedin\">\n<article class=\"post post-56271 attachment type-attachment status-inherit hentry no-img description-off\">\n\n\t<figure class=\"rollover-project links-hovers-disabled\">\n\t<a href=\"https:\/\/www.binomiumproperties.com\/wp-content\/uploads\/2023\/08\/1-scaled.jpg\" class=\"rollover rollover-zoom dt-pswp-item layzr-bg\" title=\"1\" data-dt-img-description=\"\"  data-large_image_width=\"2560\" data-large_image_height = \"1440\"  data-dt-location=\"https:\/\/www.binomiumproperties.com\/fr\/1-2\/\" ><img class=\"preload-me lazy-load aspect\" src=\"data:image\/svg+xml,%3Csvg%20xmlns%3D&#39;http%3A%2F%2Fwww.w3.org%2F2000%2Fsvg&#39;%20viewBox%3D&#39;0%200%20100%20100&#39;%2F%3E\" data-src=\"https:\/\/www.binomiumproperties.com\/wp-content\/uploads\/2023\/08\/1-scaled-100x100.jpg\" data-srcset=\"https:\/\/www.binomiumproperties.com\/wp-content\/uploads\/2023\/08\/1-scaled-100x100.jpg 100w, https:\/\/www.binomiumproperties.com\/wp-content\/uploads\/2023\/08\/1-scaled-200x200.jpg 200w\" loading=\"eager\" style=\"--ratio: 100 \/ 100;\" sizes=\"(max-width: 100px) 100vw, 100px\" alt=\"\" width=\"100\" height=\"100\"  \/><\/a>\t<\/figure>\n<\/article>\n\n\n<article class=\"post post-56274 attachment type-attachment status-inherit hentry no-img description-off\">\n\n\t<figure class=\"rollover-project links-hovers-disabled\">\n\t<a href=\"https:\/\/www.binomiumproperties.com\/wp-content\/uploads\/2023\/08\/2-scaled.jpg\" class=\"rollover rollover-zoom dt-pswp-item layzr-bg\" title=\"2\" data-dt-img-description=\"\"  data-large_image_width=\"2560\" data-large_image_height = \"1440\"  data-dt-location=\"https:\/\/www.binomiumproperties.com\/fr\/2-2-2\/\" ><img class=\"preload-me lazy-load aspect\" src=\"data:image\/svg+xml,%3Csvg%20xmlns%3D&#39;http%3A%2F%2Fwww.w3.org%2F2000%2Fsvg&#39;%20viewBox%3D&#39;0%200%20100%20100&#39;%2F%3E\" data-src=\"https:\/\/www.binomiumproperties.com\/wp-content\/uploads\/2023\/08\/2-scaled-100x100.jpg\" data-srcset=\"https:\/\/www.binomiumproperties.com\/wp-content\/uploads\/2023\/08\/2-scaled-100x100.jpg 100w, https:\/\/www.binomiumproperties.com\/wp-content\/uploads\/2023\/08\/2-scaled-200x200.jpg 200w\" loading=\"eager\" style=\"--ratio: 100 \/ 100;\" sizes=\"(max-width: 100px) 100vw, 100px\" alt=\"\" width=\"100\" height=\"100\"  \/><\/a>\t<\/figure>\n<\/article>\n\n\n<article class=\"post post-56277 attachment type-attachment status-inherit hentry no-img description-off\">\n\n\t<figure class=\"rollover-project links-hovers-disabled\">\n\t<a href=\"https:\/\/www.binomiumproperties.com\/wp-content\/uploads\/2023\/08\/3-apart-scaled.jpg\" class=\"rollover rollover-zoom dt-pswp-item layzr-bg\" title=\"3-apart\" data-dt-img-description=\"\"  data-large_image_width=\"2560\" data-large_image_height = \"1440\"  data-dt-location=\"https:\/\/www.binomiumproperties.com\/fr\/3-apart-2\/\" ><img class=\"preload-me lazy-load aspect\" src=\"data:image\/svg+xml,%3Csvg%20xmlns%3D&#39;http%3A%2F%2Fwww.w3.org%2F2000%2Fsvg&#39;%20viewBox%3D&#39;0%200%20100%20100&#39;%2F%3E\" data-src=\"https:\/\/www.binomiumproperties.com\/wp-content\/uploads\/2023\/08\/3-apart-scaled-100x100.jpg\" data-srcset=\"https:\/\/www.binomiumproperties.com\/wp-content\/uploads\/2023\/08\/3-apart-scaled-100x100.jpg 100w, https:\/\/www.binomiumproperties.com\/wp-content\/uploads\/2023\/08\/3-apart-scaled-200x200.jpg 200w\" loading=\"eager\" style=\"--ratio: 100 \/ 100;\" sizes=\"(max-width: 100px) 100vw, 100px\" alt=\"\" width=\"100\" height=\"100\"  \/><\/a>\t<\/figure>\n<\/article>\n\n\n<article class=\"post post-56280 attachment type-attachment status-inherit hentry no-img description-off\">\n\n\t<figure class=\"rollover-project links-hovers-disabled\">\n\t<a href=\"https:\/\/www.binomiumproperties.com\/wp-content\/uploads\/2023\/08\/4-villa-scaled.jpg\" class=\"rollover rollover-zoom dt-pswp-item layzr-bg\" title=\"4-villa\" data-dt-img-description=\"\"  data-large_image_width=\"2560\" data-large_image_height = \"1440\"  data-dt-location=\"https:\/\/www.binomiumproperties.com\/fr\/4-villa-2\/\" ><img class=\"preload-me lazy-load aspect\" src=\"data:image\/svg+xml,%3Csvg%20xmlns%3D&#39;http%3A%2F%2Fwww.w3.org%2F2000%2Fsvg&#39;%20viewBox%3D&#39;0%200%20100%20100&#39;%2F%3E\" data-src=\"https:\/\/www.binomiumproperties.com\/wp-content\/uploads\/2023\/08\/4-villa-scaled-100x100.jpg\" data-srcset=\"https:\/\/www.binomiumproperties.com\/wp-content\/uploads\/2023\/08\/4-villa-scaled-100x100.jpg 100w, https:\/\/www.binomiumproperties.com\/wp-content\/uploads\/2023\/08\/4-villa-scaled-200x200.jpg 200w\" loading=\"eager\" style=\"--ratio: 100 \/ 100;\" sizes=\"(max-width: 100px) 100vw, 100px\" alt=\"\" width=\"100\" height=\"100\"  \/><\/a>\t<\/figure>\n<\/article>\n\n\n<article class=\"post post-56283 attachment type-attachment status-inherit hentry no-img description-off\">\n\n\t<figure class=\"rollover-project links-hovers-disabled\">\n\t<a href=\"https:\/\/www.binomiumproperties.com\/wp-content\/uploads\/2023\/08\/5-apart-scaled.jpg\" class=\"rollover rollover-zoom dt-pswp-item layzr-bg\" title=\"5-apart\" data-dt-img-description=\"\"  data-large_image_width=\"2560\" data-large_image_height = \"1440\"  data-dt-location=\"https:\/\/www.binomiumproperties.com\/fr\/5-apart-2\/\" ><img class=\"preload-me lazy-load aspect\" src=\"data:image\/svg+xml,%3Csvg%20xmlns%3D&#39;http%3A%2F%2Fwww.w3.org%2F2000%2Fsvg&#39;%20viewBox%3D&#39;0%200%20100%20100&#39;%2F%3E\" data-src=\"https:\/\/www.binomiumproperties.com\/wp-content\/uploads\/2023\/08\/5-apart-scaled-100x100.jpg\" data-srcset=\"https:\/\/www.binomiumproperties.com\/wp-content\/uploads\/2023\/08\/5-apart-scaled-100x100.jpg 100w, https:\/\/www.binomiumproperties.com\/wp-content\/uploads\/2023\/08\/5-apart-scaled-200x200.jpg 200w\" loading=\"eager\" style=\"--ratio: 100 \/ 100;\" sizes=\"(max-width: 100px) 100vw, 100px\" alt=\"\" width=\"100\" height=\"100\"  \/><\/a>\t<\/figure>\n<\/article>\n\n\n<article class=\"post post-56286 attachment type-attachment status-inherit hentry no-img description-off\">\n\n\t<figure class=\"rollover-project links-hovers-disabled\">\n\t<a href=\"https:\/\/www.binomiumproperties.com\/wp-content\/uploads\/2023\/08\/6-apart-scaled.jpg\" class=\"rollover rollover-zoom dt-pswp-item layzr-bg\" title=\"6-apart\" data-dt-img-description=\"\"  data-large_image_width=\"2560\" data-large_image_height = \"1440\"  data-dt-location=\"https:\/\/www.binomiumproperties.com\/fr\/6-apart-2\/\" ><img class=\"preload-me lazy-load aspect\" src=\"data:image\/svg+xml,%3Csvg%20xmlns%3D&#39;http%3A%2F%2Fwww.w3.org%2F2000%2Fsvg&#39;%20viewBox%3D&#39;0%200%20100%20100&#39;%2F%3E\" data-src=\"https:\/\/www.binomiumproperties.com\/wp-content\/uploads\/2023\/08\/6-apart-scaled-100x100.jpg\" data-srcset=\"https:\/\/www.binomiumproperties.com\/wp-content\/uploads\/2023\/08\/6-apart-scaled-100x100.jpg 100w, https:\/\/www.binomiumproperties.com\/wp-content\/uploads\/2023\/08\/6-apart-scaled-200x200.jpg 200w\" loading=\"eager\" style=\"--ratio: 100 \/ 100;\" sizes=\"(max-width: 100px) 100vw, 100px\" alt=\"\" width=\"100\" height=\"100\"  \/><\/a>\t<\/figure>\n<\/article>\n\n\n<article class=\"post post-56289 attachment type-attachment status-inherit hentry no-img description-off\">\n\n\t<figure class=\"rollover-project links-hovers-disabled\">\n\t<a href=\"https:\/\/www.binomiumproperties.com\/wp-content\/uploads\/2023\/08\/7-villa-scaled.jpg\" class=\"rollover rollover-zoom dt-pswp-item layzr-bg\" title=\"7-villa\" data-dt-img-description=\"\"  data-large_image_width=\"2560\" data-large_image_height = \"1440\"  data-dt-location=\"https:\/\/www.binomiumproperties.com\/fr\/7-villa-2\/\" ><img class=\"preload-me lazy-load aspect\" src=\"data:image\/svg+xml,%3Csvg%20xmlns%3D&#39;http%3A%2F%2Fwww.w3.org%2F2000%2Fsvg&#39;%20viewBox%3D&#39;0%200%20100%20100&#39;%2F%3E\" data-src=\"https:\/\/www.binomiumproperties.com\/wp-content\/uploads\/2023\/08\/7-villa-scaled-100x100.jpg\" data-srcset=\"https:\/\/www.binomiumproperties.com\/wp-content\/uploads\/2023\/08\/7-villa-scaled-100x100.jpg 100w, https:\/\/www.binomiumproperties.com\/wp-content\/uploads\/2023\/08\/7-villa-scaled-200x200.jpg 200w\" loading=\"eager\" style=\"--ratio: 100 \/ 100;\" sizes=\"(max-width: 100px) 100vw, 100px\" alt=\"\" width=\"100\" height=\"100\"  \/><\/a>\t<\/figure>\n<\/article>\n\n\n<article class=\"post post-56292 attachment type-attachment status-inherit hentry no-img description-off\">\n\n\t<figure class=\"rollover-project links-hovers-disabled\">\n\t<a href=\"https:\/\/www.binomiumproperties.com\/wp-content\/uploads\/2023\/08\/8-villa-scaled.jpg\" class=\"rollover rollover-zoom dt-pswp-item layzr-bg\" title=\"8-villa\" data-dt-img-description=\"\"  data-large_image_width=\"2560\" data-large_image_height = \"1440\"  data-dt-location=\"https:\/\/www.binomiumproperties.com\/fr\/8-villa-2\/\" ><img class=\"preload-me lazy-load aspect\" src=\"data:image\/svg+xml,%3Csvg%20xmlns%3D&#39;http%3A%2F%2Fwww.w3.org%2F2000%2Fsvg&#39;%20viewBox%3D&#39;0%200%20100%20100&#39;%2F%3E\" data-src=\"https:\/\/www.binomiumproperties.com\/wp-content\/uploads\/2023\/08\/8-villa-scaled-100x100.jpg\" data-srcset=\"https:\/\/www.binomiumproperties.com\/wp-content\/uploads\/2023\/08\/8-villa-scaled-100x100.jpg 100w, https:\/\/www.binomiumproperties.com\/wp-content\/uploads\/2023\/08\/8-villa-scaled-200x200.jpg 200w\" loading=\"eager\" style=\"--ratio: 100 \/ 100;\" sizes=\"(max-width: 100px) 100vw, 100px\" alt=\"\" width=\"100\" height=\"100\"  \/><\/a>\t<\/figure>\n<\/article>\n\n\n<article class=\"post post-56295 attachment type-attachment status-inherit hentry no-img description-off\">\n\n\t<figure class=\"rollover-project links-hovers-disabled\">\n\t<a href=\"https:\/\/www.binomiumproperties.com\/wp-content\/uploads\/2023\/08\/MASTERPLAN-2.jpg\" class=\"rollover rollover-zoom dt-pswp-item layzr-bg\" title=\"MASTERPLAN\" data-dt-img-description=\"\"  data-large_image_width=\"1123\" data-large_image_height = \"794\"  data-dt-location=\"https:\/\/www.binomiumproperties.com\/fr\/masterplan-3-2\/\" ><img class=\"preload-me lazy-load aspect\" src=\"data:image\/svg+xml,%3Csvg%20xmlns%3D&#39;http%3A%2F%2Fwww.w3.org%2F2000%2Fsvg&#39;%20viewBox%3D&#39;0%200%20100%20100&#39;%2F%3E\" data-src=\"https:\/\/www.binomiumproperties.com\/wp-content\/uploads\/2023\/08\/MASTERPLAN-2-100x100.jpg\" data-srcset=\"https:\/\/www.binomiumproperties.com\/wp-content\/uploads\/2023\/08\/MASTERPLAN-2-100x100.jpg 100w, https:\/\/www.binomiumproperties.com\/wp-content\/uploads\/2023\/08\/MASTERPLAN-2-200x200.jpg 200w\" loading=\"eager\" style=\"--ratio: 100 \/ 100;\" sizes=\"(max-width: 100px) 100vw, 100px\" alt=\"\" width=\"100\" height=\"100\"  \/><\/a>\t<\/figure>\n<\/article>\n\n\n<article class=\"post post-56298 attachment type-attachment status-inherit hentry no-img description-off\">\n\n\t<figure class=\"rollover-project links-hovers-disabled\">\n\t<a href=\"https:\/\/www.binomiumproperties.com\/wp-content\/uploads\/2023\/08\/MASTERPLAN2-2.jpg\" class=\"rollover rollover-zoom dt-pswp-item layzr-bg\" title=\"MASTERPLAN2\" data-dt-img-description=\"\"  data-large_image_width=\"1123\" data-large_image_height = \"794\"  data-dt-location=\"https:\/\/www.binomiumproperties.com\/fr\/masterplan2-3-2\/\" ><img class=\"preload-me lazy-load aspect\" src=\"data:image\/svg+xml,%3Csvg%20xmlns%3D&#39;http%3A%2F%2Fwww.w3.org%2F2000%2Fsvg&#39;%20viewBox%3D&#39;0%200%20100%20100&#39;%2F%3E\" data-src=\"https:\/\/www.binomiumproperties.com\/wp-content\/uploads\/2023\/08\/MASTERPLAN2-2-100x100.jpg\" data-srcset=\"https:\/\/www.binomiumproperties.com\/wp-content\/uploads\/2023\/08\/MASTERPLAN2-2-100x100.jpg 100w, https:\/\/www.binomiumproperties.com\/wp-content\/uploads\/2023\/08\/MASTERPLAN2-2-200x200.jpg 200w\" loading=\"eager\" style=\"--ratio: 100 \/ 100;\" sizes=\"(max-width: 100px) 100vw, 100px\" alt=\"\" width=\"100\" height=\"100\"  \/><\/a>\t<\/figure>\n<\/article>\n\n\n<article class=\"post post-56301 attachment type-attachment status-inherit hentry no-img description-off\">\n\n\t<figure class=\"rollover-project links-hovers-disabled\">\n\t<a href=\"https:\/\/www.binomiumproperties.com\/wp-content\/uploads\/2023\/08\/MASTERPLAN3-2.jpg\" class=\"rollover rollover-zoom dt-pswp-item layzr-bg\" title=\"MASTERPLAN3\" data-dt-img-description=\"\"  data-large_image_width=\"1387\" data-large_image_height = \"737\"  data-dt-location=\"https:\/\/www.binomiumproperties.com\/fr\/masterplan3-3-2\/\" ><img class=\"preload-me lazy-load aspect\" src=\"data:image\/svg+xml,%3Csvg%20xmlns%3D&#39;http%3A%2F%2Fwww.w3.org%2F2000%2Fsvg&#39;%20viewBox%3D&#39;0%200%20100%20100&#39;%2F%3E\" data-src=\"https:\/\/www.binomiumproperties.com\/wp-content\/uploads\/2023\/08\/MASTERPLAN3-2-100x100.jpg\" data-srcset=\"https:\/\/www.binomiumproperties.com\/wp-content\/uploads\/2023\/08\/MASTERPLAN3-2-100x100.jpg 100w, https:\/\/www.binomiumproperties.com\/wp-content\/uploads\/2023\/08\/MASTERPLAN3-2-200x200.jpg 200w\" loading=\"eager\" style=\"--ratio: 100 \/ 100;\" sizes=\"(max-width: 100px) 100vw, 100px\" alt=\"\" width=\"100\" height=\"100\"  \/><\/a>\t<\/figure>\n<\/article>\n\n\n<article class=\"post post-56304 attachment type-attachment status-inherit hentry no-img description-off\">\n\n\t<figure class=\"rollover-project links-hovers-disabled\">\n\t<a href=\"https:\/\/www.binomiumproperties.com\/wp-content\/uploads\/2023\/08\/MASTERPLAN4-2.jpg\" class=\"rollover rollover-zoom dt-pswp-item layzr-bg\" title=\"MASTERPLAN4\" data-dt-img-description=\"\"  data-large_image_width=\"1123\" data-large_image_height = \"794\"  data-dt-location=\"https:\/\/www.binomiumproperties.com\/fr\/masterplan4-3-2\/\" ><img class=\"preload-me lazy-load aspect\" src=\"data:image\/svg+xml,%3Csvg%20xmlns%3D&#39;http%3A%2F%2Fwww.w3.org%2F2000%2Fsvg&#39;%20viewBox%3D&#39;0%200%20100%20100&#39;%2F%3E\" data-src=\"https:\/\/www.binomiumproperties.com\/wp-content\/uploads\/2023\/08\/MASTERPLAN4-2-100x100.jpg\" data-srcset=\"https:\/\/www.binomiumproperties.com\/wp-content\/uploads\/2023\/08\/MASTERPLAN4-2-100x100.jpg 100w, https:\/\/www.binomiumproperties.com\/wp-content\/uploads\/2023\/08\/MASTERPLAN4-2-200x200.jpg 200w\" loading=\"eager\" style=\"--ratio: 100 \/ 100;\" sizes=\"(max-width: 100px) 100vw, 100px\" alt=\"\" width=\"100\" height=\"100\"  \/><\/a>\t<\/figure>\n<\/article>\n\n<\/div>[\/vc_column][vc_column width=\u00a0\u00bb1\/3&Prime;][vc_column_text css=\u00a0\u00bb.vc_custom_1692192154352{margin-bottom: 20px !important;}\u00a0\u00bb]<\/p>\n<h3><strong><span class=\"selectable-text1\">R\u00e9sidentiel Dalia<\/span><\/strong><\/h3>\n<p>[\/vc_column_text]<div class=\"standard-arrow list-divider bullet-top\"><ul>\n<li><span style=\"color: #333333;\">LOCATION:<br \/>\n<\/span><span style=\"color: #000000;\"><strong><span class=\"HwtZe\" lang=\"fr\"><span class=\"jCAhz ChMk0b\"><span class=\"ryNqvb\">Urbanisation Las Higuericas (Torre de la Horadada)<\/span><\/span><\/span><br \/>\n<span class=\"HwtZe\" lang=\"fr\"><span class=\"jCAhz ChMk0b\"><span class=\"ryNqvb\">Avec vue sur la mer<\/span><\/span><\/span><br \/>\n<\/strong><\/span><\/li>\n<li><span class=\"HwtZe\" lang=\"fr\"><span class=\"jCAhz ChMk0b\"><span class=\"ryNqvb\">TYPE DE LOGEMENT:<\/span><\/span><\/span><br \/>\n<strong><span class=\"selectable-text1\">4 appartements et une maison avec jardin, piscine et solarium<\/span><\/strong><\/li>\n<\/ul>\n<\/div>[vc_column_text]<span class=\"HwtZe\" lang=\"fr\"><span class=\"jCAhz ChMk0b\"><span class=\"ryNqvb\"><strong>Residencial exclusif Dalia<\/strong>, situ\u00e9 \u00e0 seulement 50 m\u00e8tres de la plage de Las Higuericas, Torre de la Horadada, l&rsquo;endroit id\u00e9al pour profiter du style de vie m\u00e9diterran\u00e9en au bord de la mer.<\/span><\/span> <span class=\"jCAhz ChMk0b\"><span class=\"ryNqvb\">Situ\u00e9 dans un environnement serein \u00e0 proximit\u00e9 de tous les services de base et \u00e0 seulement 45 minutes de l&rsquo;a\u00e9roport d&rsquo;Alicante et \u00e0 15 minutes de l&rsquo;a\u00e9roport de San Javier.<\/span><\/span><\/span><\/p>\n<p><span class=\"HwtZe\" lang=\"fr\"> <span class=\"jCAhz ChMk0b\"><span class=\"ryNqvb\">R\u00e9sidentiel compos\u00e9 de <strong>quatre appartements avec deux chambres et deux salles de bains et d&rsquo;une villa ind\u00e9pendante avec trois chambres et deux salles de bains<\/strong>.<\/span><\/span><\/span><\/p>\n<p><span class=\"HwtZe\" lang=\"fr\"> <span class=\"jCAhz ChMk0b\"><span class=\"ryNqvb\">Deux des appartements sont au rez-de-chauss\u00e9e avec de grands jardins et la possibilit\u00e9 d&rsquo;inclure une piscine priv\u00e9e.<\/span><\/span> <span class=\"jCAhz ChMk0b\"><span class=\"ryNqvb\">Deux autres sont situ\u00e9s au premier \u00e9tage avec de grandes terrasses et un solarium offrant une vue incroyable sur la mer.<\/span><\/span><\/span><\/p>\n<p><span class=\"HwtZe\" lang=\"fr\"><span class=\"jCAhz ChMk0b\"><span class=\"ryNqvb\">La villa a deux \u00e9tages, un grand jardin, une piscine priv\u00e9e et un grand solarium \u00e0 l&rsquo;\u00e9tage couvert avec vue sur la mer.<\/span><\/span> <\/span><\/p>\n<p><span class=\"HwtZe\" lang=\"fr\"><span class=\"jCAhz ChMk0b\"><span class=\"ryNqvb\">Toutes les maisons ont \u00e9t\u00e9 con\u00e7ues pour offrir un maximum d&rsquo;espace, de lumi\u00e8re et de confort pour faire de votre s\u00e9jour une exp\u00e9rience unique.<\/span><\/span><br \/>\n<\/span>[\/vc_column_text][\/vc_column][\/vc_row][vc_row][vc_column][vc_gmaps link=\u00a0\u00bb#E-8_JTNDaWZyYW1lJTIwc3JjJTNEJTIyaHR0cHMlM0ElMkYlMkZ3d3cuZ29vZ2xlLmNvbSUyRm1hcHMlMkZlbWJlZCUzRnBiJTNEJTIxMW0xNyUyMTFtMTIlMjExbTMlMjExZDMxNTAuMTYxMTMzMzE5MzU5NiUyMTJkLTAuNzY0NzgyMDAwMDAwMDAwMSUyMTNkMzcuODU2NTE5OTk5OTk5OTk2JTIxMm0zJTIxMWYwJTIxMmYwJTIxM2YwJTIxM20yJTIxMWkxMDI0JTIxMmk3NjglMjE0ZjEzLjElMjEzbTIlMjExbTElMjEyek16ZkNzRFV4SnpJekxqVWlUaUF3d3JBME5TYzFNeTR5SWxjJTIxNWUwJTIxM20yJTIxMXNlcy00MTklMjEyc2VzJTIxNHYxNjkwNDU1OTU3OTEzJTIxNW0yJTIxMXNlcy00MTklMjEyc2VzJTIyJTIwd2lkdGglM0QlMjI2MDAlMjIlMjBoZWlnaHQlM0QlMjI0NTAlMjIlMjBmcmFtZWJvcmRlciUzRCUyMjAlMjIlMjBzdHlsZSUzRCUyMmJvcmRlciUzQTAlMjIlMjBhbGxvd2Z1bGxzY3JlZW4lMjBsb2FkaW5nJTNEJTIybGF6eSUyMiUzRSUzQyUyRmlmcmFtZSUzRQ==\u00a0\u00bb title=\u00a0\u00bbSituation\u00a0\u00bb css=\u00a0\u00bb.vc_custom_1692187419324{margin-top: 20px !important;}\u00a0\u00bb][\/vc_column][\/vc_row][vc_row type=\u00a0\u00bb2&Prime; padding_top=\u00a0\u00bb30px\u00a0\u00bb padding_bottom=\u00a0\u00bb30px\u00a0\u00bb bg_color=\u00a0\u00bb#333333&Prime; css=\u00a0\u00bb.vc_custom_1518112293780{background-color: #4c4c4c !important;}\u00a0\u00bb][vc_column width=\u00a0\u00bb1\/4&Prime;][vc_column_text]<\/p>\n<h2><span class=\"HwtZe\" lang=\"fr\"><span class=\"jCAhz ChMk0b\"><span class=\"ryNqvb\">C&rsquo;est interessant?<\/span><\/span><\/span><\/h2>\n<p style=\"text-align: left;\" align=\"justify\"><span class=\"HwtZe\" lang=\"fr\"><span class=\"jCAhz ChMk0b\"><span class=\"ryNqvb\">Si vous avez \u00e9t\u00e9 int\u00e9ress\u00e9 par Residencial Dalia, n&rsquo;h\u00e9sitez pas \u00e0 nous contacter via ce formulaire web.<\/span><\/span> <span class=\"jCAhz ChMk0b\"><span class=\"ryNqvb\">Nous vous contacterons d\u00e8s que possible pour effectuer une visite d&rsquo;inspection et v\u00e9rifier ces maisons situ\u00e9es dans l&rsquo;urbanisation Las Higuericas (Torre de la Horadada)<\/span><\/span><\/span><\/p>\n<p>[\/vc_column_text][\/vc_column][vc_column width=\u00a0\u00bb3\/4&Prime;]<form class=\"dt-contact-form dt-form\" method=\"post\"><input type=\"hidden\" name=\"widget_id\" value=\"presscore-contact-form-widget--1\" \/><input type=\"hidden\" name=\"send_message\" value=\"\" \/><input type=\"hidden\" name=\"security_token\" value=\"a426d491c70fec8c8996\"\/><div class=\"form-fields\"><span class=\"form-name\"><label class=\"assistive-text\">Nom *<\/label><input type=\"text\" class=\"validate[required]\" placeholder=\"Nom *\" name=\"name\" value=\"\" aria-required=\"true\">\n<\/span><span class=\"form-mail\"><label class=\"assistive-text\">E-mail *<\/label><input type=\"text\" class=\"validate[required,custom[email]]\" placeholder=\"E-mail *\" name=\"email\" value=\"\" aria-required=\"true\">\n<\/span><span class=\"form-telephone\"><label class=\"assistive-text\">T\u00e9l\u00e9phone *<\/label><input type=\"text\" class=\"validate[required,custom[phone]]\" placeholder=\"T\u00e9l\u00e9phone *\" name=\"telephone\" value=\"\" aria-required=\"true\">\n<\/span><span class=\"form-country\"><label class=\"assistive-text\">Pays<\/label><input type=\"text\" placeholder=\"Pays\" name=\"country\" value=\"\" aria-required=\"false\">\n<\/span><span class=\"form-city\"><label class=\"assistive-text\">Ville<\/label><input type=\"text\" placeholder=\"Ville\" name=\"city\" value=\"\" aria-required=\"false\">\n<\/span><\/div><span class=\"form-message\"><label class=\"assistive-text\">Message *<\/label><textarea class=\"validate[required]\" placeholder=\"Message *\" name=\"message\" rows=\"6\" aria-required=\"true\"><\/textarea>\n<\/span><p><a href=\"#\" class=\"dt-btn dt-btn-m dt-btn-submit\" rel=\"nofollow\"><span>SEND<\/span><\/a><input class=\"assistive-text\" type=\"submit\" value=\"envoyer\"><\/p><\/form>\n[\/vc_column][\/vc_row][vc_row margin_top=\u00a0\u00bb50px\u00a0\u00bb full_width_row=\u00a0\u00bbtrue\u00a0\u00bb][vc_column][vc_column_text]<\/p>\n<h3 style=\"text-align: center;\"><span class=\"HwtZe\" lang=\"fr\"><span class=\"jCAhz ChMk0b\"><span class=\"ryNqvb\">AUTRES PROMOTIONS<\/span><\/span><\/span><\/h3>\n<p>[\/vc_column_text][vc_row_inner][vc_column_inner width=\u00a0\u00bb1\/3&Prime;][vc_single_image image=\u00a0\u00bb56151&Prime; img_size=\u00a0\u00bbfull\u00a0\u00bb alignment=\u00a0\u00bbcenter\u00a0\u00bb onclick=\u00a0\u00bbcustom_link\u00a0\u00bb image_hovers=\u00a0\u00bbfalse\u00a0\u00bb link=\u00a0\u00bbhttps:\/\/www.binomiumproperties.com\/riomar-luxury-villas\/\u00a0\u00bb css=\u00a0\u00bb.vc_custom_1690456569734{margin-top: 20px !important;margin-right: 20px !important;margin-bottom: 20px !important;margin-left: 20px !important;}\u00a0\u00bb][\/vc_column_inner][vc_column_inner width=\u00a0\u00bb1\/3&Prime;][vc_single_image image=\u00a0\u00bb53993&Prime; img_size=\u00a0\u00bbfull\u00a0\u00bb alignment=\u00a0\u00bbcenter\u00a0\u00bb onclick=\u00a0\u00bbcustom_link\u00a0\u00bb image_hovers=\u00a0\u00bbfalse\u00a0\u00bb link=\u00a0\u00bbhttps:\/\/www.binomiumproperties.com\/villas-roda-golf\/\u00a0\u00bb css=\u00a0\u00bb.vc_custom_1639483059252{margin-top: 20px !important;margin-right: 20px !important;margin-bottom: 20px !important;margin-left: 20px !important;}\u00a0\u00bb][\/vc_column_inner][vc_column_inner width=\u00a0\u00bb1\/3&Prime;][vc_single_image image=\u00a0\u00bb54154&Prime; img_size=\u00a0\u00bbfull\u00a0\u00bb alignment=\u00a0\u00bbcenter\u00a0\u00bb onclick=\u00a0\u00bbcustom_link\u00a0\u00bb image_hovers=\u00a0\u00bbfalse\u00a0\u00bb link=\u00a0\u00bbhttp:\/\/www.binomiumproperties.com\/en\/residential-bianca\/\u00a0\u00bb css=\u00a0\u00bb.vc_custom_1543481846093{margin-top: 20px !important;margin-right: 20px !important;margin-bottom: 20px !important;margin-left: 20px !important;}\u00a0\u00bb][\/vc_column_inner][\/vc_row_inner][\/vc_column][\/vc_row]<\/p>\n<\/section>","protected":false},"excerpt":{"rendered":"<p>[vc_row margin_top=\u00a0\u00bb20&Prime; margin_bottom=\u00a0\u00bb20&Prime; css=\u00a0\u00bb.vc_custom_1690804969372{margin-bottom: 20px !important;}\u00a0\u00bb][vc_column width=\u00a0\u00bb2\/3&Prime;][vc_single_image image=\u00a0\u00bb56270&Prime; img_size=\u00a0\u00bbfull\u00a0\u00bb image_hovers=\u00a0\u00bbfalse\u00a0\u00bb css=\u00a0\u00bb.vc_custom_1692187438910{margin-bottom: 20px !important;}\u00a0\u00bb][\/vc_column][vc_column width=\u00a0\u00bb1\/3&Prime;][vc_column_text css=\u00a0\u00bb.vc_custom_1692192154352{margin-bottom: 20px !important;}\u00a0\u00bb] R\u00e9sidentiel Dalia [\/vc_column_text][vc_column_text]Residencial exclusif Dalia, situ\u00e9 \u00e0 seulement 50 m\u00e8tres de la plage de Las Higuericas, Torre de la Horadada, l&rsquo;endroit id\u00e9al pour profiter du style de vie m\u00e9diterran\u00e9en au bord de la mer. Situ\u00e9 dans un environnement&hellip;<\/p>\n","protected":false},"author":1,"featured_media":0,"parent":0,"menu_order":0,"comment_status":"closed","ping_status":"closed","template":"","meta":{"_seopress_robots_primary_cat":""},"_links":{"self":[{"href":"https:\/\/www.binomiumproperties.com\/fr\/wp-json\/wp\/v2\/pages\/56332"}],"collection":[{"href":"https:\/\/www.binomiumproperties.com\/fr\/wp-json\/wp\/v2\/pages"}],"about":[{"href":"https:\/\/www.binomiumproperties.com\/fr\/wp-json\/wp\/v2\/types\/page"}],"author":[{"embeddable":true,"href":"https:\/\/www.binomiumproperties.com\/fr\/wp-json\/wp\/v2\/users\/1"}],"replies":[{"embeddable":true,"href":"https:\/\/www.binomiumproperties.com\/fr\/wp-json\/wp\/v2\/comments?post=56332"}],"version-history":[{"count":3,"href":"https:\/\/www.binomiumproperties.com\/fr\/wp-json\/wp\/v2\/pages\/56332\/revisions"}],"predecessor-version":[{"id":56352,"href":"https:\/\/www.binomiumproperties.com\/fr\/wp-json\/wp\/v2\/pages\/56332\/revisions\/56352"}],"wp:attachment":[{"href":"https:\/\/www.binomiumproperties.com\/fr\/wp-json\/wp\/v2\/media?parent=56332"}],"curies":[{"name":"wp","href":"https:\/\/api.w.org\/{rel}","templated":true}]}}